{"id":763,"date":"2018-10-26T08:52:18","date_gmt":"2018-10-26T06:52:18","guid":{"rendered":"http:\/\/evaas.vetagro-sup.fr\/?page_id=763"},"modified":"2021-02-23T15:07:02","modified_gmt":"2021-02-23T14:07:02","slug":"cursus-ingenieur-agronome","status":"publish","type":"page","link":"https:\/\/evaas.vetagro-sup.fr\/index.php\/cursus-ingenieur-agronome\/","title":{"rendered":"Cursus ing\u00e9nieur agronome"},"content":{"rendered":"\t\t<div data-elementor-type=\"wp-post\" data-elementor-id=\"763\" class=\"elementor elementor-763\">\n\t\t\t\t\t\t<section class=\"elementor-section elementor-top-section elementor-element elementor-element-d43ff44 elementor-section-boxed elementor-section-height-default elementor-section-height-default reptro-section-padding-large\" data-id=\"d43ff44\" data-element_type=\"section\" data-e-type=\"section\">\n\t\t\t\t\t\t<div class=\"elementor-container elementor-column-gap-default\">\n\t\t\t\t\t<div class=\"elementor-column elementor-col-100 elementor-top-column elementor-element elementor-element-a6bd8f5\" data-id=\"a6bd8f5\" data-element_type=\"column\" data-e-type=\"column\">\n\t\t\t<div class=\"elementor-widget-wrap elementor-element-populated\">\n\t\t\t\t\t\t<div class=\"elementor-element elementor-element-51533fb elementor-widget elementor-widget-reptro_section_title\" data-id=\"51533fb\" data-element_type=\"widget\" data-e-type=\"widget\" data-widget_type=\"reptro_section_title.default\">\n\t\t\t\t<div class=\"elementor-widget-container\">\n\t\t\t\t\t<h2 class=\"reptro-section-title text-default margin-bottom-small section-title-type-border margin-top-small section-title-font-size-default section-title-color-default\"><span>Option Agriculture, Environnement, Sant\u00e9 Territoire<\/span><\/h2>\t\t\t\t<\/div>\n\t\t\t\t<\/div>\n\t\t\t\t<div class=\"elementor-element elementor-element-81c31e7 elementor-widget elementor-widget-text-editor\" data-id=\"81c31e7\" data-element_type=\"widget\" data-e-type=\"widget\" data-widget_type=\"text-editor.default\">\n\t\t\t\t<div class=\"elementor-widget-container\">\n\t\t\t\t\t\t\t\t\t<p>Au cours du semestre 9 de la <a href=\"http:\/\/www.vetagro-sup.fr\/formations\/ingenieur-agronome\/\" target=\"_blank\" rel=\"noopener\">formation d&rsquo;ing\u00e9nieur agronome<\/a> \u00e0 VetAgro Sup, il est propos\u00e9 de suivre l&rsquo;option \u00ab\u00a0Agriculture, Environnement, Sant\u00e9, Territoire\u00a0\u00bb (<a href=\"http:\/\/www.vetagro-sup.fr\/formations\/ingenieur-agronome\/deroulement-des-etudes\/\" target=\"_blank\" rel=\"noopener\">AEST<\/a>).\u00a0<\/p><p>Cet enseignement a\u00a0pour but de former des ing\u00e9nieur.e.s sp\u00e9cialis\u00e9.e.s dans la conception, la mise en \u0153uvre et l\u2019animation de solutions op\u00e9rationnelles visant \u00e0 r\u00e9pondre \u00e0 des enjeux de sant\u00e9 animale et humaine dans les territoires : contr\u00f4le des esp\u00e8ces vecteurs de maladies \u00e9mergentes, r\u00e9duction des pesticides, ma\u00eetrise des germes pathog\u00e8nes au sein d\u2019une fili\u00e8re agroalimentaire.<\/p><p>Il permet notamment un approfondissement des connaissances en \u00e9cologie, sant\u00e9 humaine, \u00e9co-toxicologie, sciences humaines et sociales et un d\u00e9veloppement de comp\u00e9tences en conduite et animation de projets collectifs, diagnostic agro-territorial, veille, pr\u00e9vention et management des risques sanitaires, gestion des conflits, mod\u00e9lisation de la valorisation des bio-ressources.<\/p>\t\t\t\t\t\t\t\t<\/div>\n\t\t\t\t<\/div>\n\t\t\t\t\t<\/div>\n\t\t<\/div>\n\t\t\t\t\t<\/div>\n\t\t<\/section>\n\t\t\t\t<\/div>\n\t\t","protected":false},"excerpt":{"rendered":"<p>Option Agriculture, Environnement, Sant\u00e9 Territoire Au cours du semestre 9 de la formation d&rsquo;ing\u00e9nieur agronome \u00e0 VetAgro Sup, il est propos\u00e9 de suivre l&rsquo;option \u00ab\u00a0Agriculture, Environnement, Sant\u00e9, Territoire\u00a0\u00bb (AEST).\u00a0 Cet enseignement a\u00a0pour but de former des ing\u00e9nieur.e.s sp\u00e9cialis\u00e9.e.s dans la conception, la mise en \u0153uvre et l\u2019animation de solutions op\u00e9rationnelles visant \u00e0 r\u00e9pondre \u00e0 des&#8230;<\/p>\n","protected":false},"author":1,"featured_media":0,"parent":0,"menu_order":0,"comment_status":"closed","ping_status":"closed","template":"","meta":{"_monsterinsights_skip_tracking":false,"_monsterinsights_sitenote_active":false,"_monsterinsights_sitenote_note":"","_monsterinsights_sitenote_category":0,"_uf_show_specific_survey":0,"_uf_disable_surveys":false,"footnotes":""},"class_list":["post-763","page","type-page","status-publish","hentry"],"yoast_head":"<!-- This site is optimized with the Yoast SEO plugin v27.6 - https:\/\/yoast.com\/product\/yoast-seo-wordpress\/ -->\n<title>Cursus ing\u00e9nieur agronome - EVAAS<\/title>\n<meta name=\"robots\" content=\"index, follow, max-snippet:-1, max-image-preview:large, max-video-preview:-1\" \/>\n<link rel=\"canonical\" href=\"https:\/\/evaas.vetagro-sup.fr\/index.php\/cursus-ingenieur-agronome\/\" \/>\n<meta property=\"og:locale\" content=\"fr_FR\" \/>\n<meta property=\"og:type\" content=\"article\" \/>\n<meta property=\"og:title\" content=\"Cursus ing\u00e9nieur agronome - EVAAS\" \/>\n<meta property=\"og:description\" content=\"Option Agriculture, Environnement, Sant\u00e9 Territoire Au cours du semestre 9 de la formation d&rsquo;ing\u00e9nieur agronome \u00e0 VetAgro Sup, il est propos\u00e9 de suivre l&rsquo;option \u00ab\u00a0Agriculture, Environnement, Sant\u00e9, Territoire\u00a0\u00bb (AEST).\u00a0 Cet enseignement a\u00a0pour but de former des ing\u00e9nieur.e.s sp\u00e9cialis\u00e9.e.s dans la conception, la mise en \u0153uvre et l\u2019animation de solutions op\u00e9rationnelles visant \u00e0 r\u00e9pondre \u00e0 des&#8230;\" \/>\n<meta property=\"og:url\" content=\"https:\/\/evaas.vetagro-sup.fr\/index.php\/cursus-ingenieur-agronome\/\" \/>\n<meta property=\"og:site_name\" content=\"EVAAS\" \/>\n<meta property=\"article:modified_time\" content=\"2021-02-23T14:07:02+00:00\" \/>\n<meta name=\"twitter:card\" content=\"summary_large_image\" \/>\n<meta name=\"twitter:label1\" content=\"Dur\u00e9e de lecture estim\u00e9e\" \/>\n\t<meta name=\"twitter:data1\" content=\"1 minute\" \/>\n<script type=\"application\/ld+json\" class=\"yoast-schema-graph\">{\"@context\":\"https:\\\/\\\/schema.org\",\"@graph\":[{\"@type\":\"WebPage\",\"@id\":\"https:\\\/\\\/evaas.vetagro-sup.fr\\\/index.php\\\/cursus-ingenieur-agronome\\\/\",\"url\":\"https:\\\/\\\/evaas.vetagro-sup.fr\\\/index.php\\\/cursus-ingenieur-agronome\\\/\",\"name\":\"Cursus ing\u00e9nieur agronome - EVAAS\",\"isPartOf\":{\"@id\":\"https:\\\/\\\/evaas.vetagro-sup.fr\\\/#website\"},\"datePublished\":\"2018-10-26T06:52:18+00:00\",\"dateModified\":\"2021-02-23T14:07:02+00:00\",\"breadcrumb\":{\"@id\":\"https:\\\/\\\/evaas.vetagro-sup.fr\\\/index.php\\\/cursus-ingenieur-agronome\\\/#breadcrumb\"},\"inLanguage\":\"fr-FR\",\"potentialAction\":[{\"@type\":\"ReadAction\",\"target\":[\"https:\\\/\\\/evaas.vetagro-sup.fr\\\/index.php\\\/cursus-ingenieur-agronome\\\/\"]}]},{\"@type\":\"BreadcrumbList\",\"@id\":\"https:\\\/\\\/evaas.vetagro-sup.fr\\\/index.php\\\/cursus-ingenieur-agronome\\\/#breadcrumb\",\"itemListElement\":[{\"@type\":\"ListItem\",\"position\":1,\"name\":\"Accueil\",\"item\":\"https:\\\/\\\/evaas.vetagro-sup.fr\\\/\"},{\"@type\":\"ListItem\",\"position\":2,\"name\":\"Cursus ing\u00e9nieur agronome\"}]},{\"@type\":\"WebSite\",\"@id\":\"https:\\\/\\\/evaas.vetagro-sup.fr\\\/#website\",\"url\":\"https:\\\/\\\/evaas.vetagro-sup.fr\\\/\",\"name\":\"EVAAS\",\"description\":\"Expertise scientifique collective multidisciplinaire en sant\u00e9 de la faune sauvage\",\"publisher\":{\"@id\":\"https:\\\/\\\/evaas.vetagro-sup.fr\\\/#organization\"},\"potentialAction\":[{\"@type\":\"SearchAction\",\"target\":{\"@type\":\"EntryPoint\",\"urlTemplate\":\"https:\\\/\\\/evaas.vetagro-sup.fr\\\/?s={search_term_string}\"},\"query-input\":{\"@type\":\"PropertyValueSpecification\",\"valueRequired\":true,\"valueName\":\"search_term_string\"}}],\"inLanguage\":\"fr-FR\"},{\"@type\":\"Organization\",\"@id\":\"https:\\\/\\\/evaas.vetagro-sup.fr\\\/#organization\",\"name\":\"P\u00f4le EVAAS\",\"url\":\"https:\\\/\\\/evaas.vetagro-sup.fr\\\/\",\"logo\":{\"@type\":\"ImageObject\",\"inLanguage\":\"fr-FR\",\"@id\":\"https:\\\/\\\/evaas.vetagro-sup.fr\\\/#\\\/schema\\\/logo\\\/image\\\/\",\"url\":\"http:\\\/\\\/evaas.vetagro-sup.fr\\\/wp-content\\\/uploads\\\/2018\\\/10\\\/logo_EVAAS_ecran_sans_fond-e1539174118936.png\",\"contentUrl\":\"http:\\\/\\\/evaas.vetagro-sup.fr\\\/wp-content\\\/uploads\\\/2018\\\/10\\\/logo_EVAAS_ecran_sans_fond-e1539174118936.png\",\"width\":387,\"height\":150,\"caption\":\"P\u00f4le EVAAS\"},\"image\":{\"@id\":\"https:\\\/\\\/evaas.vetagro-sup.fr\\\/#\\\/schema\\\/logo\\\/image\\\/\"}}]}<\/script>\n<!-- \/ Yoast SEO plugin. -->","yoast_head_json":{"title":"Cursus ing\u00e9nieur agronome - EVAAS","robots":{"index":"index","follow":"follow","max-snippet":"max-snippet:-1","max-image-preview":"max-image-preview:large","max-video-preview":"max-video-preview:-1"},"canonical":"https:\/\/evaas.vetagro-sup.fr\/index.php\/cursus-ingenieur-agronome\/","og_locale":"fr_FR","og_type":"article","og_title":"Cursus ing\u00e9nieur agronome - EVAAS","og_description":"Option Agriculture, Environnement, Sant\u00e9 Territoire Au cours du semestre 9 de la formation d&rsquo;ing\u00e9nieur agronome \u00e0 VetAgro Sup, il est propos\u00e9 de suivre l&rsquo;option \u00ab\u00a0Agriculture, Environnement, Sant\u00e9, Territoire\u00a0\u00bb (AEST).\u00a0 Cet enseignement a\u00a0pour but de former des ing\u00e9nieur.e.s sp\u00e9cialis\u00e9.e.s dans la conception, la mise en \u0153uvre et l\u2019animation de solutions op\u00e9rationnelles visant \u00e0 r\u00e9pondre \u00e0 des&#8230;","og_url":"https:\/\/evaas.vetagro-sup.fr\/index.php\/cursus-ingenieur-agronome\/","og_site_name":"EVAAS","article_modified_time":"2021-02-23T14:07:02+00:00","twitter_card":"summary_large_image","twitter_misc":{"Dur\u00e9e de lecture estim\u00e9e":"1 minute"},"schema":{"@context":"https:\/\/schema.org","@graph":[{"@type":"WebPage","@id":"https:\/\/evaas.vetagro-sup.fr\/index.php\/cursus-ingenieur-agronome\/","url":"https:\/\/evaas.vetagro-sup.fr\/index.php\/cursus-ingenieur-agronome\/","name":"Cursus ing\u00e9nieur agronome - EVAAS","isPartOf":{"@id":"https:\/\/evaas.vetagro-sup.fr\/#website"},"datePublished":"2018-10-26T06:52:18+00:00","dateModified":"2021-02-23T14:07:02+00:00","breadcrumb":{"@id":"https:\/\/evaas.vetagro-sup.fr\/index.php\/cursus-ingenieur-agronome\/#breadcrumb"},"inLanguage":"fr-FR","potentialAction":[{"@type":"ReadAction","target":["https:\/\/evaas.vetagro-sup.fr\/index.php\/cursus-ingenieur-agronome\/"]}]},{"@type":"BreadcrumbList","@id":"https:\/\/evaas.vetagro-sup.fr\/index.php\/cursus-ingenieur-agronome\/#breadcrumb","itemListElement":[{"@type":"ListItem","position":1,"name":"Accueil","item":"https:\/\/evaas.vetagro-sup.fr\/"},{"@type":"ListItem","position":2,"name":"Cursus ing\u00e9nieur agronome"}]},{"@type":"WebSite","@id":"https:\/\/evaas.vetagro-sup.fr\/#website","url":"https:\/\/evaas.vetagro-sup.fr\/","name":"EVAAS","description":"Expertise scientifique collective multidisciplinaire en sant\u00e9 de la faune sauvage","publisher":{"@id":"https:\/\/evaas.vetagro-sup.fr\/#organization"},"potentialAction":[{"@type":"SearchAction","target":{"@type":"EntryPoint","urlTemplate":"https:\/\/evaas.vetagro-sup.fr\/?s={search_term_string}"},"query-input":{"@type":"PropertyValueSpecification","valueRequired":true,"valueName":"search_term_string"}}],"inLanguage":"fr-FR"},{"@type":"Organization","@id":"https:\/\/evaas.vetagro-sup.fr\/#organization","name":"P\u00f4le EVAAS","url":"https:\/\/evaas.vetagro-sup.fr\/","logo":{"@type":"ImageObject","inLanguage":"fr-FR","@id":"https:\/\/evaas.vetagro-sup.fr\/#\/schema\/logo\/image\/","url":"http:\/\/evaas.vetagro-sup.fr\/wp-content\/uploads\/2018\/10\/logo_EVAAS_ecran_sans_fond-e1539174118936.png","contentUrl":"http:\/\/evaas.vetagro-sup.fr\/wp-content\/uploads\/2018\/10\/logo_EVAAS_ecran_sans_fond-e1539174118936.png","width":387,"height":150,"caption":"P\u00f4le EVAAS"},"image":{"@id":"https:\/\/evaas.vetagro-sup.fr\/#\/schema\/logo\/image\/"}}]}},"_links":{"self":[{"href":"https:\/\/evaas.vetagro-sup.fr\/index.php\/wp-json\/wp\/v2\/pages\/763","targetHints":{"allow":["GET"]}}],"collection":[{"href":"https:\/\/evaas.vetagro-sup.fr\/index.php\/wp-json\/wp\/v2\/pages"}],"about":[{"href":"https:\/\/evaas.vetagro-sup.fr\/index.php\/wp-json\/wp\/v2\/types\/page"}],"author":[{"embeddable":true,"href":"https:\/\/evaas.vetagro-sup.fr\/index.php\/wp-json\/wp\/v2\/users\/1"}],"replies":[{"embeddable":true,"href":"https:\/\/evaas.vetagro-sup.fr\/index.php\/wp-json\/wp\/v2\/comments?post=763"}],"version-history":[{"count":23,"href":"https:\/\/evaas.vetagro-sup.fr\/index.php\/wp-json\/wp\/v2\/pages\/763\/revisions"}],"predecessor-version":[{"id":1782,"href":"https:\/\/evaas.vetagro-sup.fr\/index.php\/wp-json\/wp\/v2\/pages\/763\/revisions\/1782"}],"wp:attachment":[{"href":"https:\/\/evaas.vetagro-sup.fr\/index.php\/wp-json\/wp\/v2\/media?parent=763"}],"curies":[{"name":"wp","href":"https:\/\/api.w.org\/{rel}","templated":true}]}}