{"id":761,"date":"2018-10-26T08:50:03","date_gmt":"2018-10-26T06:50:03","guid":{"rendered":"http:\/\/evaas.vetagro-sup.fr\/?page_id=761"},"modified":"2021-10-21T11:21:22","modified_gmt":"2021-10-21T09:21:22","slug":"formation","status":"publish","type":"page","link":"https:\/\/evaas.vetagro-sup.fr\/index.php\/formation\/","title":{"rendered":"Formation"},"content":{"rendered":"\t\t<div data-elementor-type=\"wp-post\" data-elementor-id=\"761\" class=\"elementor elementor-761\">\n\t\t\t\t\t\t<section class=\"elementor-section elementor-top-section elementor-element elementor-element-4ed84a2 reptro-section-padding-medium elementor-section-boxed elementor-section-height-default elementor-section-height-default\" data-id=\"4ed84a2\" data-element_type=\"section\" data-e-type=\"section\">\n\t\t\t\t\t\t<div class=\"elementor-container elementor-column-gap-default\">\n\t\t\t\t\t<div class=\"elementor-column elementor-col-33 elementor-top-column elementor-element elementor-element-9a9cfa3\" data-id=\"9a9cfa3\" data-element_type=\"column\" data-e-type=\"column\">\n\t\t\t<div class=\"elementor-widget-wrap elementor-element-populated\">\n\t\t\t\t\t\t<div class=\"elementor-element elementor-element-10f9bcb elementor-widget elementor-widget-reptro_feature_item\" data-id=\"10f9bcb\" data-element_type=\"widget\" data-e-type=\"widget\" data-widget_type=\"reptro_feature_item.default\">\n\t\t\t\t<div class=\"elementor-widget-container\">\n\t\t\t\t\t            <div class=\"xt-service\">\r\n                <div class=\"each-inner\">\r\n                    <div class=\"xt-service-inner\">\r\n                        <a href=\"http:\/\/evaas.vetagro-sup.fr\/index.php\/cursus-ingenieur-agronome\/\"><i aria-hidden=\"true\" class=\"hs hs-studies\"><\/i><h3>Cursus ing\u00e9nieur agronome<\/h3><hr class=\"title-hr\"><p>D\u00e9couvrez les enseignements relatifs \u00e0 la sant\u00e9 des animaux sauvages propos\u00e9s aux \u00e9tudiants ing\u00e9nieurs agronomes de VetAgro Sup (campus agronome - Clermont-Ferrand).<\/p>\n<\/a>                    <\/div>                    \r\n                <\/div>                    \r\n            <\/div>\r\n        \t\t\t\t<\/div>\n\t\t\t\t<\/div>\n\t\t\t\t\t<\/div>\n\t\t<\/div>\n\t\t\t\t<div class=\"elementor-column elementor-col-33 elementor-top-column elementor-element elementor-element-8291c1a\" data-id=\"8291c1a\" data-element_type=\"column\" data-e-type=\"column\">\n\t\t\t<div class=\"elementor-widget-wrap elementor-element-populated\">\n\t\t\t\t\t\t<div class=\"elementor-element elementor-element-33ee6d3 elementor-widget elementor-widget-reptro_feature_item\" data-id=\"33ee6d3\" data-element_type=\"widget\" data-e-type=\"widget\" data-widget_type=\"reptro_feature_item.default\">\n\t\t\t\t<div class=\"elementor-widget-container\">\n\t\t\t\t\t            <div class=\"xt-service\">\r\n                <div class=\"each-inner\">\r\n                    <div class=\"xt-service-inner\">\r\n                        <a href=\"http:\/\/evaas.vetagro-sup.fr\/index.php\/veterinaire\/\"><i aria-hidden=\"true\" class=\"hs hs-studies\"><\/i><h3>Cursus v\u00e9t\u00e9rinaire<\/h3><hr class=\"title-hr\"><p>D\u00e9couvrez les enseignements relatifs \u00e0 la sant\u00e9 des animaux sauvages propos\u00e9s  aux \u00e9tudiants v\u00e9t\u00e9rinaires de VetAgro Sup (campus v\u00e9t\u00e9rinaire - Lyon).<\/p>\n<\/a>                    <\/div>                    \r\n                <\/div>                    \r\n            <\/div>\r\n        \t\t\t\t<\/div>\n\t\t\t\t<\/div>\n\t\t\t\t\t<\/div>\n\t\t<\/div>\n\t\t\t\t<div class=\"elementor-column elementor-col-33 elementor-top-column elementor-element elementor-element-542c398\" data-id=\"542c398\" data-element_type=\"column\" data-e-type=\"column\">\n\t\t\t<div class=\"elementor-widget-wrap elementor-element-populated\">\n\t\t\t\t\t\t<div class=\"elementor-element elementor-element-51d062b elementor-widget elementor-widget-reptro_feature_item\" data-id=\"51d062b\" data-element_type=\"widget\" data-e-type=\"widget\" data-widget_type=\"reptro_feature_item.default\">\n\t\t\t\t<div class=\"elementor-widget-container\">\n\t\t\t\t\t            <div class=\"xt-service\">\r\n                <div class=\"each-inner\">\r\n                    <div class=\"xt-service-inner\">\r\n                        <a href=\"http:\/\/evaas.vetagro-sup.fr\/index.php\/formation-continue\/\"><i aria-hidden=\"true\" class=\"hs hs-studies\"><\/i><h3>Formation continue<\/h3><hr class=\"title-hr\"><p>D\u00e9couvrez les formations propos\u00e9es aux professionnels travaillant au contact de la faune sauvage.<\/p>\n<\/a>                    <\/div>                    \r\n                <\/div>                    \r\n            <\/div>\r\n        \t\t\t\t<\/div>\n\t\t\t\t<\/div>\n\t\t\t\t\t<\/div>\n\t\t<\/div>\n\t\t\t\t\t<\/div>\n\t\t<\/section>\n\t\t\t\t<\/div>\n\t\t","protected":false},"excerpt":{"rendered":"<p>Cursus ing\u00e9nieur agronome D\u00e9couvrez les enseignements relatifs \u00e0 la sant\u00e9 des animaux sauvages propos\u00e9s aux \u00e9tudiants ing\u00e9nieurs agronomes de VetAgro Sup (campus agronome &#8211; Clermont-Ferrand). Cursus v\u00e9t\u00e9rinaire D\u00e9couvrez les enseignements relatifs \u00e0 la sant\u00e9 des animaux sauvages propos\u00e9s aux \u00e9tudiants v\u00e9t\u00e9rinaires de VetAgro Sup (campus v\u00e9t\u00e9rinaire &#8211; Lyon). Formation continue D\u00e9couvrez les formations propos\u00e9es aux&#8230;<\/p>\n","protected":false},"author":1,"featured_media":0,"parent":0,"menu_order":0,"comment_status":"closed","ping_status":"closed","template":"","meta":{"_monsterinsights_skip_tracking":false,"_monsterinsights_sitenote_active":false,"_monsterinsights_sitenote_note":"","_monsterinsights_sitenote_category":0,"_uf_show_specific_survey":0,"_uf_disable_surveys":false,"footnotes":""},"class_list":["post-761","page","type-page","status-publish","hentry"],"yoast_head":"<!-- This site is optimized with the Yoast SEO plugin v27.6 - https:\/\/yoast.com\/product\/yoast-seo-wordpress\/ -->\n<title>Formation - EVAAS<\/title>\n<meta name=\"robots\" content=\"index, follow, max-snippet:-1, max-image-preview:large, max-video-preview:-1\" \/>\n<link rel=\"canonical\" href=\"https:\/\/evaas.vetagro-sup.fr\/index.php\/formation\/\" \/>\n<meta property=\"og:locale\" content=\"fr_FR\" \/>\n<meta property=\"og:type\" content=\"article\" \/>\n<meta property=\"og:title\" content=\"Formation - EVAAS\" \/>\n<meta property=\"og:description\" content=\"Cursus ing\u00e9nieur agronome D\u00e9couvrez les enseignements relatifs \u00e0 la sant\u00e9 des animaux sauvages propos\u00e9s aux \u00e9tudiants ing\u00e9nieurs agronomes de VetAgro Sup (campus agronome &#8211; Clermont-Ferrand). Cursus v\u00e9t\u00e9rinaire D\u00e9couvrez les enseignements relatifs \u00e0 la sant\u00e9 des animaux sauvages propos\u00e9s aux \u00e9tudiants v\u00e9t\u00e9rinaires de VetAgro Sup (campus v\u00e9t\u00e9rinaire &#8211; Lyon). Formation continue D\u00e9couvrez les formations propos\u00e9es aux&#8230;\" \/>\n<meta property=\"og:url\" content=\"https:\/\/evaas.vetagro-sup.fr\/index.php\/formation\/\" \/>\n<meta property=\"og:site_name\" content=\"EVAAS\" \/>\n<meta property=\"article:modified_time\" content=\"2021-10-21T09:21:22+00:00\" \/>\n<meta name=\"twitter:card\" content=\"summary_large_image\" \/>\n<meta name=\"twitter:label1\" content=\"Dur\u00e9e de lecture estim\u00e9e\" \/>\n\t<meta name=\"twitter:data1\" content=\"1 minute\" \/>\n<script type=\"application\/ld+json\" class=\"yoast-schema-graph\">{\"@context\":\"https:\\\/\\\/schema.org\",\"@graph\":[{\"@type\":\"WebPage\",\"@id\":\"https:\\\/\\\/evaas.vetagro-sup.fr\\\/index.php\\\/formation\\\/\",\"url\":\"https:\\\/\\\/evaas.vetagro-sup.fr\\\/index.php\\\/formation\\\/\",\"name\":\"Formation - EVAAS\",\"isPartOf\":{\"@id\":\"https:\\\/\\\/evaas.vetagro-sup.fr\\\/#website\"},\"datePublished\":\"2018-10-26T06:50:03+00:00\",\"dateModified\":\"2021-10-21T09:21:22+00:00\",\"breadcrumb\":{\"@id\":\"https:\\\/\\\/evaas.vetagro-sup.fr\\\/index.php\\\/formation\\\/#breadcrumb\"},\"inLanguage\":\"fr-FR\",\"potentialAction\":[{\"@type\":\"ReadAction\",\"target\":[\"https:\\\/\\\/evaas.vetagro-sup.fr\\\/index.php\\\/formation\\\/\"]}]},{\"@type\":\"BreadcrumbList\",\"@id\":\"https:\\\/\\\/evaas.vetagro-sup.fr\\\/index.php\\\/formation\\\/#breadcrumb\",\"itemListElement\":[{\"@type\":\"ListItem\",\"position\":1,\"name\":\"Accueil\",\"item\":\"https:\\\/\\\/evaas.vetagro-sup.fr\\\/\"},{\"@type\":\"ListItem\",\"position\":2,\"name\":\"Formation\"}]},{\"@type\":\"WebSite\",\"@id\":\"https:\\\/\\\/evaas.vetagro-sup.fr\\\/#website\",\"url\":\"https:\\\/\\\/evaas.vetagro-sup.fr\\\/\",\"name\":\"EVAAS\",\"description\":\"Expertise scientifique collective multidisciplinaire en sant\u00e9 de la faune sauvage\",\"publisher\":{\"@id\":\"https:\\\/\\\/evaas.vetagro-sup.fr\\\/#organization\"},\"potentialAction\":[{\"@type\":\"SearchAction\",\"target\":{\"@type\":\"EntryPoint\",\"urlTemplate\":\"https:\\\/\\\/evaas.vetagro-sup.fr\\\/?s={search_term_string}\"},\"query-input\":{\"@type\":\"PropertyValueSpecification\",\"valueRequired\":true,\"valueName\":\"search_term_string\"}}],\"inLanguage\":\"fr-FR\"},{\"@type\":\"Organization\",\"@id\":\"https:\\\/\\\/evaas.vetagro-sup.fr\\\/#organization\",\"name\":\"P\u00f4le EVAAS\",\"url\":\"https:\\\/\\\/evaas.vetagro-sup.fr\\\/\",\"logo\":{\"@type\":\"ImageObject\",\"inLanguage\":\"fr-FR\",\"@id\":\"https:\\\/\\\/evaas.vetagro-sup.fr\\\/#\\\/schema\\\/logo\\\/image\\\/\",\"url\":\"http:\\\/\\\/evaas.vetagro-sup.fr\\\/wp-content\\\/uploads\\\/2018\\\/10\\\/logo_EVAAS_ecran_sans_fond-e1539174118936.png\",\"contentUrl\":\"http:\\\/\\\/evaas.vetagro-sup.fr\\\/wp-content\\\/uploads\\\/2018\\\/10\\\/logo_EVAAS_ecran_sans_fond-e1539174118936.png\",\"width\":387,\"height\":150,\"caption\":\"P\u00f4le EVAAS\"},\"image\":{\"@id\":\"https:\\\/\\\/evaas.vetagro-sup.fr\\\/#\\\/schema\\\/logo\\\/image\\\/\"}}]}<\/script>\n<!-- \/ Yoast SEO plugin. -->","yoast_head_json":{"title":"Formation - EVAAS","robots":{"index":"index","follow":"follow","max-snippet":"max-snippet:-1","max-image-preview":"max-image-preview:large","max-video-preview":"max-video-preview:-1"},"canonical":"https:\/\/evaas.vetagro-sup.fr\/index.php\/formation\/","og_locale":"fr_FR","og_type":"article","og_title":"Formation - EVAAS","og_description":"Cursus ing\u00e9nieur agronome D\u00e9couvrez les enseignements relatifs \u00e0 la sant\u00e9 des animaux sauvages propos\u00e9s aux \u00e9tudiants ing\u00e9nieurs agronomes de VetAgro Sup (campus agronome &#8211; Clermont-Ferrand). Cursus v\u00e9t\u00e9rinaire D\u00e9couvrez les enseignements relatifs \u00e0 la sant\u00e9 des animaux sauvages propos\u00e9s aux \u00e9tudiants v\u00e9t\u00e9rinaires de VetAgro Sup (campus v\u00e9t\u00e9rinaire &#8211; Lyon). Formation continue D\u00e9couvrez les formations propos\u00e9es aux&#8230;","og_url":"https:\/\/evaas.vetagro-sup.fr\/index.php\/formation\/","og_site_name":"EVAAS","article_modified_time":"2021-10-21T09:21:22+00:00","twitter_card":"summary_large_image","twitter_misc":{"Dur\u00e9e de lecture estim\u00e9e":"1 minute"},"schema":{"@context":"https:\/\/schema.org","@graph":[{"@type":"WebPage","@id":"https:\/\/evaas.vetagro-sup.fr\/index.php\/formation\/","url":"https:\/\/evaas.vetagro-sup.fr\/index.php\/formation\/","name":"Formation - EVAAS","isPartOf":{"@id":"https:\/\/evaas.vetagro-sup.fr\/#website"},"datePublished":"2018-10-26T06:50:03+00:00","dateModified":"2021-10-21T09:21:22+00:00","breadcrumb":{"@id":"https:\/\/evaas.vetagro-sup.fr\/index.php\/formation\/#breadcrumb"},"inLanguage":"fr-FR","potentialAction":[{"@type":"ReadAction","target":["https:\/\/evaas.vetagro-sup.fr\/index.php\/formation\/"]}]},{"@type":"BreadcrumbList","@id":"https:\/\/evaas.vetagro-sup.fr\/index.php\/formation\/#breadcrumb","itemListElement":[{"@type":"ListItem","position":1,"name":"Accueil","item":"https:\/\/evaas.vetagro-sup.fr\/"},{"@type":"ListItem","position":2,"name":"Formation"}]},{"@type":"WebSite","@id":"https:\/\/evaas.vetagro-sup.fr\/#website","url":"https:\/\/evaas.vetagro-sup.fr\/","name":"EVAAS","description":"Expertise scientifique collective multidisciplinaire en sant\u00e9 de la faune sauvage","publisher":{"@id":"https:\/\/evaas.vetagro-sup.fr\/#organization"},"potentialAction":[{"@type":"SearchAction","target":{"@type":"EntryPoint","urlTemplate":"https:\/\/evaas.vetagro-sup.fr\/?s={search_term_string}"},"query-input":{"@type":"PropertyValueSpecification","valueRequired":true,"valueName":"search_term_string"}}],"inLanguage":"fr-FR"},{"@type":"Organization","@id":"https:\/\/evaas.vetagro-sup.fr\/#organization","name":"P\u00f4le EVAAS","url":"https:\/\/evaas.vetagro-sup.fr\/","logo":{"@type":"ImageObject","inLanguage":"fr-FR","@id":"https:\/\/evaas.vetagro-sup.fr\/#\/schema\/logo\/image\/","url":"http:\/\/evaas.vetagro-sup.fr\/wp-content\/uploads\/2018\/10\/logo_EVAAS_ecran_sans_fond-e1539174118936.png","contentUrl":"http:\/\/evaas.vetagro-sup.fr\/wp-content\/uploads\/2018\/10\/logo_EVAAS_ecran_sans_fond-e1539174118936.png","width":387,"height":150,"caption":"P\u00f4le EVAAS"},"image":{"@id":"https:\/\/evaas.vetagro-sup.fr\/#\/schema\/logo\/image\/"}}]}},"_links":{"self":[{"href":"https:\/\/evaas.vetagro-sup.fr\/index.php\/wp-json\/wp\/v2\/pages\/761","targetHints":{"allow":["GET"]}}],"collection":[{"href":"https:\/\/evaas.vetagro-sup.fr\/index.php\/wp-json\/wp\/v2\/pages"}],"about":[{"href":"https:\/\/evaas.vetagro-sup.fr\/index.php\/wp-json\/wp\/v2\/types\/page"}],"author":[{"embeddable":true,"href":"https:\/\/evaas.vetagro-sup.fr\/index.php\/wp-json\/wp\/v2\/users\/1"}],"replies":[{"embeddable":true,"href":"https:\/\/evaas.vetagro-sup.fr\/index.php\/wp-json\/wp\/v2\/comments?post=761"}],"version-history":[{"count":23,"href":"https:\/\/evaas.vetagro-sup.fr\/index.php\/wp-json\/wp\/v2\/pages\/761\/revisions"}],"predecessor-version":[{"id":2321,"href":"https:\/\/evaas.vetagro-sup.fr\/index.php\/wp-json\/wp\/v2\/pages\/761\/revisions\/2321"}],"wp:attachment":[{"href":"https:\/\/evaas.vetagro-sup.fr\/index.php\/wp-json\/wp\/v2\/media?parent=761"}],"curies":[{"name":"wp","href":"https:\/\/api.w.org\/{rel}","templated":true}]}}