{"id":34,"date":"2018-09-26T15:19:04","date_gmt":"2018-09-26T13:19:04","guid":{"rendered":"http:\/\/evaas.vetagro-sup.fr\/?page_id=34"},"modified":"2021-09-15T09:29:37","modified_gmt":"2021-09-15T07:29:37","slug":"competences","status":"publish","type":"page","link":"https:\/\/evaas.vetagro-sup.fr\/index.php\/competences\/","title":{"rendered":"Comp\u00e9tences"},"content":{"rendered":"\t\t<div data-elementor-type=\"wp-post\" data-elementor-id=\"34\" class=\"elementor elementor-34\">\n\t\t\t\t\t\t<section class=\"elementor-section elementor-top-section elementor-element elementor-element-9880517 reptro-section-padding-no elementor-section-boxed elementor-section-height-default elementor-section-height-default\" data-id=\"9880517\" data-element_type=\"section\" data-e-type=\"section\">\n\t\t\t\t\t\t<div class=\"elementor-container elementor-column-gap-default\">\n\t\t\t\t\t<div class=\"elementor-column elementor-col-100 elementor-top-column elementor-element elementor-element-39e3227\" data-id=\"39e3227\" data-element_type=\"column\" data-e-type=\"column\">\n\t\t\t<div class=\"elementor-widget-wrap elementor-element-populated\">\n\t\t\t\t\t\t<div class=\"elementor-element elementor-element-fb2bbf3 elementor-widget elementor-widget-spacer\" data-id=\"fb2bbf3\" data-element_type=\"widget\" data-e-type=\"widget\" data-widget_type=\"spacer.default\">\n\t\t\t\t<div class=\"elementor-widget-container\">\n\t\t\t\t\t\t\t<div class=\"elementor-spacer\">\n\t\t\t<div class=\"elementor-spacer-inner\"><\/div>\n\t\t<\/div>\n\t\t\t\t\t\t<\/div>\n\t\t\t\t<\/div>\n\t\t\t\t<div class=\"elementor-element elementor-element-8f3dca8 elementor-widget elementor-widget-image\" data-id=\"8f3dca8\" data-element_type=\"widget\" data-e-type=\"widget\" data-widget_type=\"image.default\">\n\t\t\t\t<div class=\"elementor-widget-container\">\n\t\t\t\t\t\t\t\t\t\t\t\t\t\t\t<img decoding=\"async\" src=\"https:\/\/evaas.vetagro-sup.fr\/wp-content\/uploads\/2018\/10\/Nuage-de-mots-4.png\" title=\"Comp\u00e9tences EVAAS\" alt=\"Comp\u00e9tences EVAAS\" loading=\"lazy\" \/>\t\t\t\t\t\t\t\t\t\t\t\t\t\t\t<\/div>\n\t\t\t\t<\/div>\n\t\t\t\t\t<\/div>\n\t\t<\/div>\n\t\t\t\t\t<\/div>\n\t\t<\/section>\n\t\t\t\t<section class=\"elementor-section elementor-top-section elementor-element elementor-element-7e90e3b reptro-section-padding-medium elementor-section-boxed elementor-section-height-default elementor-section-height-default\" data-id=\"7e90e3b\" data-element_type=\"section\" data-e-type=\"section\">\n\t\t\t\t\t\t<div class=\"elementor-container elementor-column-gap-default\">\n\t\t\t\t\t<div class=\"elementor-column elementor-col-100 elementor-top-column elementor-element elementor-element-42cf3d0\" data-id=\"42cf3d0\" data-element_type=\"column\" data-e-type=\"column\">\n\t\t\t<div class=\"elementor-widget-wrap elementor-element-populated\">\n\t\t\t\t\t\t<div class=\"elementor-element elementor-element-14288b7 elementor-widget elementor-widget-reptro_feature_item\" data-id=\"14288b7\" data-element_type=\"widget\" data-e-type=\"widget\" data-widget_type=\"reptro_feature_item.default\">\n\t\t\t\t<div class=\"elementor-widget-container\">\n\t\t\t\t\t            <div class=\"xt-service\">\r\n                <div class=\"each-inner\">\r\n                    <div class=\"xt-service-inner\">\r\n                        <i aria-hidden=\"true\" class=\"sli-energy\"><\/i><h3>Aide \u00e0 la surveillance sanitaire<\/h3><hr class=\"title-hr\"><p>Nous vous conseillons pour l'\u00e9laboration et la mise en place d'un programme de surveillance sanitaire d'une population d'animaux sauvages, puis pour la gestion des donn\u00e9es g\u00e9n\u00e9r\u00e9es. Il peut \u00e9galement s'agir d'un r\u00e9seau d'alerte.<\/p>\n                    <\/div>                    \r\n                <\/div>                    \r\n            <\/div>\r\n        \t\t\t\t<\/div>\n\t\t\t\t<\/div>\n\t\t\t\t<div class=\"elementor-element elementor-element-30b962e elementor-widget elementor-widget-reptro_feature_item\" data-id=\"30b962e\" data-element_type=\"widget\" data-e-type=\"widget\" data-widget_type=\"reptro_feature_item.default\">\n\t\t\t\t<div class=\"elementor-widget-container\">\n\t\t\t\t\t            <div class=\"xt-service\">\r\n                <div class=\"each-inner\">\r\n                    <div class=\"xt-service-inner\">\r\n                        <i aria-hidden=\"true\" class=\"sli-energy\"><\/i><h3>Analyse d&#039;un agro-\u00e9cosyst\u00e8me<\/h3><hr class=\"title-hr\"><p>Les scientifiques du p\u00f4le apportent chacun leurs comp\u00e9tences permettant l'analyse compl\u00e8te d'un agro-\u00e9cosyst\u00e8me, incluant syst\u00e8me agricole, dynamique des paysages, dynamique des populations sauvages, interactions entre esp\u00e8ces... mais aussi dimensions humaines et sociales. Ils peuvent vous appuyer dans les investigations sur des questions sanitaires secondaires \u00e0 un d\u00e9s\u00e9quilibre de cet agro-\u00e9cosyst\u00e8me.<\/p>\n                    <\/div>                    \r\n                <\/div>                    \r\n            <\/div>\r\n        \t\t\t\t<\/div>\n\t\t\t\t<\/div>\n\t\t\t\t<div class=\"elementor-element elementor-element-75439bc elementor-widget elementor-widget-reptro_feature_item\" data-id=\"75439bc\" data-element_type=\"widget\" data-e-type=\"widget\" data-widget_type=\"reptro_feature_item.default\">\n\t\t\t\t<div class=\"elementor-widget-container\">\n\t\t\t\t\t            <div class=\"xt-service\">\r\n                <div class=\"each-inner\">\r\n                    <div class=\"xt-service-inner\">\r\n                        <i aria-hidden=\"true\" class=\"sli-energy\"><\/i><h3>Analyses de risques sanitaires<\/h3><hr class=\"title-hr\"><p>Dans le cadre de projets de d\u00e9placement ou de r\u00e9introduction d'animaux sauvages en milieu naturel, nous vous accompagnons dans l'\u00e9valuation des risques sanitaires associ\u00e9s.<\/p>\n                    <\/div>                    \r\n                <\/div>                    \r\n            <\/div>\r\n        \t\t\t\t<\/div>\n\t\t\t\t<\/div>\n\t\t\t\t<div class=\"elementor-element elementor-element-6f804ad elementor-widget elementor-widget-reptro_feature_item\" data-id=\"6f804ad\" data-element_type=\"widget\" data-e-type=\"widget\" data-widget_type=\"reptro_feature_item.default\">\n\t\t\t\t<div class=\"elementor-widget-container\">\n\t\t\t\t\t            <div class=\"xt-service\">\r\n                <div class=\"each-inner\">\r\n                    <div class=\"xt-service-inner\">\r\n                        <i aria-hidden=\"true\" class=\"sli-energy\"><\/i><h3>Analyse de sc\u00e9narios de gestion<\/h3><hr class=\"title-hr\"><p>Il s'agit d'aider \u00e0 la mise en place d'une politique de surveillance et de gestion sanitaire de la faune. De plus, nous pouvons vous accompagner dans la mise en place d'une politique de gestion de conflits humains-animaux sauvages.<\/p>\n                    <\/div>                    \r\n                <\/div>                    \r\n            <\/div>\r\n        \t\t\t\t<\/div>\n\t\t\t\t<\/div>\n\t\t\t\t<div class=\"elementor-element elementor-element-3c74d6c elementor-widget elementor-widget-reptro_feature_item\" data-id=\"3c74d6c\" data-element_type=\"widget\" data-e-type=\"widget\" data-widget_type=\"reptro_feature_item.default\">\n\t\t\t\t<div class=\"elementor-widget-container\">\n\t\t\t\t\t            <div class=\"xt-service\">\r\n                <div class=\"each-inner\">\r\n                    <div class=\"xt-service-inner\">\r\n                        <i aria-hidden=\"true\" class=\"sli-energy\"><\/i><h3>Analyses toxicologiques<\/h3><hr class=\"title-hr\"><p>Le laboratoire de toxicologie v\u00e9t\u00e9rinaire, plateau technique de diagnostic au sein de VetAgro Sup effectue des analyses toxicologiques. Elles sont r\u00e9alis\u00e9es \u00e0 partir d'\u00e9chantillons biologiques d'animaux non seulement domestiques mais aussi sauvages. Un appareil d'analyse de grande qualit\u00e9, utilisant la chromatographie coupl\u00e9e \u00e0 la spectrophotom\u00e9trie de masse, sera bient\u00f4t utilis\u00e9. Il permettra la recherche simultan\u00e9e de multiples r\u00e9sidus toxiques chez une large gamme d'animaux sauvages.<\/p>\n                    <\/div>                    \r\n                <\/div>                    \r\n            <\/div>\r\n        \t\t\t\t<\/div>\n\t\t\t\t<\/div>\n\t\t\t\t<div class=\"elementor-element elementor-element-0b9ab33 elementor-widget elementor-widget-reptro_feature_item\" data-id=\"0b9ab33\" data-element_type=\"widget\" data-e-type=\"widget\" data-widget_type=\"reptro_feature_item.default\">\n\t\t\t\t<div class=\"elementor-widget-container\">\n\t\t\t\t\t            <div class=\"xt-service\">\r\n                <div class=\"each-inner\">\r\n                    <div class=\"xt-service-inner\">\r\n                        <i aria-hidden=\"true\" class=\"sli-energy\"><\/i><h3>Appui \u00e0 la recherche scientifique<\/h3><hr class=\"title-hr\"><p>Les enseignants-chercheurs et les collaborateurs du p\u00f4le EVAAS peuvent vous apporter un appui scientifique et\/ou technique pour construire un projet de recherche impliquant l'\u00e9valuation de l'\u00e9tat de sant\u00e9 d'animaux sauvages. Il peut s'agir d'aide \u00e0 la r\u00e9alisation de pr\u00e9l\u00e8vements ou d'autopsies dans des conditions de s\u00e9curit\u00e9 biologique et de qualit\u00e9 de recherche ad\u00e9quates, ou encore d'une assistance \u00e0 la r\u00e9alisation de l'\u00e9chantillonnage ou des analyses.<\/p>\n                    <\/div>                    \r\n                <\/div>                    \r\n            <\/div>\r\n        \t\t\t\t<\/div>\n\t\t\t\t<\/div>\n\t\t\t\t<div class=\"elementor-element elementor-element-71b97d2 elementor-widget elementor-widget-reptro_feature_item\" data-id=\"71b97d2\" data-element_type=\"widget\" data-e-type=\"widget\" data-widget_type=\"reptro_feature_item.default\">\n\t\t\t\t<div class=\"elementor-widget-container\">\n\t\t\t\t\t            <div class=\"xt-service\">\r\n                <div class=\"each-inner\">\r\n                    <div class=\"xt-service-inner\">\r\n                        <i aria-hidden=\"true\" class=\"sli-energy\"><\/i><h3>\u00c9laboration d&#039;outils de diagnostic<\/h3><hr class=\"title-hr\"><p>D\u00e9veloppement d'outils permettant d'\u00e9valuer l'\u00e9tat de sant\u00e9 et\/ou de bien-\u00eatre d'un individu ou d'une population sauvage.<\/p>\n                    <\/div>                    \r\n                <\/div>                    \r\n            <\/div>\r\n        \t\t\t\t<\/div>\n\t\t\t\t<\/div>\n\t\t\t\t<div class=\"elementor-element elementor-element-e10bd5b elementor-widget elementor-widget-reptro_feature_item\" data-id=\"e10bd5b\" data-element_type=\"widget\" data-e-type=\"widget\" data-widget_type=\"reptro_feature_item.default\">\n\t\t\t\t<div class=\"elementor-widget-container\">\n\t\t\t\t\t            <div class=\"xt-service\">\r\n                <div class=\"each-inner\">\r\n                    <div class=\"xt-service-inner\">\r\n                        <i aria-hidden=\"true\" class=\"sli-energy\"><\/i><h3>Enqu\u00eate sur un \u00e9pisode de mortalit\u00e9 inhabituel<\/h3><hr class=\"title-hr\"><p>En cas d'\u00e9pisode inhabituel de mortalit\u00e9 chez une esp\u00e8ce animale sauvage, nous pouvons vous accompagner pour mener les investigations n\u00e9cessaires.<\/p>\n                    <\/div>                    \r\n                <\/div>                    \r\n            <\/div>\r\n        \t\t\t\t<\/div>\n\t\t\t\t<\/div>\n\t\t\t\t<div class=\"elementor-element elementor-element-c986676 elementor-widget elementor-widget-reptro_feature_item\" data-id=\"c986676\" data-element_type=\"widget\" data-e-type=\"widget\" data-widget_type=\"reptro_feature_item.default\">\n\t\t\t\t<div class=\"elementor-widget-container\">\n\t\t\t\t\t            <div class=\"xt-service\">\r\n                <div class=\"each-inner\">\r\n                    <div class=\"xt-service-inner\">\r\n                        <i aria-hidden=\"true\" class=\"sli-energy\"><\/i><h3>Sciences humaines et sociales<\/h3><hr class=\"title-hr\"><p>Par le biais de l'Ecole nationale des services v\u00e9t\u00e9rinaires, l'\u00e9quipe d'EVAAS vous propose ses comp\u00e9tences en sciences humaines et sociales : analyse des politiques publiques et sociologie de l'action publique, m\u00e9thodologie des sciences sociales, cartographie des acteurs et des enjeux et analyse des controverses et des probl\u00e8mes publics.<\/p>\n                    <\/div>                    \r\n                <\/div>                    \r\n            <\/div>\r\n        \t\t\t\t<\/div>\n\t\t\t\t<\/div>\n\t\t\t\t\t<\/div>\n\t\t<\/div>\n\t\t\t\t\t<\/div>\n\t\t<\/section>\n\t\t\t\t<section class=\"elementor-section elementor-top-section elementor-element elementor-element-b28d446 reptro-section-padding-no elementor-section-boxed elementor-section-height-default elementor-section-height-default\" data-id=\"b28d446\" data-element_type=\"section\" data-e-type=\"section\">\n\t\t\t\t\t\t<div class=\"elementor-container elementor-column-gap-default\">\n\t\t\t\t\t<div class=\"elementor-column elementor-col-100 elementor-top-column elementor-element elementor-element-80b8279\" data-id=\"80b8279\" data-element_type=\"column\" data-e-type=\"column\">\n\t\t\t<div class=\"elementor-widget-wrap elementor-element-populated\">\n\t\t\t\t\t\t<div class=\"elementor-element elementor-element-a755680 elementor-button-success elementor-align-center elementor-widget elementor-widget-button\" data-id=\"a755680\" data-element_type=\"widget\" data-e-type=\"widget\" data-widget_type=\"button.default\">\n\t\t\t\t<div class=\"elementor-widget-container\">\n\t\t\t\t\t\t\t\t\t<div class=\"elementor-button-wrapper\">\n\t\t\t\t\t<a class=\"elementor-button elementor-button-link elementor-size-lg\" href=\"http:\/\/evaas.vetagro-sup.fr\/index.php\/contact\/\">\n\t\t\t\t\t\t<span class=\"elementor-button-content-wrapper\">\n\t\t\t\t\t\t\t\t\t<span class=\"elementor-button-text\">Nous contacter<\/span>\n\t\t\t\t\t<\/span>\n\t\t\t\t\t<\/a>\n\t\t\t\t<\/div>\n\t\t\t\t\t\t\t\t<\/div>\n\t\t\t\t<\/div>\n\t\t\t\t\t<\/div>\n\t\t<\/div>\n\t\t\t\t\t<\/div>\n\t\t<\/section>\n\t\t\t\t<\/div>\n\t\t","protected":false},"excerpt":{"rendered":"<p>Aide \u00e0 la surveillance sanitaire Nous vous conseillons pour l&rsquo;\u00e9laboration et la mise en place d&rsquo;un programme de surveillance sanitaire d&rsquo;une population d&rsquo;animaux sauvages, puis pour la gestion des donn\u00e9es g\u00e9n\u00e9r\u00e9es. Il peut \u00e9galement s&rsquo;agir d&rsquo;un r\u00e9seau d&rsquo;alerte. Analyse d&#039;un agro-\u00e9cosyst\u00e8me Les scientifiques du p\u00f4le apportent chacun leurs comp\u00e9tences permettant l&rsquo;analyse compl\u00e8te d&rsquo;un agro-\u00e9cosyst\u00e8me, incluant&#8230;<\/p>\n","protected":false},"author":1,"featured_media":0,"parent":0,"menu_order":0,"comment_status":"closed","ping_status":"closed","template":"","meta":{"_monsterinsights_skip_tracking":false,"_monsterinsights_sitenote_active":false,"_monsterinsights_sitenote_note":"","_monsterinsights_sitenote_category":0,"_uf_show_specific_survey":0,"_uf_disable_surveys":false,"footnotes":""},"class_list":["post-34","page","type-page","status-publish","hentry"],"yoast_head":"<!-- This site is optimized with the Yoast SEO plugin v27.3 - https:\/\/yoast.com\/product\/yoast-seo-wordpress\/ -->\n<title>Comp\u00e9tences - Expertise sant\u00e9 de la faune sauvage - P\u00f4le EVAAS<\/title>\n<meta name=\"description\" content=\"Les collaborateurs d&#039;EVAAS ont d\u00e9velopp\u00e9 des comp\u00e9tences utiles \u00e0 l&#039;\u00e9tude, la surveillance et la gestion de la sant\u00e9 des animaux sauvages.\" \/>\n<meta name=\"robots\" content=\"index, follow, max-snippet:-1, max-image-preview:large, max-video-preview:-1\" \/>\n<link rel=\"canonical\" href=\"https:\/\/evaas.vetagro-sup.fr\/index.php\/competences\/\" \/>\n<meta property=\"og:locale\" content=\"fr_FR\" \/>\n<meta property=\"og:type\" content=\"article\" \/>\n<meta property=\"og:title\" content=\"Comp\u00e9tences - Expertise sant\u00e9 de la faune sauvage - P\u00f4le EVAAS\" \/>\n<meta property=\"og:description\" content=\"Les collaborateurs d&#039;EVAAS ont d\u00e9velopp\u00e9 des comp\u00e9tences utiles \u00e0 l&#039;\u00e9tude, la surveillance et la gestion de la sant\u00e9 des animaux sauvages.\" \/>\n<meta property=\"og:url\" content=\"https:\/\/evaas.vetagro-sup.fr\/index.php\/competences\/\" \/>\n<meta property=\"og:site_name\" content=\"EVAAS\" \/>\n<meta property=\"article:modified_time\" content=\"2021-09-15T07:29:37+00:00\" \/>\n<meta property=\"og:image\" content=\"http:\/\/evaas.vetagro-sup.fr\/wp-content\/uploads\/elementor\/thumbs\/Nuage-de-mots-4-o4dp719qr43yisa8kqoelw8zr796mfzb9mirvivxjo.png\" \/>\n<meta name=\"twitter:card\" content=\"summary_large_image\" \/>\n<meta name=\"twitter:label1\" content=\"Dur\u00e9e de lecture estim\u00e9e\" \/>\n\t<meta name=\"twitter:data1\" content=\"2 minutes\" \/>\n<script type=\"application\/ld+json\" class=\"yoast-schema-graph\">{\"@context\":\"https:\\\/\\\/schema.org\",\"@graph\":[{\"@type\":\"WebPage\",\"@id\":\"https:\\\/\\\/evaas.vetagro-sup.fr\\\/index.php\\\/competences\\\/\",\"url\":\"https:\\\/\\\/evaas.vetagro-sup.fr\\\/index.php\\\/competences\\\/\",\"name\":\"Comp\u00e9tences - Expertise sant\u00e9 de la faune sauvage - P\u00f4le EVAAS\",\"isPartOf\":{\"@id\":\"https:\\\/\\\/evaas.vetagro-sup.fr\\\/#website\"},\"primaryImageOfPage\":{\"@id\":\"https:\\\/\\\/evaas.vetagro-sup.fr\\\/index.php\\\/competences\\\/#primaryimage\"},\"image\":{\"@id\":\"https:\\\/\\\/evaas.vetagro-sup.fr\\\/index.php\\\/competences\\\/#primaryimage\"},\"thumbnailUrl\":\"http:\\\/\\\/evaas.vetagro-sup.fr\\\/wp-content\\\/uploads\\\/elementor\\\/thumbs\\\/Nuage-de-mots-4-o4dp719qr43yisa8kqoelw8zr796mfzb9mirvivxjo.png\",\"datePublished\":\"2018-09-26T13:19:04+00:00\",\"dateModified\":\"2021-09-15T07:29:37+00:00\",\"description\":\"Les collaborateurs d'EVAAS ont d\u00e9velopp\u00e9 des comp\u00e9tences utiles \u00e0 l'\u00e9tude, la surveillance et la gestion de la sant\u00e9 des animaux sauvages.\",\"breadcrumb\":{\"@id\":\"https:\\\/\\\/evaas.vetagro-sup.fr\\\/index.php\\\/competences\\\/#breadcrumb\"},\"inLanguage\":\"fr-FR\",\"potentialAction\":[{\"@type\":\"ReadAction\",\"target\":[\"https:\\\/\\\/evaas.vetagro-sup.fr\\\/index.php\\\/competences\\\/\"]}]},{\"@type\":\"ImageObject\",\"inLanguage\":\"fr-FR\",\"@id\":\"https:\\\/\\\/evaas.vetagro-sup.fr\\\/index.php\\\/competences\\\/#primaryimage\",\"url\":\"http:\\\/\\\/evaas.vetagro-sup.fr\\\/wp-content\\\/uploads\\\/elementor\\\/thumbs\\\/Nuage-de-mots-4-o4dp719qr43yisa8kqoelw8zr796mfzb9mirvivxjo.png\",\"contentUrl\":\"http:\\\/\\\/evaas.vetagro-sup.fr\\\/wp-content\\\/uploads\\\/elementor\\\/thumbs\\\/Nuage-de-mots-4-o4dp719qr43yisa8kqoelw8zr796mfzb9mirvivxjo.png\"},{\"@type\":\"BreadcrumbList\",\"@id\":\"https:\\\/\\\/evaas.vetagro-sup.fr\\\/index.php\\\/competences\\\/#breadcrumb\",\"itemListElement\":[{\"@type\":\"ListItem\",\"position\":1,\"name\":\"Accueil\",\"item\":\"https:\\\/\\\/evaas.vetagro-sup.fr\\\/\"},{\"@type\":\"ListItem\",\"position\":2,\"name\":\"Comp\u00e9tences\"}]},{\"@type\":\"WebSite\",\"@id\":\"https:\\\/\\\/evaas.vetagro-sup.fr\\\/#website\",\"url\":\"https:\\\/\\\/evaas.vetagro-sup.fr\\\/\",\"name\":\"EVAAS\",\"description\":\"Expertise scientifique collective multidisciplinaire en sant\u00e9 de la faune sauvage\",\"publisher\":{\"@id\":\"https:\\\/\\\/evaas.vetagro-sup.fr\\\/#organization\"},\"potentialAction\":[{\"@type\":\"SearchAction\",\"target\":{\"@type\":\"EntryPoint\",\"urlTemplate\":\"https:\\\/\\\/evaas.vetagro-sup.fr\\\/?s={search_term_string}\"},\"query-input\":{\"@type\":\"PropertyValueSpecification\",\"valueRequired\":true,\"valueName\":\"search_term_string\"}}],\"inLanguage\":\"fr-FR\"},{\"@type\":\"Organization\",\"@id\":\"https:\\\/\\\/evaas.vetagro-sup.fr\\\/#organization\",\"name\":\"P\u00f4le EVAAS\",\"url\":\"https:\\\/\\\/evaas.vetagro-sup.fr\\\/\",\"logo\":{\"@type\":\"ImageObject\",\"inLanguage\":\"fr-FR\",\"@id\":\"https:\\\/\\\/evaas.vetagro-sup.fr\\\/#\\\/schema\\\/logo\\\/image\\\/\",\"url\":\"http:\\\/\\\/evaas.vetagro-sup.fr\\\/wp-content\\\/uploads\\\/2018\\\/10\\\/logo_EVAAS_ecran_sans_fond-e1539174118936.png\",\"contentUrl\":\"http:\\\/\\\/evaas.vetagro-sup.fr\\\/wp-content\\\/uploads\\\/2018\\\/10\\\/logo_EVAAS_ecran_sans_fond-e1539174118936.png\",\"width\":387,\"height\":150,\"caption\":\"P\u00f4le EVAAS\"},\"image\":{\"@id\":\"https:\\\/\\\/evaas.vetagro-sup.fr\\\/#\\\/schema\\\/logo\\\/image\\\/\"}}]}<\/script>\n<!-- \/ Yoast SEO plugin. -->","yoast_head_json":{"title":"Comp\u00e9tences - Expertise sant\u00e9 de la faune sauvage - P\u00f4le EVAAS","description":"Les collaborateurs d'EVAAS ont d\u00e9velopp\u00e9 des comp\u00e9tences utiles \u00e0 l'\u00e9tude, la surveillance et la gestion de la sant\u00e9 des animaux sauvages.","robots":{"index":"index","follow":"follow","max-snippet":"max-snippet:-1","max-image-preview":"max-image-preview:large","max-video-preview":"max-video-preview:-1"},"canonical":"https:\/\/evaas.vetagro-sup.fr\/index.php\/competences\/","og_locale":"fr_FR","og_type":"article","og_title":"Comp\u00e9tences - Expertise sant\u00e9 de la faune sauvage - P\u00f4le EVAAS","og_description":"Les collaborateurs d'EVAAS ont d\u00e9velopp\u00e9 des comp\u00e9tences utiles \u00e0 l'\u00e9tude, la surveillance et la gestion de la sant\u00e9 des animaux sauvages.","og_url":"https:\/\/evaas.vetagro-sup.fr\/index.php\/competences\/","og_site_name":"EVAAS","article_modified_time":"2021-09-15T07:29:37+00:00","og_image":[{"url":"http:\/\/evaas.vetagro-sup.fr\/wp-content\/uploads\/elementor\/thumbs\/Nuage-de-mots-4-o4dp719qr43yisa8kqoelw8zr796mfzb9mirvivxjo.png","type":"","width":"","height":""}],"twitter_card":"summary_large_image","twitter_misc":{"Dur\u00e9e de lecture estim\u00e9e":"2 minutes"},"schema":{"@context":"https:\/\/schema.org","@graph":[{"@type":"WebPage","@id":"https:\/\/evaas.vetagro-sup.fr\/index.php\/competences\/","url":"https:\/\/evaas.vetagro-sup.fr\/index.php\/competences\/","name":"Comp\u00e9tences - Expertise sant\u00e9 de la faune sauvage - P\u00f4le EVAAS","isPartOf":{"@id":"https:\/\/evaas.vetagro-sup.fr\/#website"},"primaryImageOfPage":{"@id":"https:\/\/evaas.vetagro-sup.fr\/index.php\/competences\/#primaryimage"},"image":{"@id":"https:\/\/evaas.vetagro-sup.fr\/index.php\/competences\/#primaryimage"},"thumbnailUrl":"http:\/\/evaas.vetagro-sup.fr\/wp-content\/uploads\/elementor\/thumbs\/Nuage-de-mots-4-o4dp719qr43yisa8kqoelw8zr796mfzb9mirvivxjo.png","datePublished":"2018-09-26T13:19:04+00:00","dateModified":"2021-09-15T07:29:37+00:00","description":"Les collaborateurs d'EVAAS ont d\u00e9velopp\u00e9 des comp\u00e9tences utiles \u00e0 l'\u00e9tude, la surveillance et la gestion de la sant\u00e9 des animaux sauvages.","breadcrumb":{"@id":"https:\/\/evaas.vetagro-sup.fr\/index.php\/competences\/#breadcrumb"},"inLanguage":"fr-FR","potentialAction":[{"@type":"ReadAction","target":["https:\/\/evaas.vetagro-sup.fr\/index.php\/competences\/"]}]},{"@type":"ImageObject","inLanguage":"fr-FR","@id":"https:\/\/evaas.vetagro-sup.fr\/index.php\/competences\/#primaryimage","url":"http:\/\/evaas.vetagro-sup.fr\/wp-content\/uploads\/elementor\/thumbs\/Nuage-de-mots-4-o4dp719qr43yisa8kqoelw8zr796mfzb9mirvivxjo.png","contentUrl":"http:\/\/evaas.vetagro-sup.fr\/wp-content\/uploads\/elementor\/thumbs\/Nuage-de-mots-4-o4dp719qr43yisa8kqoelw8zr796mfzb9mirvivxjo.png"},{"@type":"BreadcrumbList","@id":"https:\/\/evaas.vetagro-sup.fr\/index.php\/competences\/#breadcrumb","itemListElement":[{"@type":"ListItem","position":1,"name":"Accueil","item":"https:\/\/evaas.vetagro-sup.fr\/"},{"@type":"ListItem","position":2,"name":"Comp\u00e9tences"}]},{"@type":"WebSite","@id":"https:\/\/evaas.vetagro-sup.fr\/#website","url":"https:\/\/evaas.vetagro-sup.fr\/","name":"EVAAS","description":"Expertise scientifique collective multidisciplinaire en sant\u00e9 de la faune sauvage","publisher":{"@id":"https:\/\/evaas.vetagro-sup.fr\/#organization"},"potentialAction":[{"@type":"SearchAction","target":{"@type":"EntryPoint","urlTemplate":"https:\/\/evaas.vetagro-sup.fr\/?s={search_term_string}"},"query-input":{"@type":"PropertyValueSpecification","valueRequired":true,"valueName":"search_term_string"}}],"inLanguage":"fr-FR"},{"@type":"Organization","@id":"https:\/\/evaas.vetagro-sup.fr\/#organization","name":"P\u00f4le EVAAS","url":"https:\/\/evaas.vetagro-sup.fr\/","logo":{"@type":"ImageObject","inLanguage":"fr-FR","@id":"https:\/\/evaas.vetagro-sup.fr\/#\/schema\/logo\/image\/","url":"http:\/\/evaas.vetagro-sup.fr\/wp-content\/uploads\/2018\/10\/logo_EVAAS_ecran_sans_fond-e1539174118936.png","contentUrl":"http:\/\/evaas.vetagro-sup.fr\/wp-content\/uploads\/2018\/10\/logo_EVAAS_ecran_sans_fond-e1539174118936.png","width":387,"height":150,"caption":"P\u00f4le EVAAS"},"image":{"@id":"https:\/\/evaas.vetagro-sup.fr\/#\/schema\/logo\/image\/"}}]}},"_links":{"self":[{"href":"https:\/\/evaas.vetagro-sup.fr\/index.php\/wp-json\/wp\/v2\/pages\/34","targetHints":{"allow":["GET"]}}],"collection":[{"href":"https:\/\/evaas.vetagro-sup.fr\/index.php\/wp-json\/wp\/v2\/pages"}],"about":[{"href":"https:\/\/evaas.vetagro-sup.fr\/index.php\/wp-json\/wp\/v2\/types\/page"}],"author":[{"embeddable":true,"href":"https:\/\/evaas.vetagro-sup.fr\/index.php\/wp-json\/wp\/v2\/users\/1"}],"replies":[{"embeddable":true,"href":"https:\/\/evaas.vetagro-sup.fr\/index.php\/wp-json\/wp\/v2\/comments?post=34"}],"version-history":[{"count":76,"href":"https:\/\/evaas.vetagro-sup.fr\/index.php\/wp-json\/wp\/v2\/pages\/34\/revisions"}],"predecessor-version":[{"id":2877,"href":"https:\/\/evaas.vetagro-sup.fr\/index.php\/wp-json\/wp\/v2\/pages\/34\/revisions\/2877"}],"wp:attachment":[{"href":"https:\/\/evaas.vetagro-sup.fr\/index.php\/wp-json\/wp\/v2\/media?parent=34"}],"curies":[{"name":"wp","href":"https:\/\/api.w.org\/{rel}","templated":true}]}}