{"id":517,"date":"2018-10-17T11:10:37","date_gmt":"2018-10-17T09:10:37","guid":{"rendered":"http:\/\/evaas.vetagro-sup.fr\/?page_id=517"},"modified":"2024-10-07T17:17:48","modified_gmt":"2024-10-07T15:17:48","slug":"mentions-legales","status":"publish","type":"page","link":"http:\/\/evaas.vetagro-sup.fr\/index.php\/mentions-legales\/","title":{"rendered":"Mentions l\u00e9gales et politique de confidentialit\u00e9"},"content":{"rendered":"\t\t<div data-elementor-type=\"wp-post\" data-elementor-id=\"517\" class=\"elementor elementor-517\">\n\t\t\t\t\t\t<section class=\"elementor-section elementor-top-section elementor-element elementor-element-be51fc4 elementor-section-boxed elementor-section-height-default elementor-section-height-default reptro-section-padding-large\" data-id=\"be51fc4\" data-element_type=\"section\" data-e-type=\"section\">\n\t\t\t\t\t\t<div class=\"elementor-container elementor-column-gap-default\">\n\t\t\t\t\t<div class=\"elementor-column elementor-col-100 elementor-top-column elementor-element elementor-element-0b6d9a8\" data-id=\"0b6d9a8\" data-element_type=\"column\" data-e-type=\"column\">\n\t\t\t<div class=\"elementor-widget-wrap elementor-element-populated\">\n\t\t\t\t\t\t<div class=\"elementor-element elementor-element-05f02f1 elementor-widget elementor-widget-text-editor\" data-id=\"05f02f1\" data-element_type=\"widget\" data-e-type=\"widget\" data-widget_type=\"text-editor.default\">\n\t\t\t\t<div class=\"elementor-widget-container\">\n\t\t\t\t\t\t\t\t\t<p><strong>Editeur : <\/strong>P\u00f4le EVAAS, VetAgro Sup<\/p>\n<p>Le p\u00f4le EVAAS est une structure de VetAgro Sup, Institut d&rsquo;enseignement sup\u00e9rieur et de recherche en alimentation, sant\u00e9 animale, sciences agronomiques et de l&rsquo;environnement<\/p>\n<p><strong>Directrice de la publication :&nbsp;<\/strong>Emmanuelle Gilot-Fromont<\/p>\n<p><strong>Administration et r\u00e9daction&nbsp;<\/strong><strong>:<\/strong> Nathan Thenon<\/p>\n<p><strong>H\u00e9bergeur :<\/strong>&nbsp;<\/p>\n<p>VetAgro Sup<\/p>\n<p>1 avenue Bourgelat<\/p>\n<p>69280 Marcy l&rsquo;Etoile<\/p>\n<p>04 78 87 25 25<\/p>\n<p><strong>Conception graphique et d\u00e9veloppement<\/strong><\/p>\n<p>Site d\u00e9velopp\u00e9 sous WordPress<\/p>\n<p>Th\u00e8me graphique : Reptr<\/p>\t\t\t\t\t\t\t\t<\/div>\n\t\t\t\t<\/div>\n\t\t\t\t<div class=\"elementor-element elementor-element-7601c7d elementor-widget elementor-widget-spacer\" data-id=\"7601c7d\" data-element_type=\"widget\" data-e-type=\"widget\" data-widget_type=\"spacer.default\">\n\t\t\t\t<div class=\"elementor-widget-container\">\n\t\t\t\t\t\t\t<div class=\"elementor-spacer\">\n\t\t\t<div class=\"elementor-spacer-inner\"><\/div>\n\t\t<\/div>\n\t\t\t\t\t\t<\/div>\n\t\t\t\t<\/div>\n\t\t\t\t<div class=\"elementor-element elementor-element-4c1a541 elementor-widget elementor-widget-heading\" data-id=\"4c1a541\" data-element_type=\"widget\" data-e-type=\"widget\" data-widget_type=\"heading.default\">\n\t\t\t\t<div class=\"elementor-widget-container\">\n\t\t\t\t\t<h3 class=\"elementor-heading-title elementor-size-default\"><strong>Informatique et Libert\u00e9s<\/strong><\/h3>\t\t\t\t<\/div>\n\t\t\t\t<\/div>\n\t\t\t\t<div class=\"elementor-element elementor-element-f7ecbcd elementor-widget elementor-widget-text-editor\" data-id=\"f7ecbcd\" data-element_type=\"widget\" data-e-type=\"widget\" data-widget_type=\"text-editor.default\">\n\t\t\t\t<div class=\"elementor-widget-container\">\n\t\t\t\t\t\t\t\t\t<p><strong><em>Informations personnelles collect\u00e9es<\/em><\/strong><\/p><p class=\"p-bis\">En France, les donn\u00e9es personnelles sont notamment prot\u00e9g\u00e9es par la <a href=\"https:\/\/www.cnil.fr\/fr\/loi-78-17-du-6-janvier-1978-modifiee\" target=\"_blank\" rel=\"noopener\">loi n\u00b0\u00a078-17 du 6 janvier 1978 modifi\u00e9e<\/a> et le r\u00e8glement europ\u00e9en (UE) <a href=\"https:\/\/eur-lex.europa.eu\/legal-content\/FR\/ALL\/?uri=CELEX%3A32016R0679\" target=\"_blank\" rel=\"noopener\">2016\/679<\/a> du 27 avril 2016.<\/p><p class=\"p-bis\">VetAgro Sup ne collecte des informations personnelles relatives \u00e0 l\u2019utilisateur (nom, adresse \u00e9lectronique, coordonn\u00e9es t\u00e9l\u00e9phoniques) que pour le besoin des services propos\u00e9s par les sites du r\u00e9seau VetAgro Sup, notamment pour la demande d&rsquo;accr\u00e9ditation d&rsquo;\u00e9v\u00e8nements par le biais de formulaires en ligne. L\u2019utilisateur fournit ces informations en toute connaissance de cause, notamment lorsqu\u2019il proc\u00e8de par lui-m\u00eame \u00e0 leur saisie. Il est alors pr\u00e9cis\u00e9 \u00e0 l\u2019utilisateur des sites du r\u00e9seau VetAgro Sup le caract\u00e8re obligatoire ou non des informations qu\u2019il serait amen\u00e9 \u00e0 fournir.<\/p><p>Afin de nous prot\u00e9ger contre l&rsquo;utilisation abusive ou malveillante (spam) de nos formulaires de contact, nous utilisons le service Google reCAPTACHA. Ce service emp\u00eache les logiciels automatis\u00e9s d&rsquo;utiliser abusivement ces formulaires de contact sur notre site internet. Google reCAPTACHA est un service offert par la soci\u00e9t\u00e9 Google LLC, sise au 1600 Amphitheatre Parkway, Mountain View, CA 94043, \u00c9tats-Unis. L&rsquo;utilisation de ce service implique l&rsquo;utilisation de l&rsquo;adresse IP et \u00e9ventuellement d&rsquo;autres donn\u00e9es requises (cookies, mouvements de souris&#8230;). Elles sont collect\u00e9es et transmises \u00e0 Google LLC. L&rsquo;analyse commence d\u00e8s que l&rsquo;internaute acc\u00e8de \u00e0 notre site internet. Au nom de l\u2019exploitant de ce site web, Google utilise ces informations pour \u00e9valuer votre utilisation de ce service (par un humain ou par un robot). Cette collecte des donn\u00e9es est sujette \u00e0 la <a href=\"https:\/\/policies.google.com\/privacy?hl=fr\" target=\"_blank\" rel=\"noopener\">Charte de confidentialit\u00e9 de Google<\/a>. Elle est en conformit\u00e9 avec l&rsquo;article 6.1.f du r\u00e8glement g\u00e9n\u00e9ral sur la protection des donn\u00e9es (<a href=\"https:\/\/eur-lex.europa.eu\/legal-content\/FR\/ALL\/?uri=CELEX%3A32016R0679\">r\u00e8glement UE 2016\/679<\/a>). Le traitement est n\u00e9cessaire aux fins des int\u00e9r\u00eats l\u00e9gitimes poursuivis par le responsable du traitement ou par un tiers (protection contre les spams). En utilisant le service reCAPTCHA, vous consentez au traitement des donn\u00e9es vous concernant par Google, de la mani\u00e8re et aux fins \u00e9nonc\u00e9es ci-dessus.<\/p><p>Aucune information personnelle de l\u2019utilisateur du site\u00a0<a title=\"www.vetagro-sup.fr\" href=\"http:\/\/www.vetagro-sup.fr\/\">www.vetagro-sup.fr<\/a>\u00a0n\u2019est\u00a0:<\/p><ul><li><p>collect\u00e9e \u00e0 l\u2019insu de l\u2019utilisateur,<\/p><\/li><li><p>publi\u00e9e \u00e0 l\u2019insu de l\u2019utilisateur,<\/p><\/li><li><p>\u00e9chang\u00e9e, transf\u00e9r\u00e9e, c\u00e9d\u00e9e ou vendue sur un support quelconque \u00e0 des tiers,<\/p><\/li><\/ul><p>par VetAgro Sup.<\/p><p><strong><em>Rectification et suppression des informations nominatives collect\u00e9es<\/em><\/strong><\/p><p class=\"p-bis\">Conform\u00e9ment aux dispositions de l\u2019article 40 de la loi n\u00b0\u00a048-87 du 6 janvier 1978, modifi\u00e9 par la loi n\u00b02018-493 du 20 juin 2018, l\u2019utilisateur dispose d\u2019un droit d&rsquo;acc\u00e8s, de modification ou de supprimer des donn\u00e9es nominatives collect\u00e9es le concernant. Pour ce faire, l\u2019utilisateur envoie \u00e0 VetAgro Sup :<\/p><ul><li><p>un courrier \u00e9lectronique en utilisant\u00a0le formulaire de contact ou \u00e0 l&rsquo;adresse \u00e9lectronique indiqu\u00e9e ci-dessus ;<\/p><\/li><li><p>un courrier \u00e0 l\u2019adresse indiqu\u00e9e ci-dessus en indiquant son nom ou sa raison sociale, ses coordonn\u00e9es physiques et\/ou \u00e9lectroniques, ainsi que le cas \u00e9ch\u00e9ant la r\u00e9f\u00e9rence dont il disposerait en tant qu\u2019utilisateur du site VetAgro Sup. La modification interviendra dans des d\u00e9lais raisonnables \u00e0 compter de la r\u00e9ception de la demande de l\u2019utilisateur.<\/p><\/li><\/ul>\t\t\t\t\t\t\t\t<\/div>\n\t\t\t\t<\/div>\n\t\t\t\t<div class=\"elementor-element elementor-element-01cdaf0 elementor-widget elementor-widget-heading\" data-id=\"01cdaf0\" data-element_type=\"widget\" data-e-type=\"widget\" data-widget_type=\"heading.default\">\n\t\t\t\t<div class=\"elementor-widget-container\">\n\t\t\t\t\t<h3 class=\"elementor-heading-title elementor-size-default\">Limitation de responsabilit\u00e9<\/h3>\t\t\t\t<\/div>\n\t\t\t\t<\/div>\n\t\t\t\t<div class=\"elementor-element elementor-element-9051454 elementor-widget elementor-widget-text-editor\" data-id=\"9051454\" data-element_type=\"widget\" data-e-type=\"widget\" data-widget_type=\"text-editor.default\">\n\t\t\t\t<div class=\"elementor-widget-container\">\n\t\t\t\t\t\t\t\t\t<p>Ce site comporte des informations mises \u00e0 disposition par des soci\u00e9t\u00e9s externes ou des liens hypertextes vers d\u2019autres sites qui n\u2019ont pas \u00e9t\u00e9 d\u00e9velopp\u00e9s par VetAgro Sup. Le contenu mis \u00e0 disposition sur le site est fourni \u00e0 titre informatif. L\u2019existence d\u2019un lien de ce site vers un autre site ne constitue pas une validation de ce dernier ou de son contenu. Il appartient \u00e0 l\u2019internaute d\u2019utiliser ces informations avec discernement et esprit critique. La responsabilit\u00e9 de VetAgro Sup ne saurait \u00eatre engag\u00e9e du fait aux informations, opinions et recommandations formul\u00e9es par des tiers.<\/p>\t\t\t\t\t\t\t\t<\/div>\n\t\t\t\t<\/div>\n\t\t\t\t\t<\/div>\n\t\t<\/div>\n\t\t\t\t\t<\/div>\n\t\t<\/section>\n\t\t\t\t<\/div>\n\t\t","protected":false},"excerpt":{"rendered":"<p>Editeur : P\u00f4le EVAAS, VetAgro Sup Le p\u00f4le EVAAS est une structure de VetAgro Sup, Institut d&rsquo;enseignement sup\u00e9rieur et de recherche en alimentation, sant\u00e9 animale, sciences agronomiques et de l&rsquo;environnement Directrice de la publication :&nbsp;Emmanuelle Gilot-Fromont Administration et r\u00e9daction&nbsp;: Nathan Thenon H\u00e9bergeur :&nbsp; VetAgro Sup 1 avenue Bourgelat 69280 Marcy l&rsquo;Etoile 04 78 87 25&#8230;<\/p>\n","protected":false},"author":1,"featured_media":0,"parent":0,"menu_order":0,"comment_status":"closed","ping_status":"closed","template":"","meta":{"_monsterinsights_skip_tracking":false,"_monsterinsights_sitenote_active":false,"_monsterinsights_sitenote_note":"","_monsterinsights_sitenote_category":0,"_uf_show_specific_survey":0,"_uf_disable_surveys":false,"footnotes":""},"class_list":["post-517","page","type-page","status-publish","hentry"],"yoast_head":"<!-- This site is optimized with the Yoast SEO plugin v27.5 - https:\/\/yoast.com\/product\/yoast-seo-wordpress\/ -->\n<title>Mentions l\u00e9gales et politique de confidentialit\u00e9 - EVAAS<\/title>\n<meta name=\"robots\" content=\"index, follow, max-snippet:-1, max-image-preview:large, max-video-preview:-1\" \/>\n<link rel=\"canonical\" href=\"http:\/\/evaas.vetagro-sup.fr\/index.php\/mentions-legales\/\" \/>\n<meta property=\"og:locale\" content=\"fr_FR\" \/>\n<meta property=\"og:type\" content=\"article\" \/>\n<meta property=\"og:title\" content=\"Mentions l\u00e9gales et politique de confidentialit\u00e9 - EVAAS\" \/>\n<meta property=\"og:description\" content=\"Editeur : P\u00f4le EVAAS, VetAgro Sup Le p\u00f4le EVAAS est une structure de VetAgro Sup, Institut d&rsquo;enseignement sup\u00e9rieur et de recherche en alimentation, sant\u00e9 animale, sciences agronomiques et de l&rsquo;environnement Directrice de la publication :&nbsp;Emmanuelle Gilot-Fromont Administration et r\u00e9daction&nbsp;: Nathan Thenon H\u00e9bergeur :&nbsp; VetAgro Sup 1 avenue Bourgelat 69280 Marcy l&rsquo;Etoile 04 78 87 25&#8230;\" \/>\n<meta property=\"og:url\" content=\"http:\/\/evaas.vetagro-sup.fr\/index.php\/mentions-legales\/\" \/>\n<meta property=\"og:site_name\" content=\"EVAAS\" \/>\n<meta property=\"article:modified_time\" content=\"2024-10-07T15:17:48+00:00\" \/>\n<meta name=\"twitter:card\" content=\"summary_large_image\" \/>\n<meta name=\"twitter:label1\" content=\"Dur\u00e9e de lecture estim\u00e9e\" \/>\n\t<meta name=\"twitter:data1\" content=\"3 minutes\" \/>\n<script type=\"application\/ld+json\" class=\"yoast-schema-graph\">{\"@context\":\"https:\\\/\\\/schema.org\",\"@graph\":[{\"@type\":\"WebPage\",\"@id\":\"http:\\\/\\\/evaas.vetagro-sup.fr\\\/index.php\\\/mentions-legales\\\/\",\"url\":\"http:\\\/\\\/evaas.vetagro-sup.fr\\\/index.php\\\/mentions-legales\\\/\",\"name\":\"Mentions l\u00e9gales et politique de confidentialit\u00e9 - EVAAS\",\"isPartOf\":{\"@id\":\"http:\\\/\\\/evaas.vetagro-sup.fr\\\/#website\"},\"datePublished\":\"2018-10-17T09:10:37+00:00\",\"dateModified\":\"2024-10-07T15:17:48+00:00\",\"breadcrumb\":{\"@id\":\"http:\\\/\\\/evaas.vetagro-sup.fr\\\/index.php\\\/mentions-legales\\\/#breadcrumb\"},\"inLanguage\":\"fr-FR\",\"potentialAction\":[{\"@type\":\"ReadAction\",\"target\":[\"http:\\\/\\\/evaas.vetagro-sup.fr\\\/index.php\\\/mentions-legales\\\/\"]}]},{\"@type\":\"BreadcrumbList\",\"@id\":\"http:\\\/\\\/evaas.vetagro-sup.fr\\\/index.php\\\/mentions-legales\\\/#breadcrumb\",\"itemListElement\":[{\"@type\":\"ListItem\",\"position\":1,\"name\":\"Accueil\",\"item\":\"http:\\\/\\\/evaas.vetagro-sup.fr\\\/\"},{\"@type\":\"ListItem\",\"position\":2,\"name\":\"Mentions l\u00e9gales et politique de confidentialit\u00e9\"}]},{\"@type\":\"WebSite\",\"@id\":\"http:\\\/\\\/evaas.vetagro-sup.fr\\\/#website\",\"url\":\"http:\\\/\\\/evaas.vetagro-sup.fr\\\/\",\"name\":\"EVAAS\",\"description\":\"Expertise scientifique collective multidisciplinaire en sant\u00e9 de la faune sauvage\",\"publisher\":{\"@id\":\"http:\\\/\\\/evaas.vetagro-sup.fr\\\/#organization\"},\"potentialAction\":[{\"@type\":\"SearchAction\",\"target\":{\"@type\":\"EntryPoint\",\"urlTemplate\":\"http:\\\/\\\/evaas.vetagro-sup.fr\\\/?s={search_term_string}\"},\"query-input\":{\"@type\":\"PropertyValueSpecification\",\"valueRequired\":true,\"valueName\":\"search_term_string\"}}],\"inLanguage\":\"fr-FR\"},{\"@type\":\"Organization\",\"@id\":\"http:\\\/\\\/evaas.vetagro-sup.fr\\\/#organization\",\"name\":\"P\u00f4le EVAAS\",\"url\":\"http:\\\/\\\/evaas.vetagro-sup.fr\\\/\",\"logo\":{\"@type\":\"ImageObject\",\"inLanguage\":\"fr-FR\",\"@id\":\"http:\\\/\\\/evaas.vetagro-sup.fr\\\/#\\\/schema\\\/logo\\\/image\\\/\",\"url\":\"http:\\\/\\\/evaas.vetagro-sup.fr\\\/wp-content\\\/uploads\\\/2018\\\/10\\\/logo_EVAAS_ecran_sans_fond-e1539174118936.png\",\"contentUrl\":\"http:\\\/\\\/evaas.vetagro-sup.fr\\\/wp-content\\\/uploads\\\/2018\\\/10\\\/logo_EVAAS_ecran_sans_fond-e1539174118936.png\",\"width\":387,\"height\":150,\"caption\":\"P\u00f4le EVAAS\"},\"image\":{\"@id\":\"http:\\\/\\\/evaas.vetagro-sup.fr\\\/#\\\/schema\\\/logo\\\/image\\\/\"}}]}<\/script>\n<!-- \/ Yoast SEO plugin. -->","yoast_head_json":{"title":"Mentions l\u00e9gales et politique de confidentialit\u00e9 - EVAAS","robots":{"index":"index","follow":"follow","max-snippet":"max-snippet:-1","max-image-preview":"max-image-preview:large","max-video-preview":"max-video-preview:-1"},"canonical":"http:\/\/evaas.vetagro-sup.fr\/index.php\/mentions-legales\/","og_locale":"fr_FR","og_type":"article","og_title":"Mentions l\u00e9gales et politique de confidentialit\u00e9 - EVAAS","og_description":"Editeur : P\u00f4le EVAAS, VetAgro Sup Le p\u00f4le EVAAS est une structure de VetAgro Sup, Institut d&rsquo;enseignement sup\u00e9rieur et de recherche en alimentation, sant\u00e9 animale, sciences agronomiques et de l&rsquo;environnement Directrice de la publication :&nbsp;Emmanuelle Gilot-Fromont Administration et r\u00e9daction&nbsp;: Nathan Thenon H\u00e9bergeur :&nbsp; VetAgro Sup 1 avenue Bourgelat 69280 Marcy l&rsquo;Etoile 04 78 87 25&#8230;","og_url":"http:\/\/evaas.vetagro-sup.fr\/index.php\/mentions-legales\/","og_site_name":"EVAAS","article_modified_time":"2024-10-07T15:17:48+00:00","twitter_card":"summary_large_image","twitter_misc":{"Dur\u00e9e de lecture estim\u00e9e":"3 minutes"},"schema":{"@context":"https:\/\/schema.org","@graph":[{"@type":"WebPage","@id":"http:\/\/evaas.vetagro-sup.fr\/index.php\/mentions-legales\/","url":"http:\/\/evaas.vetagro-sup.fr\/index.php\/mentions-legales\/","name":"Mentions l\u00e9gales et politique de confidentialit\u00e9 - EVAAS","isPartOf":{"@id":"http:\/\/evaas.vetagro-sup.fr\/#website"},"datePublished":"2018-10-17T09:10:37+00:00","dateModified":"2024-10-07T15:17:48+00:00","breadcrumb":{"@id":"http:\/\/evaas.vetagro-sup.fr\/index.php\/mentions-legales\/#breadcrumb"},"inLanguage":"fr-FR","potentialAction":[{"@type":"ReadAction","target":["http:\/\/evaas.vetagro-sup.fr\/index.php\/mentions-legales\/"]}]},{"@type":"BreadcrumbList","@id":"http:\/\/evaas.vetagro-sup.fr\/index.php\/mentions-legales\/#breadcrumb","itemListElement":[{"@type":"ListItem","position":1,"name":"Accueil","item":"http:\/\/evaas.vetagro-sup.fr\/"},{"@type":"ListItem","position":2,"name":"Mentions l\u00e9gales et politique de confidentialit\u00e9"}]},{"@type":"WebSite","@id":"http:\/\/evaas.vetagro-sup.fr\/#website","url":"http:\/\/evaas.vetagro-sup.fr\/","name":"EVAAS","description":"Expertise scientifique collective multidisciplinaire en sant\u00e9 de la faune sauvage","publisher":{"@id":"http:\/\/evaas.vetagro-sup.fr\/#organization"},"potentialAction":[{"@type":"SearchAction","target":{"@type":"EntryPoint","urlTemplate":"http:\/\/evaas.vetagro-sup.fr\/?s={search_term_string}"},"query-input":{"@type":"PropertyValueSpecification","valueRequired":true,"valueName":"search_term_string"}}],"inLanguage":"fr-FR"},{"@type":"Organization","@id":"http:\/\/evaas.vetagro-sup.fr\/#organization","name":"P\u00f4le EVAAS","url":"http:\/\/evaas.vetagro-sup.fr\/","logo":{"@type":"ImageObject","inLanguage":"fr-FR","@id":"http:\/\/evaas.vetagro-sup.fr\/#\/schema\/logo\/image\/","url":"http:\/\/evaas.vetagro-sup.fr\/wp-content\/uploads\/2018\/10\/logo_EVAAS_ecran_sans_fond-e1539174118936.png","contentUrl":"http:\/\/evaas.vetagro-sup.fr\/wp-content\/uploads\/2018\/10\/logo_EVAAS_ecran_sans_fond-e1539174118936.png","width":387,"height":150,"caption":"P\u00f4le EVAAS"},"image":{"@id":"http:\/\/evaas.vetagro-sup.fr\/#\/schema\/logo\/image\/"}}]}},"_links":{"self":[{"href":"http:\/\/evaas.vetagro-sup.fr\/index.php\/wp-json\/wp\/v2\/pages\/517","targetHints":{"allow":["GET"]}}],"collection":[{"href":"http:\/\/evaas.vetagro-sup.fr\/index.php\/wp-json\/wp\/v2\/pages"}],"about":[{"href":"http:\/\/evaas.vetagro-sup.fr\/index.php\/wp-json\/wp\/v2\/types\/page"}],"author":[{"embeddable":true,"href":"http:\/\/evaas.vetagro-sup.fr\/index.php\/wp-json\/wp\/v2\/users\/1"}],"replies":[{"embeddable":true,"href":"http:\/\/evaas.vetagro-sup.fr\/index.php\/wp-json\/wp\/v2\/comments?post=517"}],"version-history":[{"count":38,"href":"http:\/\/evaas.vetagro-sup.fr\/index.php\/wp-json\/wp\/v2\/pages\/517\/revisions"}],"predecessor-version":[{"id":2880,"href":"http:\/\/evaas.vetagro-sup.fr\/index.php\/wp-json\/wp\/v2\/pages\/517\/revisions\/2880"}],"wp:attachment":[{"href":"http:\/\/evaas.vetagro-sup.fr\/index.php\/wp-json\/wp\/v2\/media?parent=517"}],"curies":[{"name":"wp","href":"https:\/\/api.w.org\/{rel}","templated":true}]}}