{"id":33,"date":"2018-09-26T15:19:04","date_gmt":"2018-09-26T13:19:04","guid":{"rendered":"http:\/\/evaas.vetagro-sup.fr\/?page_id=33"},"modified":"2022-06-27T15:49:11","modified_gmt":"2022-06-27T13:49:11","slug":"a-propos-de","status":"publish","type":"page","link":"http:\/\/evaas.vetagro-sup.fr\/index.php\/a-propos-de\/","title":{"rendered":"Le p\u00f4le EVAAS"},"content":{"rendered":"\t\t<div data-elementor-type=\"wp-post\" data-elementor-id=\"33\" class=\"elementor elementor-33\">\n\t\t\t\t\t\t<section class=\"elementor-section elementor-top-section elementor-element elementor-element-7f7ef0c reptro-section-padding-medium elementor-section-boxed elementor-section-height-default elementor-section-height-default\" data-id=\"7f7ef0c\" data-element_type=\"section\" data-e-type=\"section\">\n\t\t\t\t\t\t<div class=\"elementor-container elementor-column-gap-default\">\n\t\t\t\t\t<div class=\"elementor-column elementor-col-100 elementor-top-column elementor-element elementor-element-8a6cc16\" data-id=\"8a6cc16\" data-element_type=\"column\" data-e-type=\"column\">\n\t\t\t<div class=\"elementor-widget-wrap elementor-element-populated\">\n\t\t\t\t\t\t<div class=\"elementor-element elementor-element-6a406fe elementor-widget elementor-widget-text-editor\" data-id=\"6a406fe\" data-element_type=\"widget\" data-e-type=\"widget\" data-widget_type=\"text-editor.default\">\n\t\t\t\t<div class=\"elementor-widget-container\">\n\t\t\t\t\t\t\t\t\t<p>Le p\u00f4le EVAAS, cr\u00e9\u00e9 en ao\u00fbt 2016, est n\u00e9 de la volont\u00e9 de professionnels de la sant\u00e9 de la faune, sollicit\u00e9s individuellement, de coordonner leurs <a href=\"http:\/\/evaas.vetagro-sup.fr\/index.php\/competences\/\">activit\u00e9s<\/a>. Il regroupe des enseignants, des chercheurs, des techniciens, des v\u00e9t\u00e9rinaires et des \u00e9tudiants dont l&rsquo;activit\u00e9 est largement tourn\u00e9e vers l&rsquo;\u00e9tude des populations animales sauvages. Gr\u00e2ce \u00e0 eux, le p\u00f4le EVAAS met \u00e0 votre disposition son expertise en sant\u00e9 des animaux sauvages.<\/p>\t\t\t\t\t\t\t\t<\/div>\n\t\t\t\t<\/div>\n\t\t\t\t\t<\/div>\n\t\t<\/div>\n\t\t\t\t\t<\/div>\n\t\t<\/section>\n\t\t\t\t<section class=\"elementor-section elementor-top-section elementor-element elementor-element-ca36fce reptro-section-padding-no elementor-section-boxed elementor-section-height-default elementor-section-height-default\" data-id=\"ca36fce\" data-element_type=\"section\" data-e-type=\"section\">\n\t\t\t\t\t\t<div class=\"elementor-container elementor-column-gap-default\">\n\t\t\t\t\t<div class=\"elementor-column elementor-col-100 elementor-top-column elementor-element elementor-element-fd3dd83\" data-id=\"fd3dd83\" data-element_type=\"column\" data-e-type=\"column\">\n\t\t\t<div class=\"elementor-widget-wrap elementor-element-populated\">\n\t\t\t\t\t\t<div class=\"elementor-element elementor-element-a5443f4 elementor-widget elementor-widget-heading\" data-id=\"a5443f4\" data-element_type=\"widget\" data-e-type=\"widget\" data-widget_type=\"heading.default\">\n\t\t\t\t<div class=\"elementor-widget-container\">\n\t\t\t\t\t<h2 class=\"elementor-heading-title elementor-size-default\"><h2 data-elementor-setting-key=\"title\" data-pen-placeholder=\"\u00c9crivez ici...\">Les objectifs du p\u00f4le<\/h2><\/h2>\t\t\t\t<\/div>\n\t\t\t\t<\/div>\n\t\t\t\t\t<\/div>\n\t\t<\/div>\n\t\t\t\t\t<\/div>\n\t\t<\/section>\n\t\t\t\t<section class=\"elementor-section elementor-top-section elementor-element elementor-element-4808b8b reptro-section-padding-medium xt_row_primary_bg_color_white xt_row_primary_bg_color_white_yes elementor-section-boxed elementor-section-height-default elementor-section-height-default\" data-id=\"4808b8b\" data-element_type=\"section\" data-e-type=\"section\" data-settings=\"{&quot;background_background&quot;:&quot;classic&quot;,&quot;shape_divider_top&quot;:&quot;opacity-tilt&quot;,&quot;shape_divider_bottom&quot;:&quot;opacity-tilt&quot;}\">\n\t\t\t\t\t<div class=\"elementor-shape elementor-shape-top\" aria-hidden=\"true\" data-negative=\"false\">\n\t\t\t<svg xmlns=\"http:\/\/www.w3.org\/2000\/svg\" viewBox=\"0 0 2600 131.1\" preserveAspectRatio=\"none\">\n\t<path class=\"elementor-shape-fill\" d=\"M0 0L2600 0 2600 69.1 0 0z\"\/>\n\t<path class=\"elementor-shape-fill\" style=\"opacity:0.5\" d=\"M0 0L2600 0 2600 69.1 0 69.1z\"\/>\n\t<path class=\"elementor-shape-fill\" style=\"opacity:0.25\" d=\"M2600 0L0 0 0 130.1 2600 69.1z\"\/>\n<\/svg>\t\t<\/div>\n\t\t\t\t<div class=\"elementor-shape elementor-shape-bottom\" aria-hidden=\"true\" data-negative=\"false\">\n\t\t\t<svg xmlns=\"http:\/\/www.w3.org\/2000\/svg\" viewBox=\"0 0 2600 131.1\" preserveAspectRatio=\"none\">\n\t<path class=\"elementor-shape-fill\" d=\"M0 0L2600 0 2600 69.1 0 0z\"\/>\n\t<path class=\"elementor-shape-fill\" style=\"opacity:0.5\" d=\"M0 0L2600 0 2600 69.1 0 69.1z\"\/>\n\t<path class=\"elementor-shape-fill\" style=\"opacity:0.25\" d=\"M2600 0L0 0 0 130.1 2600 69.1z\"\/>\n<\/svg>\t\t<\/div>\n\t\t\t\t\t<div class=\"elementor-container elementor-column-gap-default\">\n\t\t\t\t\t<div class=\"elementor-column elementor-col-33 elementor-top-column elementor-element elementor-element-bd60e1e\" data-id=\"bd60e1e\" data-element_type=\"column\" data-e-type=\"column\">\n\t\t\t<div class=\"elementor-widget-wrap elementor-element-populated\">\n\t\t\t\t\t\t<div class=\"elementor-element elementor-element-8f76431 elementor-view-default elementor-position-block-start elementor-mobile-position-block-start elementor-widget elementor-widget-icon-box\" data-id=\"8f76431\" data-element_type=\"widget\" data-e-type=\"widget\" data-widget_type=\"icon-box.default\">\n\t\t\t\t<div class=\"elementor-widget-container\">\n\t\t\t\t\t\t\t<div class=\"elementor-icon-box-wrapper\">\n\n\t\t\t\t\t\t<div class=\"elementor-icon-box-icon\">\n\t\t\t\t<span  class=\"elementor-icon\">\n\t\t\t\t<i class=\"hs-file\" aria-hidden=\"true\"><\/i>\t\t\t\t<\/span>\n\t\t\t<\/div>\n\t\t\t\n\t\t\t\t\t\t<div class=\"elementor-icon-box-content\">\n\n\t\t\t\t\t\t\t\t\t<h3 class=\"elementor-icon-box-title\">\n\t\t\t\t\t\t<span  >\n\t\t\t\t\t\t\tExpertise \t\t\t\t\t\t<\/span>\n\t\t\t\t\t<\/h3>\n\t\t\t\t\n\t\t\t\t\t\t\t\t\t<p class=\"elementor-icon-box-description\">\n\t\t\t\t\t\ttechnique multidisciplinaire coordonn\u00e9e, en relation avec les gestionnaires de populations animales sauvages, les services de l'\u00c9tat et les collectivit\u00e9s territoriales.\t\t\t\t\t<\/p>\n\t\t\t\t\n\t\t\t<\/div>\n\t\t\t\n\t\t<\/div>\n\t\t\t\t\t\t<\/div>\n\t\t\t\t<\/div>\n\t\t\t\t\t<\/div>\n\t\t<\/div>\n\t\t\t\t<div class=\"elementor-column elementor-col-33 elementor-top-column elementor-element elementor-element-defb1df\" data-id=\"defb1df\" data-element_type=\"column\" data-e-type=\"column\">\n\t\t\t<div class=\"elementor-widget-wrap elementor-element-populated\">\n\t\t\t\t\t\t<div class=\"elementor-element elementor-element-7804190 elementor-view-default elementor-position-block-start elementor-mobile-position-block-start elementor-widget elementor-widget-icon-box\" data-id=\"7804190\" data-element_type=\"widget\" data-e-type=\"widget\" data-widget_type=\"icon-box.default\">\n\t\t\t\t<div class=\"elementor-widget-container\">\n\t\t\t\t\t\t\t<div class=\"elementor-icon-box-wrapper\">\n\n\t\t\t\t\t\t<div class=\"elementor-icon-box-icon\">\n\t\t\t\t<span  class=\"elementor-icon\">\n\t\t\t\t<i class=\"sc-scientist\" aria-hidden=\"true\"><\/i>\t\t\t\t<\/span>\n\t\t\t<\/div>\n\t\t\t\n\t\t\t\t\t\t<div class=\"elementor-icon-box-content\">\n\n\t\t\t\t\t\t\t\t\t<h3 class=\"elementor-icon-box-title\">\n\t\t\t\t\t\t<span  >\n\t\t\t\t\t\t\tAppui \u00e0 la recherche\t\t\t\t\t\t<\/span>\n\t\t\t\t\t<\/h3>\n\t\t\t\t\n\t\t\t\t\t\t\t\t\t<p class=\"elementor-icon-box-description\">\n\t\t\t\t\t\tpour la production de donn\u00e9es scientifiques solides et appliqu\u00e9es, permettant d'\u00e9tayer la d\u00e9cision publique et l'action sur le terrain, \u00e0 court et moyen terme.\t\t\t\t\t<\/p>\n\t\t\t\t\n\t\t\t<\/div>\n\t\t\t\n\t\t<\/div>\n\t\t\t\t\t\t<\/div>\n\t\t\t\t<\/div>\n\t\t\t\t\t<\/div>\n\t\t<\/div>\n\t\t\t\t<div class=\"elementor-column elementor-col-33 elementor-top-column elementor-element elementor-element-4cfaa30\" data-id=\"4cfaa30\" data-element_type=\"column\" data-e-type=\"column\">\n\t\t\t<div class=\"elementor-widget-wrap elementor-element-populated\">\n\t\t\t\t\t\t<div class=\"elementor-element elementor-element-77d0991 elementor-view-default elementor-position-block-start elementor-mobile-position-block-start elementor-widget elementor-widget-icon-box\" data-id=\"77d0991\" data-element_type=\"widget\" data-e-type=\"widget\" data-widget_type=\"icon-box.default\">\n\t\t\t\t<div class=\"elementor-widget-container\">\n\t\t\t\t\t\t\t<div class=\"elementor-icon-box-wrapper\">\n\n\t\t\t\t\t\t<div class=\"elementor-icon-box-icon\">\n\t\t\t\t<span  class=\"elementor-icon\">\n\t\t\t\t<i class=\"fa fa-mortar-board\" aria-hidden=\"true\"><\/i>\t\t\t\t<\/span>\n\t\t\t<\/div>\n\t\t\t\n\t\t\t\t\t\t<div class=\"elementor-icon-box-content\">\n\n\t\t\t\t\t\t\t\t\t<h3 class=\"elementor-icon-box-title\">\n\t\t\t\t\t\t<span  >\n\t\t\t\t\t\t\tEnseignement et Formation\t\t\t\t\t\t<\/span>\n\t\t\t\t\t<\/h3>\n\t\t\t\t\n\t\t\t\t\t\t\t\t\t<p class=\"elementor-icon-box-description\">\n\t\t\t\t\t\tpour assurer la diffusion des connaissances aupr\u00e8s des \u00e9tudiants v\u00e9t\u00e9rinaires et agronomes, des professionnels concern\u00e9s et du grand public.\t\t\t\t\t<\/p>\n\t\t\t\t\n\t\t\t<\/div>\n\t\t\t\n\t\t<\/div>\n\t\t\t\t\t\t<\/div>\n\t\t\t\t<\/div>\n\t\t\t\t\t<\/div>\n\t\t<\/div>\n\t\t\t\t\t<\/div>\n\t\t<\/section>\n\t\t\t\t<section class=\"elementor-section elementor-top-section elementor-element elementor-element-affec58 reptro-section-padding-no elementor-section-boxed elementor-section-height-default elementor-section-height-default\" data-id=\"affec58\" data-element_type=\"section\" data-e-type=\"section\">\n\t\t\t\t\t\t<div class=\"elementor-container elementor-column-gap-default\">\n\t\t\t\t\t<div class=\"elementor-column elementor-col-100 elementor-top-column elementor-element elementor-element-2e5af569\" data-id=\"2e5af569\" data-element_type=\"column\" data-e-type=\"column\">\n\t\t\t<div class=\"elementor-widget-wrap elementor-element-populated\">\n\t\t\t\t\t\t<div class=\"elementor-element elementor-element-d947dab elementor-widget elementor-widget-heading\" data-id=\"d947dab\" data-element_type=\"widget\" data-e-type=\"widget\" data-widget_type=\"heading.default\">\n\t\t\t\t<div class=\"elementor-widget-container\">\n\t\t\t\t\t<h2 class=\"elementor-heading-title elementor-size-default\"><br>Expertise<\/h2>\t\t\t\t<\/div>\n\t\t\t\t<\/div>\n\t\t\t\t<div class=\"elementor-element elementor-element-3c8f89ab elementor-widget elementor-widget-text-editor\" data-id=\"3c8f89ab\" data-element_type=\"widget\" data-e-type=\"widget\" data-widget_type=\"text-editor.default\">\n\t\t\t\t<div class=\"elementor-widget-container\">\n\t\t\t\t\t\t\t\t\t<ul><li>Appuyer les investigations sur les questions sanitaires relatives \u00e0 une population animale sauvage ou \u00e0 un d\u00e9s\u00e9quilibre de l\u2019agro-\u00e9cosyst\u00e8me\u00a0;<\/li><li>Accompagner les collectivit\u00e9s territoriales, associations et pouvoirs publics dans l&rsquo;am\u00e9lioration des politiques de surveillance et de gestion sanitaire des animaux sauvages ;<\/li><li>Accompagner ces acteurs dans l&rsquo;am\u00e9lioration des politiques de gestion des conflits avec la faune sauvage, y compris dans sa dimension anthropologique ;\u00a0<\/li><li>Aider \u00e0 la gestion de donn\u00e9es (surveillance et suivi d\u2019indicateurs de sant\u00e9, cartographie, analyse spatiale) ;<\/li><li>Contribuer aux bases de donn\u00e9es existantes sur la faune sauvage, sa sant\u00e9 et son bien-\u00eatre.<\/li><\/ul>\t\t\t\t\t\t\t\t<\/div>\n\t\t\t\t<\/div>\n\t\t\t\t<div class=\"elementor-element elementor-element-ecc4b34 elementor-widget-divider--view-line elementor-widget elementor-widget-divider\" data-id=\"ecc4b34\" data-element_type=\"widget\" data-e-type=\"widget\" data-widget_type=\"divider.default\">\n\t\t\t\t<div class=\"elementor-widget-container\">\n\t\t\t\t\t\t\t<div class=\"elementor-divider\">\n\t\t\t<span class=\"elementor-divider-separator\">\n\t\t\t\t\t\t<\/span>\n\t\t<\/div>\n\t\t\t\t\t\t<\/div>\n\t\t\t\t<\/div>\n\t\t\t\t\t<\/div>\n\t\t<\/div>\n\t\t\t\t\t<\/div>\n\t\t<\/section>\n\t\t\t\t<section class=\"elementor-section elementor-top-section elementor-element elementor-element-1f1ef06 reptro-section-padding-no elementor-section-boxed elementor-section-height-default elementor-section-height-default\" data-id=\"1f1ef06\" data-element_type=\"section\" data-e-type=\"section\">\n\t\t\t\t\t\t<div class=\"elementor-container elementor-column-gap-default\">\n\t\t\t\t\t<div class=\"elementor-column elementor-col-100 elementor-top-column elementor-element elementor-element-1e33d10\" data-id=\"1e33d10\" data-element_type=\"column\" data-e-type=\"column\">\n\t\t\t<div class=\"elementor-widget-wrap elementor-element-populated\">\n\t\t\t\t\t\t<div class=\"elementor-element elementor-element-1cbdaff elementor-widget elementor-widget-heading\" data-id=\"1cbdaff\" data-element_type=\"widget\" data-e-type=\"widget\" data-widget_type=\"heading.default\">\n\t\t\t\t<div class=\"elementor-widget-container\">\n\t\t\t\t\t<h2 class=\"elementor-heading-title elementor-size-default\">Appui \u00e0 la recherche<\/h2>\t\t\t\t<\/div>\n\t\t\t\t<\/div>\n\t\t\t\t<div class=\"elementor-element elementor-element-6cee77a elementor-widget elementor-widget-text-editor\" data-id=\"6cee77a\" data-element_type=\"widget\" data-e-type=\"widget\" data-widget_type=\"text-editor.default\">\n\t\t\t\t<div class=\"elementor-widget-container\">\n\t\t\t\t\t\t\t\t\t<ul><li>Aider \u00e0 l\u2019analyse des risques zoosanitaires infectieux ou toxiques sur les animaux sauvages ;<\/li><li>Aider \u00e0 la compr\u00e9hension du fonctionnement des agro-\u00e9cosyst\u00e8mes, de la parcelle au territoire\u00a0;<\/li><li>Appuyer techniquement des \u00e9quipes de recherche pour les aider \u00e0 construire des projets de recherche incluant le suivi sanitaire de la faune sauvage ;<\/li><li>\u00c9laborer des outils de diagnostic de la qualit\u00e9 de l\u2019environnement naturel ou anthropis\u00e9 (sant\u00e9 des \u00e9cosyst\u00e8mes).<\/li><\/ul>\t\t\t\t\t\t\t\t<\/div>\n\t\t\t\t<\/div>\n\t\t\t\t<div class=\"elementor-element elementor-element-a51824d elementor-widget-divider--view-line elementor-widget elementor-widget-divider\" data-id=\"a51824d\" data-element_type=\"widget\" data-e-type=\"widget\" data-widget_type=\"divider.default\">\n\t\t\t\t<div class=\"elementor-widget-container\">\n\t\t\t\t\t\t\t<div class=\"elementor-divider\">\n\t\t\t<span class=\"elementor-divider-separator\">\n\t\t\t\t\t\t<\/span>\n\t\t<\/div>\n\t\t\t\t\t\t<\/div>\n\t\t\t\t<\/div>\n\t\t\t\t\t<\/div>\n\t\t<\/div>\n\t\t\t\t\t<\/div>\n\t\t<\/section>\n\t\t\t\t<section class=\"elementor-section elementor-top-section elementor-element elementor-element-93f5fb2 reptro-section-padding-no elementor-section-boxed elementor-section-height-default elementor-section-height-default\" data-id=\"93f5fb2\" data-element_type=\"section\" data-e-type=\"section\">\n\t\t\t\t\t\t<div class=\"elementor-container elementor-column-gap-default\">\n\t\t\t\t\t<div class=\"elementor-column elementor-col-100 elementor-top-column elementor-element elementor-element-7653ae6\" data-id=\"7653ae6\" data-element_type=\"column\" data-e-type=\"column\">\n\t\t\t<div class=\"elementor-widget-wrap elementor-element-populated\">\n\t\t\t\t\t\t<div class=\"elementor-element elementor-element-31c2aab elementor-widget elementor-widget-heading\" data-id=\"31c2aab\" data-element_type=\"widget\" data-e-type=\"widget\" data-widget_type=\"heading.default\">\n\t\t\t\t<div class=\"elementor-widget-container\">\n\t\t\t\t\t<h2 class=\"elementor-heading-title elementor-size-default\">Enseignement et Formation <\/h2>\t\t\t\t<\/div>\n\t\t\t\t<\/div>\n\t\t\t\t<div class=\"elementor-element elementor-element-a7d1c76 elementor-widget elementor-widget-text-editor\" data-id=\"a7d1c76\" data-element_type=\"widget\" data-e-type=\"widget\" data-widget_type=\"text-editor.default\">\n\t\t\t\t<div class=\"elementor-widget-container\">\n\t\t\t\t\t\t\t\t\t<ul><li>Proposer des modules de<a href=\"http:\/\/evaas.vetagro-sup.fr\/index.php\/formation\/\"> formation initiale<\/a> (enseignements personnalis\u00e9s, th\u00e8ses d&rsquo;exercice, masters) en lien avec des projets de recherche en sant\u00e9 de la faune sauvage ;<\/li><li>Proposer des modules de <a href=\"http:\/\/evaas.vetagro-sup.fr\/index.php\/formation-continue\/\">formation continue<\/a> v\u00e9t\u00e9rinaire, en \u00e9cologie ou en agronomie\u00a0;<\/li><li>Contribuer \u00e0 l\u2019information du grand public en mati\u00e8re de sant\u00e9 publique, de gestion et de conservation des esp\u00e8ces sauvages.<\/li><\/ul>\t\t\t\t\t\t\t\t<\/div>\n\t\t\t\t<\/div>\n\t\t\t\t\t<\/div>\n\t\t<\/div>\n\t\t\t\t\t<\/div>\n\t\t<\/section>\n\t\t\t\t<\/div>\n\t\t","protected":false},"excerpt":{"rendered":"<p>Le p\u00f4le EVAAS, cr\u00e9\u00e9 en ao\u00fbt 2016, est n\u00e9 de la volont\u00e9 de professionnels de la sant\u00e9 de la faune, sollicit\u00e9s individuellement, de coordonner leurs activit\u00e9s. Il regroupe des enseignants, des chercheurs, des techniciens, des v\u00e9t\u00e9rinaires et des \u00e9tudiants dont l&rsquo;activit\u00e9 est largement tourn\u00e9e vers l&rsquo;\u00e9tude des populations animales sauvages. Gr\u00e2ce \u00e0 eux, le p\u00f4le&#8230;<\/p>\n","protected":false},"author":1,"featured_media":0,"parent":0,"menu_order":0,"comment_status":"closed","ping_status":"closed","template":"","meta":{"_monsterinsights_skip_tracking":false,"_monsterinsights_sitenote_active":false,"_monsterinsights_sitenote_note":"","_monsterinsights_sitenote_category":0,"_uf_show_specific_survey":0,"_uf_disable_surveys":false,"footnotes":""},"class_list":["post-33","page","type-page","status-publish","hentry"],"yoast_head":"<!-- This site is optimized with the Yoast SEO plugin v27.3 - https:\/\/yoast.com\/product\/yoast-seo-wordpress\/ -->\n<title>Le p\u00f4le EVAAS - Expertise V\u00e9t\u00e9rinaire et Agronomique Animaux Sauvages<\/title>\n<meta name=\"description\" content=\"Le p\u00f4le EVAAS de VetAgro Sup propose une expertise scientifique collective pluridisciplinaire dans le domaine de la sant\u00e9 des animaux sauvages\" \/>\n<meta name=\"robots\" content=\"index, follow, max-snippet:-1, max-image-preview:large, max-video-preview:-1\" \/>\n<link rel=\"canonical\" href=\"http:\/\/evaas.vetagro-sup.fr\/index.php\/a-propos-de\/\" \/>\n<meta property=\"og:locale\" content=\"fr_FR\" \/>\n<meta property=\"og:type\" content=\"article\" \/>\n<meta property=\"og:title\" content=\"Le p\u00f4le EVAAS - Expertise V\u00e9t\u00e9rinaire et Agronomique Animaux Sauvages\" \/>\n<meta property=\"og:description\" content=\"Le p\u00f4le EVAAS de VetAgro Sup propose une expertise scientifique collective pluridisciplinaire dans le domaine de la sant\u00e9 des animaux sauvages\" \/>\n<meta property=\"og:url\" content=\"http:\/\/evaas.vetagro-sup.fr\/index.php\/a-propos-de\/\" \/>\n<meta property=\"og:site_name\" content=\"EVAAS\" \/>\n<meta property=\"article:modified_time\" content=\"2022-06-27T13:49:11+00:00\" \/>\n<meta name=\"twitter:card\" content=\"summary_large_image\" \/>\n<meta name=\"twitter:label1\" content=\"Dur\u00e9e de lecture estim\u00e9e\" \/>\n\t<meta name=\"twitter:data1\" content=\"2 minutes\" \/>\n<script type=\"application\/ld+json\" class=\"yoast-schema-graph\">{\"@context\":\"https:\\\/\\\/schema.org\",\"@graph\":[{\"@type\":\"WebPage\",\"@id\":\"http:\\\/\\\/evaas.vetagro-sup.fr\\\/index.php\\\/a-propos-de\\\/\",\"url\":\"http:\\\/\\\/evaas.vetagro-sup.fr\\\/index.php\\\/a-propos-de\\\/\",\"name\":\"Le p\u00f4le EVAAS - Expertise V\u00e9t\u00e9rinaire et Agronomique Animaux Sauvages\",\"isPartOf\":{\"@id\":\"http:\\\/\\\/evaas.vetagro-sup.fr\\\/#website\"},\"datePublished\":\"2018-09-26T13:19:04+00:00\",\"dateModified\":\"2022-06-27T13:49:11+00:00\",\"description\":\"Le p\u00f4le EVAAS de VetAgro Sup propose une expertise scientifique collective pluridisciplinaire dans le domaine de la sant\u00e9 des animaux sauvages\",\"breadcrumb\":{\"@id\":\"http:\\\/\\\/evaas.vetagro-sup.fr\\\/index.php\\\/a-propos-de\\\/#breadcrumb\"},\"inLanguage\":\"fr-FR\",\"potentialAction\":[{\"@type\":\"ReadAction\",\"target\":[\"http:\\\/\\\/evaas.vetagro-sup.fr\\\/index.php\\\/a-propos-de\\\/\"]}]},{\"@type\":\"BreadcrumbList\",\"@id\":\"http:\\\/\\\/evaas.vetagro-sup.fr\\\/index.php\\\/a-propos-de\\\/#breadcrumb\",\"itemListElement\":[{\"@type\":\"ListItem\",\"position\":1,\"name\":\"Accueil\",\"item\":\"http:\\\/\\\/evaas.vetagro-sup.fr\\\/\"},{\"@type\":\"ListItem\",\"position\":2,\"name\":\"Le p\u00f4le EVAAS\"}]},{\"@type\":\"WebSite\",\"@id\":\"http:\\\/\\\/evaas.vetagro-sup.fr\\\/#website\",\"url\":\"http:\\\/\\\/evaas.vetagro-sup.fr\\\/\",\"name\":\"EVAAS\",\"description\":\"Expertise scientifique collective multidisciplinaire en sant\u00e9 de la faune sauvage\",\"publisher\":{\"@id\":\"http:\\\/\\\/evaas.vetagro-sup.fr\\\/#organization\"},\"potentialAction\":[{\"@type\":\"SearchAction\",\"target\":{\"@type\":\"EntryPoint\",\"urlTemplate\":\"http:\\\/\\\/evaas.vetagro-sup.fr\\\/?s={search_term_string}\"},\"query-input\":{\"@type\":\"PropertyValueSpecification\",\"valueRequired\":true,\"valueName\":\"search_term_string\"}}],\"inLanguage\":\"fr-FR\"},{\"@type\":\"Organization\",\"@id\":\"http:\\\/\\\/evaas.vetagro-sup.fr\\\/#organization\",\"name\":\"P\u00f4le EVAAS\",\"url\":\"http:\\\/\\\/evaas.vetagro-sup.fr\\\/\",\"logo\":{\"@type\":\"ImageObject\",\"inLanguage\":\"fr-FR\",\"@id\":\"http:\\\/\\\/evaas.vetagro-sup.fr\\\/#\\\/schema\\\/logo\\\/image\\\/\",\"url\":\"http:\\\/\\\/evaas.vetagro-sup.fr\\\/wp-content\\\/uploads\\\/2018\\\/10\\\/logo_EVAAS_ecran_sans_fond-e1539174118936.png\",\"contentUrl\":\"http:\\\/\\\/evaas.vetagro-sup.fr\\\/wp-content\\\/uploads\\\/2018\\\/10\\\/logo_EVAAS_ecran_sans_fond-e1539174118936.png\",\"width\":387,\"height\":150,\"caption\":\"P\u00f4le EVAAS\"},\"image\":{\"@id\":\"http:\\\/\\\/evaas.vetagro-sup.fr\\\/#\\\/schema\\\/logo\\\/image\\\/\"}}]}<\/script>\n<!-- \/ Yoast SEO plugin. -->","yoast_head_json":{"title":"Le p\u00f4le EVAAS - Expertise V\u00e9t\u00e9rinaire et Agronomique Animaux Sauvages","description":"Le p\u00f4le EVAAS de VetAgro Sup propose une expertise scientifique collective pluridisciplinaire dans le domaine de la sant\u00e9 des animaux sauvages","robots":{"index":"index","follow":"follow","max-snippet":"max-snippet:-1","max-image-preview":"max-image-preview:large","max-video-preview":"max-video-preview:-1"},"canonical":"http:\/\/evaas.vetagro-sup.fr\/index.php\/a-propos-de\/","og_locale":"fr_FR","og_type":"article","og_title":"Le p\u00f4le EVAAS - Expertise V\u00e9t\u00e9rinaire et Agronomique Animaux Sauvages","og_description":"Le p\u00f4le EVAAS de VetAgro Sup propose une expertise scientifique collective pluridisciplinaire dans le domaine de la sant\u00e9 des animaux sauvages","og_url":"http:\/\/evaas.vetagro-sup.fr\/index.php\/a-propos-de\/","og_site_name":"EVAAS","article_modified_time":"2022-06-27T13:49:11+00:00","twitter_card":"summary_large_image","twitter_misc":{"Dur\u00e9e de lecture estim\u00e9e":"2 minutes"},"schema":{"@context":"https:\/\/schema.org","@graph":[{"@type":"WebPage","@id":"http:\/\/evaas.vetagro-sup.fr\/index.php\/a-propos-de\/","url":"http:\/\/evaas.vetagro-sup.fr\/index.php\/a-propos-de\/","name":"Le p\u00f4le EVAAS - Expertise V\u00e9t\u00e9rinaire et Agronomique Animaux Sauvages","isPartOf":{"@id":"http:\/\/evaas.vetagro-sup.fr\/#website"},"datePublished":"2018-09-26T13:19:04+00:00","dateModified":"2022-06-27T13:49:11+00:00","description":"Le p\u00f4le EVAAS de VetAgro Sup propose une expertise scientifique collective pluridisciplinaire dans le domaine de la sant\u00e9 des animaux sauvages","breadcrumb":{"@id":"http:\/\/evaas.vetagro-sup.fr\/index.php\/a-propos-de\/#breadcrumb"},"inLanguage":"fr-FR","potentialAction":[{"@type":"ReadAction","target":["http:\/\/evaas.vetagro-sup.fr\/index.php\/a-propos-de\/"]}]},{"@type":"BreadcrumbList","@id":"http:\/\/evaas.vetagro-sup.fr\/index.php\/a-propos-de\/#breadcrumb","itemListElement":[{"@type":"ListItem","position":1,"name":"Accueil","item":"http:\/\/evaas.vetagro-sup.fr\/"},{"@type":"ListItem","position":2,"name":"Le p\u00f4le EVAAS"}]},{"@type":"WebSite","@id":"http:\/\/evaas.vetagro-sup.fr\/#website","url":"http:\/\/evaas.vetagro-sup.fr\/","name":"EVAAS","description":"Expertise scientifique collective multidisciplinaire en sant\u00e9 de la faune sauvage","publisher":{"@id":"http:\/\/evaas.vetagro-sup.fr\/#organization"},"potentialAction":[{"@type":"SearchAction","target":{"@type":"EntryPoint","urlTemplate":"http:\/\/evaas.vetagro-sup.fr\/?s={search_term_string}"},"query-input":{"@type":"PropertyValueSpecification","valueRequired":true,"valueName":"search_term_string"}}],"inLanguage":"fr-FR"},{"@type":"Organization","@id":"http:\/\/evaas.vetagro-sup.fr\/#organization","name":"P\u00f4le EVAAS","url":"http:\/\/evaas.vetagro-sup.fr\/","logo":{"@type":"ImageObject","inLanguage":"fr-FR","@id":"http:\/\/evaas.vetagro-sup.fr\/#\/schema\/logo\/image\/","url":"http:\/\/evaas.vetagro-sup.fr\/wp-content\/uploads\/2018\/10\/logo_EVAAS_ecran_sans_fond-e1539174118936.png","contentUrl":"http:\/\/evaas.vetagro-sup.fr\/wp-content\/uploads\/2018\/10\/logo_EVAAS_ecran_sans_fond-e1539174118936.png","width":387,"height":150,"caption":"P\u00f4le EVAAS"},"image":{"@id":"http:\/\/evaas.vetagro-sup.fr\/#\/schema\/logo\/image\/"}}]}},"_links":{"self":[{"href":"http:\/\/evaas.vetagro-sup.fr\/index.php\/wp-json\/wp\/v2\/pages\/33","targetHints":{"allow":["GET"]}}],"collection":[{"href":"http:\/\/evaas.vetagro-sup.fr\/index.php\/wp-json\/wp\/v2\/pages"}],"about":[{"href":"http:\/\/evaas.vetagro-sup.fr\/index.php\/wp-json\/wp\/v2\/types\/page"}],"author":[{"embeddable":true,"href":"http:\/\/evaas.vetagro-sup.fr\/index.php\/wp-json\/wp\/v2\/users\/1"}],"replies":[{"embeddable":true,"href":"http:\/\/evaas.vetagro-sup.fr\/index.php\/wp-json\/wp\/v2\/comments?post=33"}],"version-history":[{"count":47,"href":"http:\/\/evaas.vetagro-sup.fr\/index.php\/wp-json\/wp\/v2\/pages\/33\/revisions"}],"predecessor-version":[{"id":2463,"href":"http:\/\/evaas.vetagro-sup.fr\/index.php\/wp-json\/wp\/v2\/pages\/33\/revisions\/2463"}],"wp:attachment":[{"href":"http:\/\/evaas.vetagro-sup.fr\/index.php\/wp-json\/wp\/v2\/media?parent=33"}],"curies":[{"name":"wp","href":"https:\/\/api.w.org\/{rel}","templated":true}]}}