{"id":242,"date":"2018-10-09T16:15:19","date_gmt":"2018-10-09T14:15:19","guid":{"rendered":"http:\/\/evaas.vetagro-sup.fr\/?page_id=242"},"modified":"2021-04-15T14:33:57","modified_gmt":"2021-04-15T12:33:57","slug":"formation-continue","status":"publish","type":"page","link":"http:\/\/evaas.vetagro-sup.fr\/index.php\/formation-continue\/","title":{"rendered":"Formation continue"},"content":{"rendered":"\t\t<div data-elementor-type=\"wp-post\" data-elementor-id=\"242\" class=\"elementor elementor-242\">\n\t\t\t\t\t\t<section class=\"elementor-section elementor-top-section elementor-element elementor-element-9541212 reptro-section-padding-medium elementor-section-boxed elementor-section-height-default elementor-section-height-default\" data-id=\"9541212\" data-element_type=\"section\" data-e-type=\"section\">\n\t\t\t\t\t\t<div class=\"elementor-container elementor-column-gap-default\">\n\t\t\t\t\t<div class=\"elementor-column elementor-col-100 elementor-top-column elementor-element elementor-element-f065ea4\" data-id=\"f065ea4\" data-element_type=\"column\" data-e-type=\"column\">\n\t\t\t<div class=\"elementor-widget-wrap elementor-element-populated\">\n\t\t\t\t\t\t<div class=\"elementor-element elementor-element-d5b27d6 elementor-widget elementor-widget-reptro_section_title\" data-id=\"d5b27d6\" data-element_type=\"widget\" data-e-type=\"widget\" data-widget_type=\"reptro_section_title.default\">\n\t\t\t\t<div class=\"elementor-widget-container\">\n\t\t\t\t\t<h2 class=\"reptro-section-title text-default margin-bottom-small section-title-type-border margin-top-small section-title-font-size-default section-title-color-default\"><span>EcoHealth - Sant\u00e9 des \u00e9cosyst\u00e8mes<\/span><\/h2>\t\t\t\t<\/div>\n\t\t\t\t<\/div>\n\t\t\t\t<div class=\"elementor-element elementor-element-a579050 elementor-vertical-align-top elementor-widget elementor-widget-image-box\" data-id=\"a579050\" data-element_type=\"widget\" data-e-type=\"widget\" data-widget_type=\"image-box.default\">\n\t\t\t\t<div class=\"elementor-widget-container\">\n\t\t\t\t\t<div class=\"elementor-image-box-wrapper\"><div class=\"elementor-image-box-content\"><p class=\"elementor-image-box-description\">Ce module de formation a pour but de permettre aux \u00e9tudiants et aux professionnels d\u2019appr\u00e9hender la probl\u00e9matique complexe des interactions entre gestion des paysages agricoles, dynamique des esp\u00e8ces sauvages et probl\u00e9matiques sanitaires concernant la production agricole, la faune sauvage ou la sant\u00e9 publique. \nLes participants m\u00e8nent un diagnostic complet de l\u2019\u00e9tat de sant\u00e9 d\u2019un \u00e9cosyst\u00e8me (les hauts plateaux du Jura), mettant en \u0153uvre le concept d\u2019EcoHealth. <\/p><\/div><\/div>\t\t\t\t<\/div>\n\t\t\t\t<\/div>\n\t\t\t\t<div class=\"elementor-element elementor-element-8eef6ff elementor-align-center elementor-widget elementor-widget-button\" data-id=\"8eef6ff\" data-element_type=\"widget\" data-e-type=\"widget\" data-widget_type=\"button.default\">\n\t\t\t\t<div class=\"elementor-widget-container\">\n\t\t\t\t\t\t\t\t\t<div class=\"elementor-button-wrapper\">\n\t\t\t\t\t<a class=\"elementor-button elementor-button-link elementor-size-md\" href=\"http:\/\/evaas.vetagro-sup.fr\/index.php\/ecohealth\/\" target=\"_blank\">\n\t\t\t\t\t\t<span class=\"elementor-button-content-wrapper\">\n\t\t\t\t\t\t\t\t\t<span class=\"elementor-button-text\">Plus d'informations<\/span>\n\t\t\t\t\t<\/span>\n\t\t\t\t\t<\/a>\n\t\t\t\t<\/div>\n\t\t\t\t\t\t\t\t<\/div>\n\t\t\t\t<\/div>\n\t\t\t\t\t<\/div>\n\t\t<\/div>\n\t\t\t\t\t<\/div>\n\t\t<\/section>\n\t\t\t\t<section class=\"elementor-section elementor-top-section elementor-element elementor-element-d9ca105 reptro-section-padding-medium elementor-section-boxed elementor-section-height-default elementor-section-height-default\" data-id=\"d9ca105\" data-element_type=\"section\" data-e-type=\"section\">\n\t\t\t\t\t\t<div class=\"elementor-container elementor-column-gap-default\">\n\t\t\t\t\t<div class=\"elementor-column elementor-col-100 elementor-top-column elementor-element elementor-element-df211cf\" data-id=\"df211cf\" data-element_type=\"column\" data-e-type=\"column\">\n\t\t\t<div class=\"elementor-widget-wrap elementor-element-populated\">\n\t\t\t\t\t\t<div class=\"elementor-element elementor-element-5ca04cb elementor-widget elementor-widget-reptro_section_title\" data-id=\"5ca04cb\" data-element_type=\"widget\" data-e-type=\"widget\" data-widget_type=\"reptro_section_title.default\">\n\t\t\t\t<div class=\"elementor-widget-container\">\n\t\t\t\t\t<h2 class=\"reptro-section-title text-default margin-bottom-small section-title-type-border margin-top-small section-title-font-size-default section-title-color-default\"><span>DIE - Sant\u00e9 de la Faune Sauvage Non Captive<\/span><\/h2>\t\t\t\t<\/div>\n\t\t\t\t<\/div>\n\t\t\t\t<div class=\"elementor-element elementor-element-9af7983 elementor-vertical-align-top elementor-widget elementor-widget-image-box\" data-id=\"9af7983\" data-element_type=\"widget\" data-e-type=\"widget\" data-widget_type=\"image-box.default\">\n\t\t\t\t<div class=\"elementor-widget-container\">\n\t\t\t\t\t<div class=\"elementor-image-box-wrapper\"><div class=\"elementor-image-box-content\"><p class=\"elementor-image-box-description\">Ce dipl\u00f4me inter \u00e9coles a pour but de permettre aux professionnels d\u2019acqu\u00e9rir l'ensemble des connaissances et des comp\u00e9tences n\u00e9cessaires \u00e0 la gestion raisonn\u00e9e de situations impliquant la faune sauvage non captive, dans l'esprit du concept One Health.<\/p><\/div><\/div>\t\t\t\t<\/div>\n\t\t\t\t<\/div>\n\t\t\t\t<div class=\"elementor-element elementor-element-f033e7c elementor-align-center elementor-widget elementor-widget-button\" data-id=\"f033e7c\" data-element_type=\"widget\" data-e-type=\"widget\" data-widget_type=\"button.default\">\n\t\t\t\t<div class=\"elementor-widget-container\">\n\t\t\t\t\t\t\t\t\t<div class=\"elementor-button-wrapper\">\n\t\t\t\t\t<a class=\"elementor-button elementor-button-link elementor-size-md\" href=\"https:\/\/connectpro.oniris-nantes.fr\/mod\/page\/view.php?id=6799\" target=\"_blank\">\n\t\t\t\t\t\t<span class=\"elementor-button-content-wrapper\">\n\t\t\t\t\t\t\t\t\t<span class=\"elementor-button-text\">Plus d'informations<\/span>\n\t\t\t\t\t<\/span>\n\t\t\t\t\t<\/a>\n\t\t\t\t<\/div>\n\t\t\t\t\t\t\t\t<\/div>\n\t\t\t\t<\/div>\n\t\t\t\t\t<\/div>\n\t\t<\/div>\n\t\t\t\t\t<\/div>\n\t\t<\/section>\n\t\t\t\t<section class=\"elementor-section elementor-top-section elementor-element elementor-element-876a869 reptro-section-padding-medium elementor-section-boxed elementor-section-height-default elementor-section-height-default\" data-id=\"876a869\" data-element_type=\"section\" data-e-type=\"section\">\n\t\t\t\t\t\t<div class=\"elementor-container elementor-column-gap-default\">\n\t\t\t\t\t<div class=\"elementor-column elementor-col-100 elementor-top-column elementor-element elementor-element-04c1b1e\" data-id=\"04c1b1e\" data-element_type=\"column\" data-e-type=\"column\">\n\t\t\t<div class=\"elementor-widget-wrap elementor-element-populated\">\n\t\t\t\t\t\t<div class=\"elementor-element elementor-element-e08ec6c elementor-widget elementor-widget-reptro_section_title\" data-id=\"e08ec6c\" data-element_type=\"widget\" data-e-type=\"widget\" data-widget_type=\"reptro_section_title.default\">\n\t\t\t\t<div class=\"elementor-widget-container\">\n\t\t\t\t\t<h2 class=\"reptro-section-title text-default margin-bottom-small section-title-type-border margin-top-small section-title-font-size-default section-title-color-default\"><span>DE - One Health en pratiques<\/span><\/h2>\t\t\t\t<\/div>\n\t\t\t\t<\/div>\n\t\t\t\t<div class=\"elementor-element elementor-element-ac9d9c9 elementor-vertical-align-top elementor-widget elementor-widget-image-box\" data-id=\"ac9d9c9\" data-element_type=\"widget\" data-e-type=\"widget\" data-widget_type=\"image-box.default\">\n\t\t\t\t<div class=\"elementor-widget-container\">\n\t\t\t\t\t<div class=\"elementor-image-box-wrapper\"><div class=\"elementor-image-box-content\"><p class=\"elementor-image-box-description\">Le concept One Health invite \u00e0 l\u2019action interdisciplinaire et intersectorielle dans la gestion des probl\u00e8mes sanitaires publiques. Il induit l\u2019interd\u00e9pendance entre la sant\u00e9 humaine, la sant\u00e9 animale et la sant\u00e9 des \u00e9cosyst\u00e8mes. Sa compr\u00e9hension et sa ma\u00eetrise sollicitent l\u2019\u00e9change de connaissances et de comp\u00e9tences entre les diff\u00e9rents acteurs du secteur m\u00e9dical, v\u00e9t\u00e9rinaire, environnemental, politique et socio-\u00e9conomique. L\u2019enjeu, \u00e0 travers ce dipl\u00f4me, est d\u2019apporter une vision transversale et pluridisciplinaire, ainsi qu\u2019une prise de hauteur n\u00e9cessaire dans le domaine de la sant\u00e9 globale \u00e0 l\u2019\u00e9chelle territoriale, nationale et internationale<\/p><\/div><\/div>\t\t\t\t<\/div>\n\t\t\t\t<\/div>\n\t\t\t\t<div class=\"elementor-element elementor-element-f7ac3b7 elementor-align-center elementor-widget elementor-widget-button\" data-id=\"f7ac3b7\" data-element_type=\"widget\" data-e-type=\"widget\" data-widget_type=\"button.default\">\n\t\t\t\t<div class=\"elementor-widget-container\">\n\t\t\t\t\t\t\t\t\t<div class=\"elementor-button-wrapper\">\n\t\t\t\t\t<a class=\"elementor-button elementor-button-link elementor-size-md\" href=\"http:\/\/www.ensv.fr\/diplome-detablissement-one-health-en-pratiques\/#:~:text=Le%20dipl%C3%B4me%20One%20Health%20en,et%20la%20sant%C3%A9%20des%20%C3%A9cosyst%C3%A8mes.\" target=\"_blank\">\n\t\t\t\t\t\t<span class=\"elementor-button-content-wrapper\">\n\t\t\t\t\t\t\t\t\t<span class=\"elementor-button-text\">Plus d'informations<\/span>\n\t\t\t\t\t<\/span>\n\t\t\t\t\t<\/a>\n\t\t\t\t<\/div>\n\t\t\t\t\t\t\t\t<\/div>\n\t\t\t\t<\/div>\n\t\t\t\t\t<\/div>\n\t\t<\/div>\n\t\t\t\t\t<\/div>\n\t\t<\/section>\n\t\t\t\t<section class=\"elementor-section elementor-top-section elementor-element elementor-element-ea02208 reptro-section-padding-medium elementor-section-boxed elementor-section-height-default elementor-section-height-default\" data-id=\"ea02208\" data-element_type=\"section\" data-e-type=\"section\">\n\t\t\t\t\t\t<div class=\"elementor-container elementor-column-gap-default\">\n\t\t\t\t\t<div class=\"elementor-column elementor-col-100 elementor-top-column elementor-element elementor-element-89a0f72\" data-id=\"89a0f72\" data-element_type=\"column\" data-e-type=\"column\">\n\t\t\t<div class=\"elementor-widget-wrap elementor-element-populated\">\n\t\t\t\t\t\t<div class=\"elementor-element elementor-element-313daca elementor-widget elementor-widget-reptro_section_title\" data-id=\"313daca\" data-element_type=\"widget\" data-e-type=\"widget\" data-widget_type=\"reptro_section_title.default\">\n\t\t\t\t<div class=\"elementor-widget-container\">\n\t\t\t\t\t<h2 class=\"reptro-section-title text-default margin-bottom-small section-title-type-border margin-top-small section-title-font-size-default section-title-color-default\"><span>Offre de formation sur mesure<\/span><\/h2>\t\t\t\t<\/div>\n\t\t\t\t<\/div>\n\t\t\t\t<div class=\"elementor-element elementor-element-4f6819e elementor-vertical-align-top elementor-widget elementor-widget-image-box\" data-id=\"4f6819e\" data-element_type=\"widget\" data-e-type=\"widget\" data-widget_type=\"image-box.default\">\n\t\t\t\t<div class=\"elementor-widget-container\">\n\t\t\t\t\t<div class=\"elementor-image-box-wrapper\"><div class=\"elementor-image-box-content\"><p class=\"elementor-image-box-description\">Vous souhaitez une formation sur mesure dans un domaine particulier de la sant\u00e9 de la faune sauvage ? Contactez nous !<\/p><\/div><\/div>\t\t\t\t<\/div>\n\t\t\t\t<\/div>\n\t\t\t\t\t<\/div>\n\t\t<\/div>\n\t\t\t\t\t<\/div>\n\t\t<\/section>\n\t\t\t\t<\/div>\n\t\t","protected":false},"excerpt":{"rendered":"<p>EcoHealth &#8211; Sant\u00e9 des \u00e9cosyst\u00e8mes Ce module de formation a pour but de permettre aux \u00e9tudiants et aux professionnels d\u2019appr\u00e9hender la probl\u00e9matique complexe des interactions entre gestion des paysages agricoles, dynamique des esp\u00e8ces sauvages et probl\u00e9matiques sanitaires concernant la production agricole, la faune sauvage ou la sant\u00e9 publique. Les participants m\u00e8nent un diagnostic complet de&#8230;<\/p>\n","protected":false},"author":1,"featured_media":0,"parent":0,"menu_order":0,"comment_status":"closed","ping_status":"closed","template":"","meta":{"_monsterinsights_skip_tracking":false,"_monsterinsights_sitenote_active":false,"_monsterinsights_sitenote_note":"","_monsterinsights_sitenote_category":0,"_uf_show_specific_survey":0,"_uf_disable_surveys":false,"footnotes":""},"class_list":["post-242","page","type-page","status-publish","hentry"],"yoast_head":"<!-- This site is optimized with the Yoast SEO plugin v27.3 - https:\/\/yoast.com\/product\/yoast-seo-wordpress\/ -->\n<title>Formation continue - EVAAS<\/title>\n<meta name=\"robots\" content=\"index, follow, max-snippet:-1, max-image-preview:large, max-video-preview:-1\" \/>\n<link rel=\"canonical\" href=\"http:\/\/evaas.vetagro-sup.fr\/index.php\/formation-continue\/\" \/>\n<meta property=\"og:locale\" content=\"fr_FR\" \/>\n<meta property=\"og:type\" content=\"article\" \/>\n<meta property=\"og:title\" content=\"Formation continue - EVAAS\" \/>\n<meta property=\"og:description\" content=\"EcoHealth &#8211; Sant\u00e9 des \u00e9cosyst\u00e8mes Ce module de formation a pour but de permettre aux \u00e9tudiants et aux professionnels d\u2019appr\u00e9hender la probl\u00e9matique complexe des interactions entre gestion des paysages agricoles, dynamique des esp\u00e8ces sauvages et probl\u00e9matiques sanitaires concernant la production agricole, la faune sauvage ou la sant\u00e9 publique. Les participants m\u00e8nent un diagnostic complet de&#8230;\" \/>\n<meta property=\"og:url\" content=\"http:\/\/evaas.vetagro-sup.fr\/index.php\/formation-continue\/\" \/>\n<meta property=\"og:site_name\" content=\"EVAAS\" \/>\n<meta property=\"article:modified_time\" content=\"2021-04-15T12:33:57+00:00\" \/>\n<meta name=\"twitter:card\" content=\"summary_large_image\" \/>\n<meta name=\"twitter:label1\" content=\"Dur\u00e9e de lecture estim\u00e9e\" \/>\n\t<meta name=\"twitter:data1\" content=\"2 minutes\" \/>\n<script type=\"application\/ld+json\" class=\"yoast-schema-graph\">{\"@context\":\"https:\\\/\\\/schema.org\",\"@graph\":[{\"@type\":\"WebPage\",\"@id\":\"http:\\\/\\\/evaas.vetagro-sup.fr\\\/index.php\\\/formation-continue\\\/\",\"url\":\"http:\\\/\\\/evaas.vetagro-sup.fr\\\/index.php\\\/formation-continue\\\/\",\"name\":\"Formation continue - EVAAS\",\"isPartOf\":{\"@id\":\"http:\\\/\\\/evaas.vetagro-sup.fr\\\/#website\"},\"datePublished\":\"2018-10-09T14:15:19+00:00\",\"dateModified\":\"2021-04-15T12:33:57+00:00\",\"breadcrumb\":{\"@id\":\"http:\\\/\\\/evaas.vetagro-sup.fr\\\/index.php\\\/formation-continue\\\/#breadcrumb\"},\"inLanguage\":\"fr-FR\",\"potentialAction\":[{\"@type\":\"ReadAction\",\"target\":[\"http:\\\/\\\/evaas.vetagro-sup.fr\\\/index.php\\\/formation-continue\\\/\"]}]},{\"@type\":\"BreadcrumbList\",\"@id\":\"http:\\\/\\\/evaas.vetagro-sup.fr\\\/index.php\\\/formation-continue\\\/#breadcrumb\",\"itemListElement\":[{\"@type\":\"ListItem\",\"position\":1,\"name\":\"Accueil\",\"item\":\"http:\\\/\\\/evaas.vetagro-sup.fr\\\/\"},{\"@type\":\"ListItem\",\"position\":2,\"name\":\"Formation continue\"}]},{\"@type\":\"WebSite\",\"@id\":\"http:\\\/\\\/evaas.vetagro-sup.fr\\\/#website\",\"url\":\"http:\\\/\\\/evaas.vetagro-sup.fr\\\/\",\"name\":\"EVAAS\",\"description\":\"Expertise scientifique collective multidisciplinaire en sant\u00e9 de la faune sauvage\",\"publisher\":{\"@id\":\"http:\\\/\\\/evaas.vetagro-sup.fr\\\/#organization\"},\"potentialAction\":[{\"@type\":\"SearchAction\",\"target\":{\"@type\":\"EntryPoint\",\"urlTemplate\":\"http:\\\/\\\/evaas.vetagro-sup.fr\\\/?s={search_term_string}\"},\"query-input\":{\"@type\":\"PropertyValueSpecification\",\"valueRequired\":true,\"valueName\":\"search_term_string\"}}],\"inLanguage\":\"fr-FR\"},{\"@type\":\"Organization\",\"@id\":\"http:\\\/\\\/evaas.vetagro-sup.fr\\\/#organization\",\"name\":\"P\u00f4le EVAAS\",\"url\":\"http:\\\/\\\/evaas.vetagro-sup.fr\\\/\",\"logo\":{\"@type\":\"ImageObject\",\"inLanguage\":\"fr-FR\",\"@id\":\"http:\\\/\\\/evaas.vetagro-sup.fr\\\/#\\\/schema\\\/logo\\\/image\\\/\",\"url\":\"http:\\\/\\\/evaas.vetagro-sup.fr\\\/wp-content\\\/uploads\\\/2018\\\/10\\\/logo_EVAAS_ecran_sans_fond-e1539174118936.png\",\"contentUrl\":\"http:\\\/\\\/evaas.vetagro-sup.fr\\\/wp-content\\\/uploads\\\/2018\\\/10\\\/logo_EVAAS_ecran_sans_fond-e1539174118936.png\",\"width\":387,\"height\":150,\"caption\":\"P\u00f4le EVAAS\"},\"image\":{\"@id\":\"http:\\\/\\\/evaas.vetagro-sup.fr\\\/#\\\/schema\\\/logo\\\/image\\\/\"}}]}<\/script>\n<!-- \/ Yoast SEO plugin. -->","yoast_head_json":{"title":"Formation continue - EVAAS","robots":{"index":"index","follow":"follow","max-snippet":"max-snippet:-1","max-image-preview":"max-image-preview:large","max-video-preview":"max-video-preview:-1"},"canonical":"http:\/\/evaas.vetagro-sup.fr\/index.php\/formation-continue\/","og_locale":"fr_FR","og_type":"article","og_title":"Formation continue - EVAAS","og_description":"EcoHealth &#8211; Sant\u00e9 des \u00e9cosyst\u00e8mes Ce module de formation a pour but de permettre aux \u00e9tudiants et aux professionnels d\u2019appr\u00e9hender la probl\u00e9matique complexe des interactions entre gestion des paysages agricoles, dynamique des esp\u00e8ces sauvages et probl\u00e9matiques sanitaires concernant la production agricole, la faune sauvage ou la sant\u00e9 publique. Les participants m\u00e8nent un diagnostic complet de&#8230;","og_url":"http:\/\/evaas.vetagro-sup.fr\/index.php\/formation-continue\/","og_site_name":"EVAAS","article_modified_time":"2021-04-15T12:33:57+00:00","twitter_card":"summary_large_image","twitter_misc":{"Dur\u00e9e de lecture estim\u00e9e":"2 minutes"},"schema":{"@context":"https:\/\/schema.org","@graph":[{"@type":"WebPage","@id":"http:\/\/evaas.vetagro-sup.fr\/index.php\/formation-continue\/","url":"http:\/\/evaas.vetagro-sup.fr\/index.php\/formation-continue\/","name":"Formation continue - EVAAS","isPartOf":{"@id":"http:\/\/evaas.vetagro-sup.fr\/#website"},"datePublished":"2018-10-09T14:15:19+00:00","dateModified":"2021-04-15T12:33:57+00:00","breadcrumb":{"@id":"http:\/\/evaas.vetagro-sup.fr\/index.php\/formation-continue\/#breadcrumb"},"inLanguage":"fr-FR","potentialAction":[{"@type":"ReadAction","target":["http:\/\/evaas.vetagro-sup.fr\/index.php\/formation-continue\/"]}]},{"@type":"BreadcrumbList","@id":"http:\/\/evaas.vetagro-sup.fr\/index.php\/formation-continue\/#breadcrumb","itemListElement":[{"@type":"ListItem","position":1,"name":"Accueil","item":"http:\/\/evaas.vetagro-sup.fr\/"},{"@type":"ListItem","position":2,"name":"Formation continue"}]},{"@type":"WebSite","@id":"http:\/\/evaas.vetagro-sup.fr\/#website","url":"http:\/\/evaas.vetagro-sup.fr\/","name":"EVAAS","description":"Expertise scientifique collective multidisciplinaire en sant\u00e9 de la faune sauvage","publisher":{"@id":"http:\/\/evaas.vetagro-sup.fr\/#organization"},"potentialAction":[{"@type":"SearchAction","target":{"@type":"EntryPoint","urlTemplate":"http:\/\/evaas.vetagro-sup.fr\/?s={search_term_string}"},"query-input":{"@type":"PropertyValueSpecification","valueRequired":true,"valueName":"search_term_string"}}],"inLanguage":"fr-FR"},{"@type":"Organization","@id":"http:\/\/evaas.vetagro-sup.fr\/#organization","name":"P\u00f4le EVAAS","url":"http:\/\/evaas.vetagro-sup.fr\/","logo":{"@type":"ImageObject","inLanguage":"fr-FR","@id":"http:\/\/evaas.vetagro-sup.fr\/#\/schema\/logo\/image\/","url":"http:\/\/evaas.vetagro-sup.fr\/wp-content\/uploads\/2018\/10\/logo_EVAAS_ecran_sans_fond-e1539174118936.png","contentUrl":"http:\/\/evaas.vetagro-sup.fr\/wp-content\/uploads\/2018\/10\/logo_EVAAS_ecran_sans_fond-e1539174118936.png","width":387,"height":150,"caption":"P\u00f4le EVAAS"},"image":{"@id":"http:\/\/evaas.vetagro-sup.fr\/#\/schema\/logo\/image\/"}}]}},"_links":{"self":[{"href":"http:\/\/evaas.vetagro-sup.fr\/index.php\/wp-json\/wp\/v2\/pages\/242","targetHints":{"allow":["GET"]}}],"collection":[{"href":"http:\/\/evaas.vetagro-sup.fr\/index.php\/wp-json\/wp\/v2\/pages"}],"about":[{"href":"http:\/\/evaas.vetagro-sup.fr\/index.php\/wp-json\/wp\/v2\/types\/page"}],"author":[{"embeddable":true,"href":"http:\/\/evaas.vetagro-sup.fr\/index.php\/wp-json\/wp\/v2\/users\/1"}],"replies":[{"embeddable":true,"href":"http:\/\/evaas.vetagro-sup.fr\/index.php\/wp-json\/wp\/v2\/comments?post=242"}],"version-history":[{"count":43,"href":"http:\/\/evaas.vetagro-sup.fr\/index.php\/wp-json\/wp\/v2\/pages\/242\/revisions"}],"predecessor-version":[{"id":2168,"href":"http:\/\/evaas.vetagro-sup.fr\/index.php\/wp-json\/wp\/v2\/pages\/242\/revisions\/2168"}],"wp:attachment":[{"href":"http:\/\/evaas.vetagro-sup.fr\/index.php\/wp-json\/wp\/v2\/media?parent=242"}],"curies":[{"name":"wp","href":"https:\/\/api.w.org\/{rel}","templated":true}]}}