{"id":2294,"date":"2021-10-21T10:52:55","date_gmt":"2021-10-21T08:52:55","guid":{"rendered":"http:\/\/evaas.vetagro-sup.fr\/?page_id=2294"},"modified":"2025-12-31T09:42:47","modified_gmt":"2025-12-31T08:42:47","slug":"projets-en-cours","status":"publish","type":"page","link":"http:\/\/evaas.vetagro-sup.fr\/index.php\/projets-en-cours\/","title":{"rendered":"Projets en cours"},"content":{"rendered":"\t\t<div data-elementor-type=\"wp-page\" data-elementor-id=\"2294\" class=\"elementor elementor-2294\">\n\t\t\t\t\t\t<section class=\"elementor-section elementor-top-section elementor-element elementor-element-6651316 elementor-section-boxed elementor-section-height-default elementor-section-height-default reptro-section-padding-large\" data-id=\"6651316\" data-element_type=\"section\" data-e-type=\"section\">\n\t\t\t\t\t\t<div class=\"elementor-container elementor-column-gap-default\">\n\t\t\t\t\t<div class=\"elementor-column elementor-col-100 elementor-top-column elementor-element elementor-element-fe0e9d5\" data-id=\"fe0e9d5\" data-element_type=\"column\" data-e-type=\"column\">\n\t\t\t<div class=\"elementor-widget-wrap elementor-element-populated\">\n\t\t\t\t\t\t<div class=\"elementor-element elementor-element-7fd571c elementor-widget elementor-widget-reptro_section_title\" data-id=\"7fd571c\" data-element_type=\"widget\" data-e-type=\"widget\" data-widget_type=\"reptro_section_title.default\">\n\t\t\t\t<div class=\"elementor-widget-container\">\n\t\t\t\t\t<h2 class=\"reptro-section-title text-default margin-bottom-small section-title-type-border margin-top-small section-title-font-size-default section-title-color-default\"><span>Surveillance sanitaire des TAAF<\/span><\/h2>\t\t\t\t<\/div>\n\t\t\t\t<\/div>\n\t\t\t\t<div class=\"elementor-element elementor-element-a517904 elementor-widget elementor-widget-text-editor\" data-id=\"a517904\" data-element_type=\"widget\" data-e-type=\"widget\" data-widget_type=\"text-editor.default\">\n\t\t\t\t<div class=\"elementor-widget-container\">\n\t\t\t\t\t\t\t\t\t<p>Ce projet se d\u00e9roule de Juillet 2020 \u00e0 2023, en partenariat avec le <a href=\"https:\/\/www.cefe.cnrs.fr\/fr\/\" target=\"_blank\" rel=\"noopener\">Centre d\u2019Ecologie Fonctionnelle et Evolutive<\/a> et les <a href=\"https:\/\/taaf.fr\/\" target=\"_blank\" rel=\"noopener\">Terres Australes et Antarctiques Fran\u00e7aises<\/a>.<\/p><p>Il a pour but la surveillance sanitaire de la faune sauvage des TAAF.<\/p><p>Cette collaboration se d\u00e9cline sous plusieurs volets, mettant \u00e0 profit \u00e0 la fois les comp\u00e9tences du p\u00f4le en anatomo-pathologie et sa capacit\u00e9 de formation.<\/p><p>Tout d\u2019abord la formation du personnel technique des TAAF \u00e0 la r\u00e9alisation d\u2019autopsies et au pr\u00e9l\u00e8vement d\u2019\u00e9chantillons. Ensuite la description et l\u2019\u00e9valuation, par l\u2019analyse histologique, des l\u00e9sions associ\u00e9es \u00e0 l\u2019infection par <em>Pasteurella multocida<\/em> chez les oiseaux marins de l\u2019\u00eele d\u2019Amsterdam.<\/p>\t\t\t\t\t\t\t\t<\/div>\n\t\t\t\t<\/div>\n\t\t\t\t\t<\/div>\n\t\t<\/div>\n\t\t\t\t\t<\/div>\n\t\t<\/section>\n\t\t\t\t<section class=\"elementor-section elementor-top-section elementor-element elementor-element-dde129e elementor-section-boxed elementor-section-height-default elementor-section-height-default reptro-section-padding-large\" data-id=\"dde129e\" data-element_type=\"section\" data-e-type=\"section\">\n\t\t\t\t\t\t<div class=\"elementor-container elementor-column-gap-default\">\n\t\t\t\t\t<div class=\"elementor-column elementor-col-100 elementor-top-column elementor-element elementor-element-e1aeb76\" data-id=\"e1aeb76\" data-element_type=\"column\" data-e-type=\"column\">\n\t\t\t<div class=\"elementor-widget-wrap elementor-element-populated\">\n\t\t\t\t\t\t<div class=\"elementor-element elementor-element-7a99a88 elementor-widget elementor-widget-reptro_section_title\" data-id=\"7a99a88\" data-element_type=\"widget\" data-e-type=\"widget\" data-widget_type=\"reptro_section_title.default\">\n\t\t\t\t<div class=\"elementor-widget-container\">\n\t\t\t\t\t<h2 class=\"reptro-section-title text-default margin-bottom-small section-title-type-border margin-top-small section-title-font-size-default section-title-color-default\"><span>Surveillance \u00e9v\u00e9nementielle de la faune sauvage<\/span><\/h2>\t\t\t\t<\/div>\n\t\t\t\t<\/div>\n\t\t\t\t<div class=\"elementor-element elementor-element-5c42838 elementor-widget elementor-widget-text-editor\" data-id=\"5c42838\" data-element_type=\"widget\" data-e-type=\"widget\" data-widget_type=\"text-editor.default\">\n\t\t\t\t<div class=\"elementor-widget-container\">\n\t\t\t\t\t\t\t\t\t<p>Le p\u00f4le EVAAS est impliqu\u00e9 depuis sa cr\u00e9ation dans la surveillance \u00e9v\u00e8nementielle de la faune sauvage au travers du r\u00e9seau <a href=\"https:\/\/ofb.gouv.fr\/le-reseau-sagir\" target=\"_blank\" rel=\"noopener\">SAGIR<\/a>, en partenariat avec le <a href=\"https:\/\/www.vetagro-sup.fr\/laboratoires-analyse\/infectiologie\/\" target=\"_blank\" rel=\"noopener\">Laboratoire Leptospires et Analyses V\u00e9t\u00e9rinaires<\/a>\u00a0et le service d\u2019anatomo-pathologie de VetAgro Sup.<\/p><p>A ce titre, pour chaque carcasse investigu\u00e9e, les membres du p\u00f4le mettent \u00e0 profit leur expertise afin de pr\u00e9ciser le contexte \u00e9pid\u00e9miologique et d\u2019orienter les hypoth\u00e8se diagnostiques.<\/p><p>Cette mission fait intervenir de fa\u00e7on conjointe nos experts en anatomo-pathologie et \u00e9pid\u00e9miologie.\u00a0<\/p><p><span style=\"color: var( --e-global-color-text );\">Depuis 2023, le p\u00f4le EVAAS s&rsquo;est dot\u00e9\u00a0<\/span><span style=\"color: var( --e-global-color-text );\">au sein du campus v\u00e9t\u00e9rinaire de VetAgro Sup <\/span><span style=\"color: var( --e-global-color-text );\">d&rsquo;une salle d&rsquo;autopsie\u00a0<\/span><span style=\"color: var( --e-global-color-text );\">de bios\u00e9curit\u00e9 de niveau 3 (BSL3)<\/span><span style=\"color: var( --e-global-color-text );\">\u00a0<\/span><span style=\"color: var( --e-global-color-text );\">d\u00e9di\u00e9e principalement \u00e0 la faune sauvage<\/span><span style=\"color: var( --e-global-color-text );\">, dont<a href=\"https:\/\/www.youtube.com\/watch?v=dIIATRGa48E\"> la pr\u00e9sentation est disponible en vid\u00e9o<\/a>.<\/span><\/p><p>Plus d&rsquo;informations sur la page d\u00e9di\u00e9e :\u00a0<a href=\"https:\/\/evaas.vetagro-sup.fr\/index.php\/activite-diagnostique\/\">https:\/\/evaas.vetagro-sup.fr\/index.php\/activite-diagnostique\/<\/a><\/p>\t\t\t\t\t\t\t\t<\/div>\n\t\t\t\t<\/div>\n\t\t\t\t\t<\/div>\n\t\t<\/div>\n\t\t\t\t\t<\/div>\n\t\t<\/section>\n\t\t\t\t<section class=\"elementor-section elementor-top-section elementor-element elementor-element-ce1bf6b elementor-section-boxed elementor-section-height-default elementor-section-height-default reptro-section-padding-large\" data-id=\"ce1bf6b\" data-element_type=\"section\" data-e-type=\"section\">\n\t\t\t\t\t\t<div class=\"elementor-container elementor-column-gap-default\">\n\t\t\t\t\t<div class=\"elementor-column elementor-col-100 elementor-top-column elementor-element elementor-element-ac7e25e\" data-id=\"ac7e25e\" data-element_type=\"column\" data-e-type=\"column\">\n\t\t\t<div class=\"elementor-widget-wrap elementor-element-populated\">\n\t\t\t\t\t\t<div class=\"elementor-element elementor-element-6a05301 elementor-widget elementor-widget-reptro_section_title\" data-id=\"6a05301\" data-element_type=\"widget\" data-e-type=\"widget\" data-widget_type=\"reptro_section_title.default\">\n\t\t\t\t<div class=\"elementor-widget-container\">\n\t\t\t\t\t<h2 class=\"reptro-section-title text-default margin-bottom-small section-title-type-border margin-top-small section-title-font-size-default section-title-color-default\"><span>Priorit\u00e9 Sant\u00e9 Faune - Hi\u00e9rarchisation des enjeux sanitaires de la faune sauvage dans les espaces prot\u00e9g\u00e9s<\/span><\/h2>\t\t\t\t<\/div>\n\t\t\t\t<\/div>\n\t\t\t\t<div class=\"elementor-element elementor-element-e8cc9a5 elementor-widget elementor-widget-text-editor\" data-id=\"e8cc9a5\" data-element_type=\"widget\" data-e-type=\"widget\" data-widget_type=\"text-editor.default\">\n\t\t\t\t<div class=\"elementor-widget-container\">\n\t\t\t\t\t\t\t\t\t<p>Ce projet se d\u00e9roule depuis Juillet 2021, en partenariat avec le <a href=\"https:\/\/www.ecrins-parcnational.fr\/\" target=\"_blank\" rel=\"noopener\">Parc National des Ecrins<\/a>.<\/p><p>Il a pour but la cr\u00e9ation d\u2019une m\u00e9thode, bas\u00e9e sur un outil informatique, permettant de hi\u00e9rarchiser les priorit\u00e9s de surveillance sanitaire de la faune sauvage dans les espaces prot\u00e9g\u00e9s \u00e0 destination de leurs gestionnaires.<\/p><p>Il se base sur les comp\u00e9tences du p\u00f4le en m\u00e9decine zoologique et \u00e9pid\u00e9miologie.<\/p><p>Il implique notamment la cr\u00e9ation de bases de donn\u00e9es regroupant \u00e0 la fois les esp\u00e8ces animales pr\u00e9sentes dans les parcs et les agents pathog\u00e8nes pouvant affecter ces esp\u00e8ces ainsi que la cr\u00e9ation des crit\u00e8res de hi\u00e9rarchisation pour chaque esp\u00e8ce\/agent pathog\u00e8ne et de coefficients de pond\u00e9ration propres \u00e0 chaque espace et aux diff\u00e9rents objectifs de surveillance (sant\u00e9 publique, sant\u00e9 animale ou conservation).<\/p><p>Acc\u00e8s au site internet de l&rsquo;outil : <a href=\"https:\/\/priorite-sante-faune.esa.inrae.fr\/\">https:\/\/priorite-sante-faune.esa.inrae.fr\/<\/a><\/p><p><img fetchpriority=\"high\" decoding=\"async\" class=\"aligncenter size-medium wp-image-2712\" src=\"http:\/\/evaas.vetagro-sup.fr\/wp-content\/uploads\/2024\/01\/PSF-logo-300x172.png\" alt=\"\" width=\"300\" height=\"172\" srcset=\"http:\/\/evaas.vetagro-sup.fr\/wp-content\/uploads\/2024\/01\/PSF-logo-300x172.png 300w, http:\/\/evaas.vetagro-sup.fr\/wp-content\/uploads\/2024\/01\/PSF-logo.png 400w\" sizes=\"(max-width: 300px) 100vw, 300px\" \/><\/p>\t\t\t\t\t\t\t\t<\/div>\n\t\t\t\t<\/div>\n\t\t\t\t\t<\/div>\n\t\t<\/div>\n\t\t\t\t\t<\/div>\n\t\t<\/section>\n\t\t\t\t<section class=\"elementor-section elementor-top-section elementor-element elementor-element-a790d62 elementor-section-boxed elementor-section-height-default elementor-section-height-default reptro-section-padding-large\" data-id=\"a790d62\" data-element_type=\"section\" data-e-type=\"section\">\n\t\t\t\t\t\t<div class=\"elementor-container elementor-column-gap-default\">\n\t\t\t\t\t<div class=\"elementor-column elementor-col-100 elementor-top-column elementor-element elementor-element-81ca952\" data-id=\"81ca952\" data-element_type=\"column\" data-e-type=\"column\">\n\t\t\t<div class=\"elementor-widget-wrap elementor-element-populated\">\n\t\t\t\t\t\t<div class=\"elementor-element elementor-element-abf6371 elementor-widget elementor-widget-reptro_section_title\" data-id=\"abf6371\" data-element_type=\"widget\" data-e-type=\"widget\" data-widget_type=\"reptro_section_title.default\">\n\t\t\t\t<div class=\"elementor-widget-container\">\n\t\t\t\t\t<h2 class=\"reptro-section-title text-default margin-bottom-small section-title-type-border margin-top-small section-title-font-size-default section-title-color-default\"><span>Surveillance \u00e9v\u00e8nementielle par le biais de l\u2019histologie dans les espaces prot\u00e9g\u00e9s<\/span><\/h2>\t\t\t\t<\/div>\n\t\t\t\t<\/div>\n\t\t\t\t<div class=\"elementor-element elementor-element-0078045 elementor-widget elementor-widget-text-editor\" data-id=\"0078045\" data-element_type=\"widget\" data-e-type=\"widget\" data-widget_type=\"text-editor.default\">\n\t\t\t\t<div class=\"elementor-widget-container\">\n\t\t\t\t\t\t\t\t\t<p>Ce projet se d\u00e9roule de Juillet 2021 \u00e0 2023, en partenariat avec le Parc National des Ecrins.<\/p><p>Il a pour but la formation des agents des espaces prot\u00e9g\u00e9s aux autopsies et aux pr\u00e9l\u00e8vements histologiques de terrain.<\/p><p>Il met \u00e0 profit les comp\u00e9tences du p\u00f4le en anatomo-pathologie et sa capacit\u00e9 de formation.<\/p>\t\t\t\t\t\t\t\t<\/div>\n\t\t\t\t<\/div>\n\t\t\t\t\t<\/div>\n\t\t<\/div>\n\t\t\t\t\t<\/div>\n\t\t<\/section>\n\t\t\t\t<section class=\"elementor-section elementor-top-section elementor-element elementor-element-eeb2a95 elementor-section-boxed elementor-section-height-default elementor-section-height-default reptro-section-padding-large\" data-id=\"eeb2a95\" data-element_type=\"section\" data-e-type=\"section\">\n\t\t\t\t\t\t<div class=\"elementor-container elementor-column-gap-default\">\n\t\t\t\t\t<div class=\"elementor-column elementor-col-100 elementor-top-column elementor-element elementor-element-9098227\" data-id=\"9098227\" data-element_type=\"column\" data-e-type=\"column\">\n\t\t\t<div class=\"elementor-widget-wrap elementor-element-populated\">\n\t\t\t\t\t\t<div class=\"elementor-element elementor-element-7fc4820 elementor-widget elementor-widget-reptro_section_title\" data-id=\"7fc4820\" data-element_type=\"widget\" data-e-type=\"widget\" data-widget_type=\"reptro_section_title.default\">\n\t\t\t\t<div class=\"elementor-widget-container\">\n\t\t\t\t\t<h2 class=\"reptro-section-title text-default margin-bottom-small section-title-type-border margin-top-small section-title-font-size-default section-title-color-default\"><span>Strat\u00e9gie sanitaire du PNA Lynx 2022-2026<\/span><\/h2>\t\t\t\t<\/div>\n\t\t\t\t<\/div>\n\t\t\t\t<div class=\"elementor-element elementor-element-5269817 elementor-widget elementor-widget-text-editor\" data-id=\"5269817\" data-element_type=\"widget\" data-e-type=\"widget\" data-widget_type=\"text-editor.default\">\n\t\t\t\t<div class=\"elementor-widget-container\">\n\t\t\t\t\t\t\t\t\t<p>Ce projet se d\u00e9roule de 2021 \u00e0 2026, en partenariat avec l\u2019<a href=\"https:\/\/ofb.gouv.fr\/\" target=\"_blank\" rel=\"noopener\">Office Fran\u00e7ais de la Biodiversit\u00e9<\/a>.<\/p><p>Il a pour but l\u2019actualisation de la strat\u00e9gie de gestion sanitaire du Lynx bor\u00e9al dans le cadre du Plan National d\u2019Action en faveur du Lynx bor\u00e9al 2022-2026.<\/p><p>Il fait intervenir plusieurs champs de comp\u00e9tences du p\u00f4le et mobilise deux charg\u00e9s de mission.<\/p><p>Les missions confi\u00e9es aux p\u00f4les sont les suivantes\u00a0:<\/p><ul><li>Conception et r\u00e9daction d\u2019un protocole de surveillance \u00e9pid\u00e9miologique pour les lynx vivants<\/li><li>R\u00e9flexion scientifique et \u00e9thique sur la gestion sanitaire du lynx\u00a0<\/li><li>R\u00e9flexion scientifique et \u00e9thique sur la gestion des individus en d\u00e9tresse<\/li><\/ul>\t\t\t\t\t\t\t\t<\/div>\n\t\t\t\t<\/div>\n\t\t\t\t\t<\/div>\n\t\t<\/div>\n\t\t\t\t\t<\/div>\n\t\t<\/section>\n\t\t\t\t<\/div>\n\t\t","protected":false},"excerpt":{"rendered":"<p>Surveillance sanitaire des TAAF Ce projet se d\u00e9roule de Juillet 2020 \u00e0 2023, en partenariat avec le Centre d\u2019Ecologie Fonctionnelle et Evolutive et les Terres Australes et Antarctiques Fran\u00e7aises. Il a pour but la surveillance sanitaire de la faune sauvage des TAAF. Cette collaboration se d\u00e9cline sous plusieurs volets, mettant \u00e0 profit \u00e0 la fois&#8230;<\/p>\n","protected":false},"author":1,"featured_media":0,"parent":0,"menu_order":0,"comment_status":"closed","ping_status":"closed","template":"","meta":{"_monsterinsights_skip_tracking":false,"_monsterinsights_sitenote_active":false,"_monsterinsights_sitenote_note":"","_monsterinsights_sitenote_category":0,"_uf_show_specific_survey":0,"_uf_disable_surveys":false,"footnotes":""},"class_list":["post-2294","page","type-page","status-publish","hentry"],"yoast_head":"<!-- This site is optimized with the Yoast SEO plugin v27.4 - https:\/\/yoast.com\/product\/yoast-seo-wordpress\/ -->\n<title>Projets en cours - EVAAS<\/title>\n<meta name=\"robots\" content=\"index, follow, max-snippet:-1, max-image-preview:large, max-video-preview:-1\" \/>\n<link rel=\"canonical\" href=\"http:\/\/evaas.vetagro-sup.fr\/index.php\/projets-en-cours\/\" \/>\n<meta property=\"og:locale\" content=\"fr_FR\" \/>\n<meta property=\"og:type\" content=\"article\" \/>\n<meta property=\"og:title\" content=\"Projets en cours - EVAAS\" \/>\n<meta property=\"og:description\" content=\"Surveillance sanitaire des TAAF Ce projet se d\u00e9roule de Juillet 2020 \u00e0 2023, en partenariat avec le Centre d\u2019Ecologie Fonctionnelle et Evolutive et les Terres Australes et Antarctiques Fran\u00e7aises. Il a pour but la surveillance sanitaire de la faune sauvage des TAAF. Cette collaboration se d\u00e9cline sous plusieurs volets, mettant \u00e0 profit \u00e0 la fois&#8230;\" \/>\n<meta property=\"og:url\" content=\"http:\/\/evaas.vetagro-sup.fr\/index.php\/projets-en-cours\/\" \/>\n<meta property=\"og:site_name\" content=\"EVAAS\" \/>\n<meta property=\"article:modified_time\" content=\"2025-12-31T08:42:47+00:00\" \/>\n<meta property=\"og:image\" content=\"http:\/\/evaas.vetagro-sup.fr\/wp-content\/uploads\/2024\/01\/PSF-logo-300x172.png\" \/>\n<meta name=\"twitter:card\" content=\"summary_large_image\" \/>\n<meta name=\"twitter:label1\" content=\"Dur\u00e9e de lecture estim\u00e9e\" \/>\n\t<meta name=\"twitter:data1\" content=\"4 minutes\" \/>\n<script type=\"application\/ld+json\" class=\"yoast-schema-graph\">{\"@context\":\"https:\\\/\\\/schema.org\",\"@graph\":[{\"@type\":\"WebPage\",\"@id\":\"http:\\\/\\\/evaas.vetagro-sup.fr\\\/index.php\\\/projets-en-cours\\\/\",\"url\":\"http:\\\/\\\/evaas.vetagro-sup.fr\\\/index.php\\\/projets-en-cours\\\/\",\"name\":\"Projets en cours - EVAAS\",\"isPartOf\":{\"@id\":\"http:\\\/\\\/evaas.vetagro-sup.fr\\\/#website\"},\"primaryImageOfPage\":{\"@id\":\"http:\\\/\\\/evaas.vetagro-sup.fr\\\/index.php\\\/projets-en-cours\\\/#primaryimage\"},\"image\":{\"@id\":\"http:\\\/\\\/evaas.vetagro-sup.fr\\\/index.php\\\/projets-en-cours\\\/#primaryimage\"},\"thumbnailUrl\":\"http:\\\/\\\/evaas.vetagro-sup.fr\\\/wp-content\\\/uploads\\\/2024\\\/01\\\/PSF-logo-300x172.png\",\"datePublished\":\"2021-10-21T08:52:55+00:00\",\"dateModified\":\"2025-12-31T08:42:47+00:00\",\"breadcrumb\":{\"@id\":\"http:\\\/\\\/evaas.vetagro-sup.fr\\\/index.php\\\/projets-en-cours\\\/#breadcrumb\"},\"inLanguage\":\"fr-FR\",\"potentialAction\":[{\"@type\":\"ReadAction\",\"target\":[\"http:\\\/\\\/evaas.vetagro-sup.fr\\\/index.php\\\/projets-en-cours\\\/\"]}]},{\"@type\":\"ImageObject\",\"inLanguage\":\"fr-FR\",\"@id\":\"http:\\\/\\\/evaas.vetagro-sup.fr\\\/index.php\\\/projets-en-cours\\\/#primaryimage\",\"url\":\"http:\\\/\\\/evaas.vetagro-sup.fr\\\/wp-content\\\/uploads\\\/2024\\\/01\\\/PSF-logo.png\",\"contentUrl\":\"http:\\\/\\\/evaas.vetagro-sup.fr\\\/wp-content\\\/uploads\\\/2024\\\/01\\\/PSF-logo.png\",\"width\":400,\"height\":229},{\"@type\":\"BreadcrumbList\",\"@id\":\"http:\\\/\\\/evaas.vetagro-sup.fr\\\/index.php\\\/projets-en-cours\\\/#breadcrumb\",\"itemListElement\":[{\"@type\":\"ListItem\",\"position\":1,\"name\":\"Accueil\",\"item\":\"http:\\\/\\\/evaas.vetagro-sup.fr\\\/\"},{\"@type\":\"ListItem\",\"position\":2,\"name\":\"Projets en cours\"}]},{\"@type\":\"WebSite\",\"@id\":\"http:\\\/\\\/evaas.vetagro-sup.fr\\\/#website\",\"url\":\"http:\\\/\\\/evaas.vetagro-sup.fr\\\/\",\"name\":\"EVAAS\",\"description\":\"Expertise scientifique collective multidisciplinaire en sant\u00e9 de la faune sauvage\",\"publisher\":{\"@id\":\"http:\\\/\\\/evaas.vetagro-sup.fr\\\/#organization\"},\"potentialAction\":[{\"@type\":\"SearchAction\",\"target\":{\"@type\":\"EntryPoint\",\"urlTemplate\":\"http:\\\/\\\/evaas.vetagro-sup.fr\\\/?s={search_term_string}\"},\"query-input\":{\"@type\":\"PropertyValueSpecification\",\"valueRequired\":true,\"valueName\":\"search_term_string\"}}],\"inLanguage\":\"fr-FR\"},{\"@type\":\"Organization\",\"@id\":\"http:\\\/\\\/evaas.vetagro-sup.fr\\\/#organization\",\"name\":\"P\u00f4le EVAAS\",\"url\":\"http:\\\/\\\/evaas.vetagro-sup.fr\\\/\",\"logo\":{\"@type\":\"ImageObject\",\"inLanguage\":\"fr-FR\",\"@id\":\"http:\\\/\\\/evaas.vetagro-sup.fr\\\/#\\\/schema\\\/logo\\\/image\\\/\",\"url\":\"http:\\\/\\\/evaas.vetagro-sup.fr\\\/wp-content\\\/uploads\\\/2018\\\/10\\\/logo_EVAAS_ecran_sans_fond-e1539174118936.png\",\"contentUrl\":\"http:\\\/\\\/evaas.vetagro-sup.fr\\\/wp-content\\\/uploads\\\/2018\\\/10\\\/logo_EVAAS_ecran_sans_fond-e1539174118936.png\",\"width\":387,\"height\":150,\"caption\":\"P\u00f4le EVAAS\"},\"image\":{\"@id\":\"http:\\\/\\\/evaas.vetagro-sup.fr\\\/#\\\/schema\\\/logo\\\/image\\\/\"}}]}<\/script>\n<!-- \/ Yoast SEO plugin. -->","yoast_head_json":{"title":"Projets en cours - EVAAS","robots":{"index":"index","follow":"follow","max-snippet":"max-snippet:-1","max-image-preview":"max-image-preview:large","max-video-preview":"max-video-preview:-1"},"canonical":"http:\/\/evaas.vetagro-sup.fr\/index.php\/projets-en-cours\/","og_locale":"fr_FR","og_type":"article","og_title":"Projets en cours - EVAAS","og_description":"Surveillance sanitaire des TAAF Ce projet se d\u00e9roule de Juillet 2020 \u00e0 2023, en partenariat avec le Centre d\u2019Ecologie Fonctionnelle et Evolutive et les Terres Australes et Antarctiques Fran\u00e7aises. Il a pour but la surveillance sanitaire de la faune sauvage des TAAF. Cette collaboration se d\u00e9cline sous plusieurs volets, mettant \u00e0 profit \u00e0 la fois&#8230;","og_url":"http:\/\/evaas.vetagro-sup.fr\/index.php\/projets-en-cours\/","og_site_name":"EVAAS","article_modified_time":"2025-12-31T08:42:47+00:00","og_image":[{"url":"http:\/\/evaas.vetagro-sup.fr\/wp-content\/uploads\/2024\/01\/PSF-logo-300x172.png","type":"","width":"","height":""}],"twitter_card":"summary_large_image","twitter_misc":{"Dur\u00e9e de lecture estim\u00e9e":"4 minutes"},"schema":{"@context":"https:\/\/schema.org","@graph":[{"@type":"WebPage","@id":"http:\/\/evaas.vetagro-sup.fr\/index.php\/projets-en-cours\/","url":"http:\/\/evaas.vetagro-sup.fr\/index.php\/projets-en-cours\/","name":"Projets en cours - EVAAS","isPartOf":{"@id":"http:\/\/evaas.vetagro-sup.fr\/#website"},"primaryImageOfPage":{"@id":"http:\/\/evaas.vetagro-sup.fr\/index.php\/projets-en-cours\/#primaryimage"},"image":{"@id":"http:\/\/evaas.vetagro-sup.fr\/index.php\/projets-en-cours\/#primaryimage"},"thumbnailUrl":"http:\/\/evaas.vetagro-sup.fr\/wp-content\/uploads\/2024\/01\/PSF-logo-300x172.png","datePublished":"2021-10-21T08:52:55+00:00","dateModified":"2025-12-31T08:42:47+00:00","breadcrumb":{"@id":"http:\/\/evaas.vetagro-sup.fr\/index.php\/projets-en-cours\/#breadcrumb"},"inLanguage":"fr-FR","potentialAction":[{"@type":"ReadAction","target":["http:\/\/evaas.vetagro-sup.fr\/index.php\/projets-en-cours\/"]}]},{"@type":"ImageObject","inLanguage":"fr-FR","@id":"http:\/\/evaas.vetagro-sup.fr\/index.php\/projets-en-cours\/#primaryimage","url":"http:\/\/evaas.vetagro-sup.fr\/wp-content\/uploads\/2024\/01\/PSF-logo.png","contentUrl":"http:\/\/evaas.vetagro-sup.fr\/wp-content\/uploads\/2024\/01\/PSF-logo.png","width":400,"height":229},{"@type":"BreadcrumbList","@id":"http:\/\/evaas.vetagro-sup.fr\/index.php\/projets-en-cours\/#breadcrumb","itemListElement":[{"@type":"ListItem","position":1,"name":"Accueil","item":"http:\/\/evaas.vetagro-sup.fr\/"},{"@type":"ListItem","position":2,"name":"Projets en cours"}]},{"@type":"WebSite","@id":"http:\/\/evaas.vetagro-sup.fr\/#website","url":"http:\/\/evaas.vetagro-sup.fr\/","name":"EVAAS","description":"Expertise scientifique collective multidisciplinaire en sant\u00e9 de la faune sauvage","publisher":{"@id":"http:\/\/evaas.vetagro-sup.fr\/#organization"},"potentialAction":[{"@type":"SearchAction","target":{"@type":"EntryPoint","urlTemplate":"http:\/\/evaas.vetagro-sup.fr\/?s={search_term_string}"},"query-input":{"@type":"PropertyValueSpecification","valueRequired":true,"valueName":"search_term_string"}}],"inLanguage":"fr-FR"},{"@type":"Organization","@id":"http:\/\/evaas.vetagro-sup.fr\/#organization","name":"P\u00f4le EVAAS","url":"http:\/\/evaas.vetagro-sup.fr\/","logo":{"@type":"ImageObject","inLanguage":"fr-FR","@id":"http:\/\/evaas.vetagro-sup.fr\/#\/schema\/logo\/image\/","url":"http:\/\/evaas.vetagro-sup.fr\/wp-content\/uploads\/2018\/10\/logo_EVAAS_ecran_sans_fond-e1539174118936.png","contentUrl":"http:\/\/evaas.vetagro-sup.fr\/wp-content\/uploads\/2018\/10\/logo_EVAAS_ecran_sans_fond-e1539174118936.png","width":387,"height":150,"caption":"P\u00f4le EVAAS"},"image":{"@id":"http:\/\/evaas.vetagro-sup.fr\/#\/schema\/logo\/image\/"}}]}},"_links":{"self":[{"href":"http:\/\/evaas.vetagro-sup.fr\/index.php\/wp-json\/wp\/v2\/pages\/2294","targetHints":{"allow":["GET"]}}],"collection":[{"href":"http:\/\/evaas.vetagro-sup.fr\/index.php\/wp-json\/wp\/v2\/pages"}],"about":[{"href":"http:\/\/evaas.vetagro-sup.fr\/index.php\/wp-json\/wp\/v2\/types\/page"}],"author":[{"embeddable":true,"href":"http:\/\/evaas.vetagro-sup.fr\/index.php\/wp-json\/wp\/v2\/users\/1"}],"replies":[{"embeddable":true,"href":"http:\/\/evaas.vetagro-sup.fr\/index.php\/wp-json\/wp\/v2\/comments?post=2294"}],"version-history":[{"count":43,"href":"http:\/\/evaas.vetagro-sup.fr\/index.php\/wp-json\/wp\/v2\/pages\/2294\/revisions"}],"predecessor-version":[{"id":3381,"href":"http:\/\/evaas.vetagro-sup.fr\/index.php\/wp-json\/wp\/v2\/pages\/2294\/revisions\/3381"}],"wp:attachment":[{"href":"http:\/\/evaas.vetagro-sup.fr\/index.php\/wp-json\/wp\/v2\/media?parent=2294"}],"curies":[{"name":"wp","href":"https:\/\/api.w.org\/{rel}","templated":true}]}}