{"id":2186,"date":"2021-04-19T16:17:25","date_gmt":"2021-04-19T14:17:25","guid":{"rendered":"http:\/\/evaas.vetagro-sup.fr\/?page_id=2186"},"modified":"2025-07-30T13:06:51","modified_gmt":"2025-07-30T11:06:51","slug":"communication-journees-du-pole-evaas","status":"publish","type":"page","link":"http:\/\/evaas.vetagro-sup.fr\/index.php\/communication-journees-du-pole-evaas\/","title":{"rendered":"Journ\u00e9es du P\u00f4le EVAAS"},"content":{"rendered":"\t\t<div data-elementor-type=\"wp-page\" data-elementor-id=\"2186\" class=\"elementor elementor-2186\">\n\t\t\t\t\t\t<section class=\"elementor-section elementor-top-section elementor-element elementor-element-8bbb534 elementor-section-boxed elementor-section-height-default elementor-section-height-default reptro-section-padding-large\" data-id=\"8bbb534\" data-element_type=\"section\" data-e-type=\"section\">\n\t\t\t\t\t\t<div class=\"elementor-container elementor-column-gap-default\">\n\t\t\t\t\t<div class=\"elementor-column elementor-col-100 elementor-top-column elementor-element elementor-element-260d32a\" data-id=\"260d32a\" data-element_type=\"column\" data-e-type=\"column\">\n\t\t\t<div class=\"elementor-widget-wrap elementor-element-populated\">\n\t\t\t\t\t\t<div class=\"elementor-element elementor-element-4367d4b elementor-widget elementor-widget-reptro_section_title\" data-id=\"4367d4b\" data-element_type=\"widget\" data-e-type=\"widget\" data-widget_type=\"reptro_section_title.default\">\n\t\t\t\t<div class=\"elementor-widget-container\">\n\t\t\t\t\t<h2 class=\"reptro-section-title text-default margin-bottom-small section-title-type-border margin-top-small section-title-font-size-default section-title-color-default\"><span>Journ\u00e9e du p\u00f4le 2024\n<\/span><\/h2>\t\t\t\t<\/div>\n\t\t\t\t<\/div>\n\t\t\t\t<div class=\"elementor-element elementor-element-89eef9d elementor-widget elementor-widget-text-editor\" data-id=\"89eef9d\" data-element_type=\"widget\" data-e-type=\"widget\" data-widget_type=\"text-editor.default\">\n\t\t\t\t<div class=\"elementor-widget-container\">\n\t\t\t\t\t\t\t\t\t<ul><li><a href=\"http:\/\/evaas.vetagro-sup.fr\/wp-content\/uploads\/2024\/06\/Presentation-generale-du-pole-EVAAS-et-de-son-fonctionnement-1.mp4\">Pr\u00e9sentation g\u00e9n\u00e9rale du p\u00f4le EVAAS et de son fonctionnement<\/a> &#8211; Emmanuelle Gilot<\/li><li><a href=\"http:\/\/evaas.vetagro-sup.fr\/wp-content\/uploads\/2024\/06\/Remise-en-place-dune-formation-dans-les-Parcs-Nationaux-et-espaces-naturels-proteges-principes-resultats-et-perspectives-2.mp4\">Remise en place d&rsquo;une formation dans les Parcs nationaux et espaces naturels prot\u00e9g\u00e9s : principes r\u00e9sultats et perspectives<\/a> &#8211; Karin Lemberger<\/li><li><a href=\"http:\/\/evaas.vetagro-sup.fr\/wp-content\/uploads\/2024\/06\/Formation-et-sante-de-la-faune-sauvage-mise-en-situation-dun-jeu-dacteur-pour-les-eleves-ISPV.mp4\">Formation et sant\u00e9 de la faune sauvage : mise en situation d&rsquo;un jeu d&rsquo;acteur pour les \u00e9l\u00e8ves ISPV<\/a> &#8211; Sylvain Larrat et Julien Portier<\/li><li><span style=\"color: var( --e-global-color-text );\"><a href=\"http:\/\/evaas.vetagro-sup.fr\/wp-content\/uploads\/2024\/06\/Entre-probleme-de-sante-publique-et-probleme-publique-de-sante-les-cas-groupes-de-leptospirose-compresse.mp4\">Entre probl\u00e8me de sant\u00e9 publique et probl\u00e8me publique de sant\u00e9 : les cas group\u00e9s de leptospirose<\/a> &#8211; S\u00e9bastien Gardon et Soledad Giovannini<\/span><\/li><li><a href=\"http:\/\/evaas.vetagro-sup.fr\/wp-content\/uploads\/2024\/06\/GT-strategie-sanitaire-Lynx-eurasien-reflexions-autour-des-traitements-antiparasitaires-en-centre-de-soins-compresse.mp4\">GT strat\u00e9gie sanitaire Lynx eurasien : r\u00e9flexions autour des traitements antiparasitaires en centre de soins<\/a> &#8211; Pauline Bouillot<\/li><li><a href=\"http:\/\/evaas.vetagro-sup.fr\/wp-content\/uploads\/2024\/06\/Salle-dautopsie-BSL3-une-expertise-et-un-outil-pedagogique-au-service-de-la-sante-de-la-faune-sauvage-compresse.mp4\">Salle d&rsquo;autopsie BSL3 : une expertise et un outil p\u00e9dagogique au service de la sant\u00e9 de la faune sauvage<\/a> &#8211; Nathan Thenon<\/li><li><a href=\"http:\/\/evaas.vetagro-sup.fr\/wp-content\/uploads\/2024\/06\/Comprendre-les-freins-a-la-declaration-des-cas-suspects-de-peste-porcine-africaine-chez-les-eleveurs-et-chasseurs-de-la-region-AuRA-compresse.mp4\">Comprendre les freins \u00e0 la d\u00e9claration des cas suspects de peste porcine africaine chez les \u00e9leveurs et chasseurs de la r\u00e9gion AuRA<\/a> &#8211; Thibaud Porphyre<\/li><li><a href=\"http:\/\/evaas.vetagro-sup.fr\/wp-content\/uploads\/2024\/06\/Recherche-et-expertise-au-service-de-la-gestion-dun-ravageur-\u2013-le-cas-du-campagnol-terrestre-compresse.mp4\">Recherche et expertise au service de la gestion d\u2019un ravageur : le cas du campagnol terrestre<\/a> &#8211; Adrien Pinot et Fran\u00e7oise Leriche<\/li><\/ul>\t\t\t\t\t\t\t\t<\/div>\n\t\t\t\t<\/div>\n\t\t\t\t\t<\/div>\n\t\t<\/div>\n\t\t\t\t\t<\/div>\n\t\t<\/section>\n\t\t\t\t<section class=\"elementor-section elementor-top-section elementor-element elementor-element-4eabcbc elementor-section-boxed elementor-section-height-default elementor-section-height-default reptro-section-padding-large\" data-id=\"4eabcbc\" data-element_type=\"section\" data-e-type=\"section\">\n\t\t\t\t\t\t<div class=\"elementor-container elementor-column-gap-default\">\n\t\t\t\t\t<div class=\"elementor-column elementor-col-100 elementor-top-column elementor-element elementor-element-46981d9\" data-id=\"46981d9\" data-element_type=\"column\" data-e-type=\"column\">\n\t\t\t<div class=\"elementor-widget-wrap elementor-element-populated\">\n\t\t\t\t\t\t<div class=\"elementor-element elementor-element-4eababc elementor-widget elementor-widget-reptro_section_title\" data-id=\"4eababc\" data-element_type=\"widget\" data-e-type=\"widget\" data-widget_type=\"reptro_section_title.default\">\n\t\t\t\t<div class=\"elementor-widget-container\">\n\t\t\t\t\t<h2 class=\"reptro-section-title text-default margin-bottom-small section-title-type-border margin-top-small section-title-font-size-default section-title-color-default\"><span>Journ\u00e9e du p\u00f4le 2022\n<\/span><\/h2>\t\t\t\t<\/div>\n\t\t\t\t<\/div>\n\t\t\t\t<div class=\"elementor-element elementor-element-c908bad elementor-widget elementor-widget-text-editor\" data-id=\"c908bad\" data-element_type=\"widget\" data-e-type=\"widget\" data-widget_type=\"text-editor.default\">\n\t\t\t\t<div class=\"elementor-widget-container\">\n\t\t\t\t\t\t\t\t\t<ul><li><a href=\"http:\/\/evaas.vetagro-sup.fr\/wp-content\/uploads\/2022\/09\/Le-pole-fonctionnement-et-axes-scientifiques-du-projet-E.-Gilot.mp4\">Le p\u00f4le, fonctionnement et axes scientifiques du projet<\/a>\u00a0&#8211; Emmanuelle Gilot<\/li><li><a href=\"http:\/\/evaas.vetagro-sup.fr\/wp-content\/uploads\/2022\/09\/La-sante-du-herisson-un-projet-multidisciplinaire-J.-Hirschinger.mp4\">La sant\u00e9 du h\u00e9risson : un projet multidisciplinaire<\/a> &#8211; Julien Hirschinger<\/li><li><a href=\"http:\/\/evaas.vetagro-sup.fr\/wp-content\/uploads\/2022\/09\/La-priorisation-des-enjeux-sanitaires-pour-la-surveillance-de-la-faune-sauvage-S.-Larrat.mp4\">La priorisation des enjeux sanitaires pour la surveillance de la faune sauvage<\/a> &#8211; Sylvain Larrat<\/li><li><span style=\"color: var( --e-global-color-text );\"><a href=\"http:\/\/evaas.vetagro-sup.fr\/wp-content\/uploads\/2022\/09\/Etude-du-risque-leptospirosique-au-niveau-dinterfaces-faune-sauvage-domestique-en-ecosysteme-prairial-F.-Ayral-et-E.-Harran.mp4\">\u00c9tude du risque leptospirosique au niveau d\u2019interfaces faune sauvage &#8211; domestique en \u00e9cosyst\u00e8me prairial<\/a> &#8211; Florence Ayral et Elena Harran<\/span><\/li><li><a href=\"http:\/\/evaas.vetagro-sup.fr\/wp-content\/uploads\/2022\/09\/La-modelisation-un-outil-danalyse-de-linterface-domestique-sauvage-T.-Porphyre-et-D.-Bicout.mp4\">La mod\u00e9lisation, un outil d\u2019analyse de l\u2019interface domestique-sauvage<\/a> &#8211; Thibaud Porphyre et Dominique Bicout<\/li><li><a href=\"http:\/\/evaas.vetagro-sup.fr\/wp-content\/uploads\/2022\/09\/Approche-sociologique-des-enjeux-de-sante-S.-Gardon.mp4\">Approche sociologique des enjeux de sant\u00e9<\/a>\u00a0&#8211; S\u00e9bastien Gardon<\/li><li><a href=\"http:\/\/evaas.vetagro-sup.fr\/wp-content\/uploads\/2022\/09\/Lethique-un-enjeu-fondamental-S.-Larrat-et-D.-Autier-Derian.mp4\">L\u2019\u00e9thique, un enjeu fondamental<\/a> &#8211; Sylvain Larrat et Dominique Autier-Derian\u00a0\u00a0<\/li><li><a href=\"http:\/\/evaas.vetagro-sup.fr\/wp-content\/uploads\/2022\/09\/Le-pole-acteur-de-la-montee-en-puissance-des-formations-en-sante-de-la-faune-sauvage-K.-Lemberger-S.-Gardon-T.-Porphyre-et-F.-Ayral.mp4\">Le p\u00f4le acteur de la mont\u00e9e en puissance des formations en sant\u00e9 de la faune sauvage<\/a> &#8211; Karin Lemberger, S\u00e9bastien Gardon, Thibaud Porphyre et Florence Ayral<\/li><\/ul>\t\t\t\t\t\t\t\t<\/div>\n\t\t\t\t<\/div>\n\t\t\t\t\t<\/div>\n\t\t<\/div>\n\t\t\t\t\t<\/div>\n\t\t<\/section>\n\t\t\t\t<section class=\"elementor-section elementor-top-section elementor-element elementor-element-b98dcb6 elementor-section-boxed elementor-section-height-default elementor-section-height-default reptro-section-padding-large\" data-id=\"b98dcb6\" data-element_type=\"section\" data-e-type=\"section\">\n\t\t\t\t\t\t<div class=\"elementor-container elementor-column-gap-default\">\n\t\t\t\t\t<div class=\"elementor-column elementor-col-100 elementor-top-column elementor-element elementor-element-a7f3e9f\" data-id=\"a7f3e9f\" data-element_type=\"column\" data-e-type=\"column\">\n\t\t\t<div class=\"elementor-widget-wrap elementor-element-populated\">\n\t\t\t\t\t\t<div class=\"elementor-element elementor-element-4833a0a elementor-widget elementor-widget-reptro_section_title\" data-id=\"4833a0a\" data-element_type=\"widget\" data-e-type=\"widget\" data-widget_type=\"reptro_section_title.default\">\n\t\t\t\t<div class=\"elementor-widget-container\">\n\t\t\t\t\t<h2 class=\"reptro-section-title text-default margin-bottom-small section-title-type-border margin-top-small section-title-font-size-default section-title-color-default\"><span>Journ\u00e9e du p\u00f4le 2021<\/span><\/h2>\t\t\t\t<\/div>\n\t\t\t\t<\/div>\n\t\t\t\t<div class=\"elementor-element elementor-element-f1625a3 elementor-widget elementor-widget-text-editor\" data-id=\"f1625a3\" data-element_type=\"widget\" data-e-type=\"widget\" data-widget_type=\"text-editor.default\">\n\t\t\t\t<div class=\"elementor-widget-container\">\n\t\t\t\t\t\t\t\t\t<ul><li><a href=\"\/wp-content\/uploads\/2021\/03\/Pourquoi-le-pole-EVAAS-fonctionnement-de-lexpertise-multidisciplinaire-Emmanuelle-Gilot.mp4\" target=\"_blank\" rel=\"noopener\">Pourquoi le pole EVAAS ? Fonctionnement de l\u2019expertise multidisciplinaire<\/a> &#8211; Emmanuelle Gilot<\/li><li><a href=\"\/wp-content\/uploads\/2021\/03\/Comment-gouverner-et-maitriser-les-enjeux-sanitaires-dans-les-espaces-proteges-\u2013-Sylvain-Larrat-et-Sebastien-Gardon.mp4\" target=\"_blank\" rel=\"noopener\">Comment gouverner et maitriser les enjeux sanitaires dans les espaces prot\u00e9g\u00e9s<\/a> &#8211; Sylvain Larrat et S\u00e9bastien Gardon<\/li><li><a href=\"\/wp-content\/uploads\/2021\/03\/La-validation-de-methodes-analytiques-point-de-depart-de-la-demarche-qualite-au-laboratoire-Valentin-Bondoux.mp4\" target=\"_blank\" rel=\"noopener\">La validation de m\u00e9thodes analytiques, point de d\u00e9part de la d\u00e9marche qualit\u00e9 au laboratoire<\/a> &#8211; Valentin Bondoux<\/li><li><a href=\"\/wp-content\/uploads\/2021\/03\/La-faune-sauvage-sentinelle-des-contaminations-chimiques-Philippe-Berny.mp4\" target=\"_blank\" rel=\"noopener\">La faune sauvage, sentinelle des contaminations chimiques<\/a> &#8211; Philippe Berny<\/li><li><a href=\"\/wp-content\/uploads\/2021\/03\/Le-laboratoire-de-parasitologie-apports-dans-letude-des-maladies-des-animaux-sauvages-Lionnel-Zenner-et-Gilles-Bourgoin.mp4\" target=\"_blank\" rel=\"noopener\">Le laboratoire de parasitologie, apports dans l&rsquo;\u00e9tudes des maladies des animaux sauvages<\/a> &#8211; Lionnel Zenner et Gilles Bourgoin<\/li><li><a href=\"\/wp-content\/uploads\/2021\/03\/Lapport-des-analyses-anatomo-pathologiques-dans-letude-des-maladies-des-animaux-sauvages-Karin-Lemberger.mp4\" target=\"_blank\" rel=\"noopener\">L\u2019apport des analyses anatomo-pathologiques dans l\u2019\u00e9tude des maladies des animaux sauvages<\/a> &#8211; Karin Lemberger<\/li><li><a href=\"\/wp-content\/uploads\/2021\/03\/Presentation-de-la-future-salle-dautopsie-dediee-a-la-faune-sauvage-a-VetAgro-Sup-Julien-Hirschinger.mp4\" target=\"_blank\" rel=\"noopener\">Pr\u00e9sentation de la future salle d\u2019autopsie d\u00e9di\u00e9e \u00e0 la faune sauvage \u00e0 VetAgro Sup<\/a> &#8211; Julien Hirschinger<\/li><li><a href=\"\/wp-content\/uploads\/2021\/03\/Quel-modele-technico-economique-pour-une-maitrise-des-populations-de-campagnols-terrestres-Yves-Michelin.mp4\" target=\"_blank\" rel=\"noopener\">Quel mod\u00e8le technico-\u00e9conomique pour une ma\u00eetrise des populations de campagnols terrestres<\/a> &#8211; Yves Michelin<\/li><\/ul>\t\t\t\t\t\t\t\t<\/div>\n\t\t\t\t<\/div>\n\t\t\t\t\t<\/div>\n\t\t<\/div>\n\t\t\t\t\t<\/div>\n\t\t<\/section>\n\t\t\t\t<\/div>\n\t\t","protected":false},"excerpt":{"rendered":"<p>Journ\u00e9e du p\u00f4le 2024 Pr\u00e9sentation g\u00e9n\u00e9rale du p\u00f4le EVAAS et de son fonctionnement &#8211; Emmanuelle Gilot Remise en place d&rsquo;une formation dans les Parcs nationaux et espaces naturels prot\u00e9g\u00e9s : principes r\u00e9sultats et perspectives &#8211; Karin Lemberger Formation et sant\u00e9 de la faune sauvage : mise en situation d&rsquo;un jeu d&rsquo;acteur pour les \u00e9l\u00e8ves ISPV&#8230;<\/p>\n","protected":false},"author":1,"featured_media":0,"parent":0,"menu_order":0,"comment_status":"closed","ping_status":"closed","template":"","meta":{"_monsterinsights_skip_tracking":false,"_monsterinsights_sitenote_active":false,"_monsterinsights_sitenote_note":"","_monsterinsights_sitenote_category":0,"_uf_show_specific_survey":0,"_uf_disable_surveys":false,"footnotes":""},"class_list":["post-2186","page","type-page","status-publish","hentry"],"yoast_head":"<!-- This site is optimized with the Yoast SEO plugin v27.4 - https:\/\/yoast.com\/product\/yoast-seo-wordpress\/ -->\n<title>Journ\u00e9es du P\u00f4le EVAAS - EVAAS<\/title>\n<meta name=\"robots\" content=\"index, follow, max-snippet:-1, max-image-preview:large, max-video-preview:-1\" \/>\n<link rel=\"canonical\" href=\"http:\/\/evaas.vetagro-sup.fr\/index.php\/communication-journees-du-pole-evaas\/\" \/>\n<meta property=\"og:locale\" content=\"fr_FR\" \/>\n<meta property=\"og:type\" content=\"article\" \/>\n<meta property=\"og:title\" content=\"Journ\u00e9es du P\u00f4le EVAAS - EVAAS\" \/>\n<meta property=\"og:description\" content=\"Journ\u00e9e du p\u00f4le 2024 Pr\u00e9sentation g\u00e9n\u00e9rale du p\u00f4le EVAAS et de son fonctionnement &#8211; Emmanuelle Gilot Remise en place d&rsquo;une formation dans les Parcs nationaux et espaces naturels prot\u00e9g\u00e9s : principes r\u00e9sultats et perspectives &#8211; Karin Lemberger Formation et sant\u00e9 de la faune sauvage : mise en situation d&rsquo;un jeu d&rsquo;acteur pour les \u00e9l\u00e8ves ISPV&#8230;\" \/>\n<meta property=\"og:url\" content=\"http:\/\/evaas.vetagro-sup.fr\/index.php\/communication-journees-du-pole-evaas\/\" \/>\n<meta property=\"og:site_name\" content=\"EVAAS\" \/>\n<meta property=\"article:modified_time\" content=\"2025-07-30T11:06:51+00:00\" \/>\n<meta name=\"twitter:card\" content=\"summary_large_image\" \/>\n<meta name=\"twitter:label1\" content=\"Dur\u00e9e de lecture estim\u00e9e\" \/>\n\t<meta name=\"twitter:data1\" content=\"1 minute\" \/>\n<script type=\"application\/ld+json\" class=\"yoast-schema-graph\">{\"@context\":\"https:\\\/\\\/schema.org\",\"@graph\":[{\"@type\":\"WebPage\",\"@id\":\"http:\\\/\\\/evaas.vetagro-sup.fr\\\/index.php\\\/communication-journees-du-pole-evaas\\\/\",\"url\":\"http:\\\/\\\/evaas.vetagro-sup.fr\\\/index.php\\\/communication-journees-du-pole-evaas\\\/\",\"name\":\"Journ\u00e9es du P\u00f4le EVAAS - EVAAS\",\"isPartOf\":{\"@id\":\"http:\\\/\\\/evaas.vetagro-sup.fr\\\/#website\"},\"datePublished\":\"2021-04-19T14:17:25+00:00\",\"dateModified\":\"2025-07-30T11:06:51+00:00\",\"breadcrumb\":{\"@id\":\"http:\\\/\\\/evaas.vetagro-sup.fr\\\/index.php\\\/communication-journees-du-pole-evaas\\\/#breadcrumb\"},\"inLanguage\":\"fr-FR\",\"potentialAction\":[{\"@type\":\"ReadAction\",\"target\":[\"http:\\\/\\\/evaas.vetagro-sup.fr\\\/index.php\\\/communication-journees-du-pole-evaas\\\/\"]}]},{\"@type\":\"BreadcrumbList\",\"@id\":\"http:\\\/\\\/evaas.vetagro-sup.fr\\\/index.php\\\/communication-journees-du-pole-evaas\\\/#breadcrumb\",\"itemListElement\":[{\"@type\":\"ListItem\",\"position\":1,\"name\":\"Accueil\",\"item\":\"http:\\\/\\\/evaas.vetagro-sup.fr\\\/\"},{\"@type\":\"ListItem\",\"position\":2,\"name\":\"Journ\u00e9es du P\u00f4le EVAAS\"}]},{\"@type\":\"WebSite\",\"@id\":\"http:\\\/\\\/evaas.vetagro-sup.fr\\\/#website\",\"url\":\"http:\\\/\\\/evaas.vetagro-sup.fr\\\/\",\"name\":\"EVAAS\",\"description\":\"Expertise scientifique collective multidisciplinaire en sant\u00e9 de la faune sauvage\",\"publisher\":{\"@id\":\"http:\\\/\\\/evaas.vetagro-sup.fr\\\/#organization\"},\"potentialAction\":[{\"@type\":\"SearchAction\",\"target\":{\"@type\":\"EntryPoint\",\"urlTemplate\":\"http:\\\/\\\/evaas.vetagro-sup.fr\\\/?s={search_term_string}\"},\"query-input\":{\"@type\":\"PropertyValueSpecification\",\"valueRequired\":true,\"valueName\":\"search_term_string\"}}],\"inLanguage\":\"fr-FR\"},{\"@type\":\"Organization\",\"@id\":\"http:\\\/\\\/evaas.vetagro-sup.fr\\\/#organization\",\"name\":\"P\u00f4le EVAAS\",\"url\":\"http:\\\/\\\/evaas.vetagro-sup.fr\\\/\",\"logo\":{\"@type\":\"ImageObject\",\"inLanguage\":\"fr-FR\",\"@id\":\"http:\\\/\\\/evaas.vetagro-sup.fr\\\/#\\\/schema\\\/logo\\\/image\\\/\",\"url\":\"http:\\\/\\\/evaas.vetagro-sup.fr\\\/wp-content\\\/uploads\\\/2018\\\/10\\\/logo_EVAAS_ecran_sans_fond-e1539174118936.png\",\"contentUrl\":\"http:\\\/\\\/evaas.vetagro-sup.fr\\\/wp-content\\\/uploads\\\/2018\\\/10\\\/logo_EVAAS_ecran_sans_fond-e1539174118936.png\",\"width\":387,\"height\":150,\"caption\":\"P\u00f4le EVAAS\"},\"image\":{\"@id\":\"http:\\\/\\\/evaas.vetagro-sup.fr\\\/#\\\/schema\\\/logo\\\/image\\\/\"}}]}<\/script>\n<!-- \/ Yoast SEO plugin. -->","yoast_head_json":{"title":"Journ\u00e9es du P\u00f4le EVAAS - EVAAS","robots":{"index":"index","follow":"follow","max-snippet":"max-snippet:-1","max-image-preview":"max-image-preview:large","max-video-preview":"max-video-preview:-1"},"canonical":"http:\/\/evaas.vetagro-sup.fr\/index.php\/communication-journees-du-pole-evaas\/","og_locale":"fr_FR","og_type":"article","og_title":"Journ\u00e9es du P\u00f4le EVAAS - EVAAS","og_description":"Journ\u00e9e du p\u00f4le 2024 Pr\u00e9sentation g\u00e9n\u00e9rale du p\u00f4le EVAAS et de son fonctionnement &#8211; Emmanuelle Gilot Remise en place d&rsquo;une formation dans les Parcs nationaux et espaces naturels prot\u00e9g\u00e9s : principes r\u00e9sultats et perspectives &#8211; Karin Lemberger Formation et sant\u00e9 de la faune sauvage : mise en situation d&rsquo;un jeu d&rsquo;acteur pour les \u00e9l\u00e8ves ISPV&#8230;","og_url":"http:\/\/evaas.vetagro-sup.fr\/index.php\/communication-journees-du-pole-evaas\/","og_site_name":"EVAAS","article_modified_time":"2025-07-30T11:06:51+00:00","twitter_card":"summary_large_image","twitter_misc":{"Dur\u00e9e de lecture estim\u00e9e":"1 minute"},"schema":{"@context":"https:\/\/schema.org","@graph":[{"@type":"WebPage","@id":"http:\/\/evaas.vetagro-sup.fr\/index.php\/communication-journees-du-pole-evaas\/","url":"http:\/\/evaas.vetagro-sup.fr\/index.php\/communication-journees-du-pole-evaas\/","name":"Journ\u00e9es du P\u00f4le EVAAS - EVAAS","isPartOf":{"@id":"http:\/\/evaas.vetagro-sup.fr\/#website"},"datePublished":"2021-04-19T14:17:25+00:00","dateModified":"2025-07-30T11:06:51+00:00","breadcrumb":{"@id":"http:\/\/evaas.vetagro-sup.fr\/index.php\/communication-journees-du-pole-evaas\/#breadcrumb"},"inLanguage":"fr-FR","potentialAction":[{"@type":"ReadAction","target":["http:\/\/evaas.vetagro-sup.fr\/index.php\/communication-journees-du-pole-evaas\/"]}]},{"@type":"BreadcrumbList","@id":"http:\/\/evaas.vetagro-sup.fr\/index.php\/communication-journees-du-pole-evaas\/#breadcrumb","itemListElement":[{"@type":"ListItem","position":1,"name":"Accueil","item":"http:\/\/evaas.vetagro-sup.fr\/"},{"@type":"ListItem","position":2,"name":"Journ\u00e9es du P\u00f4le EVAAS"}]},{"@type":"WebSite","@id":"http:\/\/evaas.vetagro-sup.fr\/#website","url":"http:\/\/evaas.vetagro-sup.fr\/","name":"EVAAS","description":"Expertise scientifique collective multidisciplinaire en sant\u00e9 de la faune sauvage","publisher":{"@id":"http:\/\/evaas.vetagro-sup.fr\/#organization"},"potentialAction":[{"@type":"SearchAction","target":{"@type":"EntryPoint","urlTemplate":"http:\/\/evaas.vetagro-sup.fr\/?s={search_term_string}"},"query-input":{"@type":"PropertyValueSpecification","valueRequired":true,"valueName":"search_term_string"}}],"inLanguage":"fr-FR"},{"@type":"Organization","@id":"http:\/\/evaas.vetagro-sup.fr\/#organization","name":"P\u00f4le EVAAS","url":"http:\/\/evaas.vetagro-sup.fr\/","logo":{"@type":"ImageObject","inLanguage":"fr-FR","@id":"http:\/\/evaas.vetagro-sup.fr\/#\/schema\/logo\/image\/","url":"http:\/\/evaas.vetagro-sup.fr\/wp-content\/uploads\/2018\/10\/logo_EVAAS_ecran_sans_fond-e1539174118936.png","contentUrl":"http:\/\/evaas.vetagro-sup.fr\/wp-content\/uploads\/2018\/10\/logo_EVAAS_ecran_sans_fond-e1539174118936.png","width":387,"height":150,"caption":"P\u00f4le EVAAS"},"image":{"@id":"http:\/\/evaas.vetagro-sup.fr\/#\/schema\/logo\/image\/"}}]}},"_links":{"self":[{"href":"http:\/\/evaas.vetagro-sup.fr\/index.php\/wp-json\/wp\/v2\/pages\/2186","targetHints":{"allow":["GET"]}}],"collection":[{"href":"http:\/\/evaas.vetagro-sup.fr\/index.php\/wp-json\/wp\/v2\/pages"}],"about":[{"href":"http:\/\/evaas.vetagro-sup.fr\/index.php\/wp-json\/wp\/v2\/types\/page"}],"author":[{"embeddable":true,"href":"http:\/\/evaas.vetagro-sup.fr\/index.php\/wp-json\/wp\/v2\/users\/1"}],"replies":[{"embeddable":true,"href":"http:\/\/evaas.vetagro-sup.fr\/index.php\/wp-json\/wp\/v2\/comments?post=2186"}],"version-history":[{"count":53,"href":"http:\/\/evaas.vetagro-sup.fr\/index.php\/wp-json\/wp\/v2\/pages\/2186\/revisions"}],"predecessor-version":[{"id":3196,"href":"http:\/\/evaas.vetagro-sup.fr\/index.php\/wp-json\/wp\/v2\/pages\/2186\/revisions\/3196"}],"wp:attachment":[{"href":"http:\/\/evaas.vetagro-sup.fr\/index.php\/wp-json\/wp\/v2\/media?parent=2186"}],"curies":[{"name":"wp","href":"https:\/\/api.w.org\/{rel}","templated":true}]}}